{"id":223,"date":"2021-03-03T14:21:08","date_gmt":"2021-03-03T14:21:08","guid":{"rendered":"http:\/\/ai4s.blogs.upv.es\/?page_id=223"},"modified":"2025-12-17T15:56:28","modified_gmt":"2025-12-17T15:56:28","slug":"oa_mmff_adi","status":"publish","type":"page","link":"https:\/\/ai4s.blogs.upv.es\/?page_id=223","title":{"rendered":"Ecuaciones fundamentales"},"content":{"rendered":"<ol>\n<li><a href=\"https:\/\/polimedia upv es\/visor\/?id=c51f35b6-84b5-0b4c-8664-59e0a0a142d2\"><em><strong>El teorema de arrastre de Reynolds <\/strong><\/em><\/a><\/li>\n<li><a href=\"http:\/\/hdl.handle.net\/10251\/29997\"><em><strong>Las ecuaciones fundamentales de instalaciones hidr\u00e1ulicas <\/strong><\/em><\/a><\/li>\n<\/ol>\n<p><span style=\"color: #0000ff\"><strong><em>Ecuaci\u00f3n de Conservaci\u00f3n de Masa<\/em><\/strong><\/span><\/p>\n<ol>\n<li><strong><em><a href=\"http:\/\/hdl.handle.net\/10251\/158541\">An\u00e1lisis din\u00e1mica Integral. Ecuaci\u00f3n de conservaci\u00f3n de la masa<\/a>\u00a0<\/em><\/strong><\/li>\n<li><a href=\"http:\/\/hdl.handle.net\/10251\/158421\"><strong><em>Ecuaci\u00f3n de conservaci\u00f3n de la masa. Conducciones\u00a0<\/em><\/strong><\/a><\/li>\n<li><strong><em><a href=\"http:\/\/hdl.handle.net\/10251\/158719\">Ecuaci\u00f3n de conservaci\u00f3n de masa. Dep\u00f3sitos atmosf\u00e9ricos<\/a>\u00a0<\/em><\/strong><\/li>\n<li><strong><em><a href=\"http:\/\/hdl.handle.net\/10251\/158535\">Ecuaci\u00f3n de conservaci\u00f3n de masa. Dep\u00f3sitos presurizados con fluido compresible<\/a>\u00a0<\/em><\/strong><\/li>\n<li><a href=\"http:\/\/hdl.handle.net\/10251\/158447\"><strong><em>Ecuaci\u00f3n de conservaci\u00f3n de masa. Dep\u00f3sitos presurizados con fluido compresible e incompresible\u00a0<\/em><\/strong><\/a><\/li>\n<\/ol>\n<p><span style=\"color: #0000ff\"><strong><em>Ecuaci\u00f3n de Conservaci\u00f3n de la Energ\u00eda. Ecuaci\u00f3n de Bernoulli<\/em><\/strong><\/span><\/p>\n<ol>\n<li><a href=\"http:\/\/hdl.handle.net\/10251\/158423\"><strong><em>An\u00e1lisis din\u00e1mica integral. Ecuaci\u00f3n conservaci\u00f3n de la energ\u00eda\u00a0<\/em><\/strong><\/a><\/li>\n<li><strong><em><a href=\"http:\/\/hdl.handle.net\/10251\/158457\">Ecuaci\u00f3n de Euler y Bernoulli<\/a>\u00a0<\/em><\/strong><\/li>\n<li><strong><em><a href=\"https:\/\/polimedia upv es\/visor\/?id=4a4976d6-7244-694b-8f5a-9a9351a5f1e0\">La ecuaci\u00f3n de Bernoulli <\/a><\/em><\/strong><\/li>\n<li><strong><em><a href=\"http:\/\/hdl.handle.net\/10251\/158536\">Comparativa entre la ecuaci\u00f3n de la energ\u00eda y la ecuaci\u00f3n de Bernoulli<\/a>\u00a0<\/em><\/strong><\/li>\n<li><strong><em><a href=\"http:\/\/hdl.handle.net\/10251\/160637\">Aplicaci\u00f3n de la ecuaci\u00f3n de Bernoulli. Casos de estudio<\/a>\u00a0<\/em><\/strong><\/li>\n<li><a href=\"http:\/\/hdl.handle.net\/10251\/160630\"><strong><em>Aplicaci\u00f3n de la ecuaci\u00f3n de Bernoulli. Venturi\u00a0<\/em><\/strong><\/a><\/li>\n<\/ol>\n<p><span style=\"color: #0000ff\"><strong><em>Ecuaci\u00f3n de Conservaci\u00f3n de Cantidad de Movimiento<\/em><\/strong><\/span><\/p>\n<ol>\n<li><strong><em><a href=\"http:\/\/hdl.handle.net\/10251\/160633\">An\u00e1lisis din\u00e1mica integral.\u00a0 Ecuaci\u00f3n conservaci\u00f3n de cantidad de movimiento<\/a>\u00a0<\/em><\/strong><\/li>\n<\/ol>\n<p><span style=\"color: #0000ff\"><strong><em>Ecuaci\u00f3n de Conservaci\u00f3n del Momento Cin\u00e9tico<\/em><\/strong><\/span><\/p>\n<ol>\n<li><a href=\"http:\/\/hdl.handle.net\/10251\/160635\"><strong><em>An\u00e1lisis din\u00e1mica integral.\u00a0 Ecuaci\u00f3n conservaci\u00f3n de momento cin\u00e9tico <\/em><\/strong><\/a><\/li>\n<\/ol>\n<p><!--themify_builder_static--><!--\/themify_builder_static--><\/p>\n","protected":false},"excerpt":{"rendered":"<p>El teorema de arrastre de Reynolds Las ecuaciones fundamentales de instalaciones hidr\u00e1ulicas Ecuaci\u00f3n de Conservaci\u00f3n de Masa An\u00e1lisis din\u00e1mica Integral. Ecuaci\u00f3n de conservaci\u00f3n de la masa\u00a0 Ecuaci\u00f3n de conservaci\u00f3n de la masa. Conducciones\u00a0 Ecuaci\u00f3n de conservaci\u00f3n de masa. Dep\u00f3sitos atmosf\u00e9ricos\u00a0 Ecuaci\u00f3n de conservaci\u00f3n de masa. Dep\u00f3sitos presurizados con fluido compresible\u00a0 Ecuaci\u00f3n de conservaci\u00f3n de masa. [&hellip;]<\/p>\n","protected":false},"author":35003,"featured_media":0,"parent":199,"menu_order":0,"comment_status":"closed","ping_status":"closed","template":"","meta":{"om_disable_all_campaigns":false,"_monsterinsights_skip_tracking":false,"_monsterinsights_sitenote_active":false,"_monsterinsights_sitenote_note":"","_monsterinsights_sitenote_category":0,"footnotes":""},"class_list":["post-223","page","type-page","status-publish","hentry","has-post-title","has-post-date","has-post-category","has-post-tag","has-post-comment","has-post-author",""],"_links":{"self":[{"href":"https:\/\/ai4s.blogs.upv.es\/index.php?rest_route=\/wp\/v2\/pages\/223","targetHints":{"allow":["GET"]}}],"collection":[{"href":"https:\/\/ai4s.blogs.upv.es\/index.php?rest_route=\/wp\/v2\/pages"}],"about":[{"href":"https:\/\/ai4s.blogs.upv.es\/index.php?rest_route=\/wp\/v2\/types\/page"}],"author":[{"embeddable":true,"href":"https:\/\/ai4s.blogs.upv.es\/index.php?rest_route=\/wp\/v2\/users\/35003"}],"replies":[{"embeddable":true,"href":"https:\/\/ai4s.blogs.upv.es\/index.php?rest_route=%2Fwp%2Fv2%2Fcomments&post=223"}],"version-history":[{"count":4,"href":"https:\/\/ai4s.blogs.upv.es\/index.php?rest_route=\/wp\/v2\/pages\/223\/revisions"}],"predecessor-version":[{"id":6286,"href":"https:\/\/ai4s.blogs.upv.es\/index.php?rest_route=\/wp\/v2\/pages\/223\/revisions\/6286"}],"up":[{"embeddable":true,"href":"https:\/\/ai4s.blogs.upv.es\/index.php?rest_route=\/wp\/v2\/pages\/199"}],"wp:attachment":[{"href":"https:\/\/ai4s.blogs.upv.es\/index.php?rest_route=%2Fwp%2Fv2%2Fmedia&parent=223"}],"curies":[{"name":"wp","href":"https:\/\/api.w.org\/{rel}","templated":true}]}}