{"id":2416,"date":"2025-12-09T12:31:54","date_gmt":"2025-12-09T12:31:54","guid":{"rendered":"http:\/\/ai4s.blogs.upv.es\/?page_id=2416"},"modified":"2025-12-17T13:30:11","modified_gmt":"2025-12-17T13:30:11","slug":"personas-en-el-dihma","status":"publish","type":"page","link":"https:\/\/ai4s.blogs.upv.es\/?page_id=2416","title":{"rendered":"Personas en el DIHMA"},"content":{"rendered":"<h2>Equipo de Investigaci\u00f3n en DIHMA<\/h2>\r\n<!-- \/wp:post-content -->\r\n\r\n<!-- wp:heading {\"level\":4} -->\r\n<h4><a href=\"http:\/\/www.upv.es\/ficha-personal\/palopez\">P. Amparo L\u00f3pez-Jim\u00e9nez<\/a><\/h4>\r\n<!-- \/wp:heading -->\r\n\r\n<!-- wp:image {\"id\":91,\"width\":233,\"height\":236,\"sizeSlug\":\"large\",\"linkDestination\":\"none\"} \/-->\r\n\r\n<!-- wp:paragraph -->\r\n<p>P<strong><em>. Amparo\u00a0<\/em><\/strong><a href=\"http:\/\/www.upv.es\/ficha-personal\/palopez\"><img loading=\"lazy\" decoding=\"async\" class=\"wp-image-91 alignleft\" src=\"https:\/\/ai4s.blogs.upv.es\/wp-content\/uploads\/2021\/03\/PALJ.jpg\" alt=\"\" width=\"120\" height=\"122\" \/><\/a><strong><em>L\u00f3pez Jim\u00e9nez <\/em><\/strong>es Doctora Ingeniera Industrial en Ingenier\u00eda Hidr\u00e1ulica y Medio Ambiente por la Universitat Polit\u00e8cnica de Val\u00e8ncia (Espa\u00f1a). Actualmente, es Catedr\u00e1tica de Universidad en el Departamento de Ingenier\u00eda Hidr\u00e1ulica y Medio Ambiente (DIHMA), del que es directora. Desarrolla su docencia en investigaci\u00f3n en el \u00e1rea de Ingenier\u00eda Hidr\u00e1ulica, desde 1995. Actualmente, cuenta con un total de m\u00e1s de 60 participaciones art\u00edculos indexados, as\u00ed como congresos internacionales y nacionales en el \u00e1mbito de la investigaci\u00f3n en aspectos de modelaci\u00f3n de mec\u00e1nica y transporte de fluidos y maquinaria hidr\u00e1ulica. En docencia, tiene diferentes publicaciones indexadas en revistas internacionales relacionadas con el \u00e1rea de ingenier\u00eda hidr\u00e1ulica y mec\u00e1nica de fluidos, as\u00ed como publicaciones en congresos nacionales e internacionales, con la puesta en marcha de proyectos de innovaci\u00f3n educativa en su \u00e1rea.<\/p>\r\n<!-- \/wp:paragraph -->\r\n\r\n<!-- wp:heading {\"level\":4} -->\r\n<h4><a href=\"http:\/\/www.upv.es\/ficha-personal\/mopesan1\"><em>Modesto P\u00e9rez-S\u00e1nchez<\/em><\/a><\/h4>\r\n<!-- \/wp:heading -->\r\n\r\n<!-- wp:image {\"id\":94,\"sizeSlug\":\"large\",\"linkDestination\":\"none\"} \/-->\r\n\r\n<!-- wp:paragraph -->\r\n<p><a href=\"http:\/\/www.upv.es\/ficha-personal\/mopesan1\"><img loading=\"lazy\" decoding=\"async\" class=\"wp-image-94 alignleft\" src=\"https:\/\/ai4s.blogs.upv.es\/wp-content\/uploads\/2021\/03\/mps.jpg\" alt=\"\" width=\"120\" height=\"150\" \/><\/a><\/p>\r\n<p><strong><em>Modesto P\u00e9rez-S\u00e1nchez<\/em><\/strong> es Doctor en Ingenier\u00eda Hidr\u00e1ulica y Medio Ambiente por la Universitat Polit\u00e8cnica de Val\u00e8ncia (Espa\u00f1a). Actualmente, es profesor en el Departamento de Ingenier\u00eda Hidr\u00e1ulica y Medio Ambiente (DIHMA) dentro del \u00e1rea de Ingenier\u00eda Hidr\u00e1ulica, \u00e1rea donde desarrolla su labor investigadora desde 2014. Actualmente, cuenta con un total de m\u00e1s de 30 participaciones art\u00edculos indexados, as\u00ed como congresos internacionales y nacionales. \u00a0En docencia, tiene diferentes publicaciones indexadas en revistas internacionales relacionadas con el \u00e1rea de ingenier\u00eda hidr\u00e1ulica, as\u00ed como publicaciones en congresos nacionales e internacionales, dentro del desarrollo de proyectos de innovaci\u00f3n educativa en el \u00e1rea de ingenier\u00eda hidr\u00e1ulica.<\/p>\r\n<!-- \/wp:paragraph -->\r\n\r\n<!-- wp:heading -->\r\n<p>&nbsp;<\/p>\n\n<!--themify_builder_static--><!--\/themify_builder_static-->","protected":false},"excerpt":{"rendered":"<p>Equipo de Investigaci\u00f3n en DIHMA P. Amparo L\u00f3pez-Jim\u00e9nez P. Amparo\u00a0L\u00f3pez Jim\u00e9nez es Doctora Ingeniera Industrial en Ingenier\u00eda Hidr\u00e1ulica y Medio Ambiente por la Universitat Polit\u00e8cnica de Val\u00e8ncia (Espa\u00f1a). Actualmente, es Catedr\u00e1tica de Universidad en el Departamento de Ingenier\u00eda Hidr\u00e1ulica y Medio Ambiente (DIHMA), del que es directora. Desarrolla su docencia en investigaci\u00f3n en el \u00e1rea [&hellip;]<\/p>\n","protected":false},"author":35003,"featured_media":0,"parent":4,"menu_order":1,"comment_status":"closed","ping_status":"closed","template":"","meta":{"om_disable_all_campaigns":false,"_monsterinsights_skip_tracking":false,"_monsterinsights_sitenote_active":false,"_monsterinsights_sitenote_note":"","_monsterinsights_sitenote_category":0,"footnotes":""},"class_list":["post-2416","page","type-page","status-publish","hentry","has-post-title","has-post-date","has-post-category","has-post-tag","has-post-comment","has-post-author",""],"_links":{"self":[{"href":"https:\/\/ai4s.blogs.upv.es\/index.php?rest_route=\/wp\/v2\/pages\/2416","targetHints":{"allow":["GET"]}}],"collection":[{"href":"https:\/\/ai4s.blogs.upv.es\/index.php?rest_route=\/wp\/v2\/pages"}],"about":[{"href":"https:\/\/ai4s.blogs.upv.es\/index.php?rest_route=\/wp\/v2\/types\/page"}],"author":[{"embeddable":true,"href":"https:\/\/ai4s.blogs.upv.es\/index.php?rest_route=\/wp\/v2\/users\/35003"}],"replies":[{"embeddable":true,"href":"https:\/\/ai4s.blogs.upv.es\/index.php?rest_route=%2Fwp%2Fv2%2Fcomments&post=2416"}],"version-history":[{"count":2,"href":"https:\/\/ai4s.blogs.upv.es\/index.php?rest_route=\/wp\/v2\/pages\/2416\/revisions"}],"predecessor-version":[{"id":6026,"href":"https:\/\/ai4s.blogs.upv.es\/index.php?rest_route=\/wp\/v2\/pages\/2416\/revisions\/6026"}],"up":[{"embeddable":true,"href":"https:\/\/ai4s.blogs.upv.es\/index.php?rest_route=\/wp\/v2\/pages\/4"}],"wp:attachment":[{"href":"https:\/\/ai4s.blogs.upv.es\/index.php?rest_route=%2Fwp%2Fv2%2Fmedia&parent=2416"}],"curies":[{"name":"wp","href":"https:\/\/api.w.org\/{rel}","templated":true}]}}