{"id":2491,"date":"2025-12-09T12:31:53","date_gmt":"2025-12-09T12:31:53","guid":{"rendered":"http:\/\/ai4s.blogs.upv.es\/?page_id=2491"},"modified":"2025-12-20T10:36:29","modified_gmt":"2025-12-20T10:36:29","slug":"ais","status":"publish","type":"page","link":"https:\/\/ai4s.blogs.upv.es\/","title":{"rendered":"AI&amp;S"},"content":{"rendered":"<div><\/div>\n<div style=\"text-align: center\"><strong style=\"font-size: 14pt\"><em>Agua, Ingenier\u00eda &amp; Sostenibilidad<\/em><\/strong><\/div>\n<div><\/div>\n<div>\n<div style=\"text-align: left\"><span style=\"font-size: 12pt\">El agua es esencial para la civilizaci\u00f3n y su gesti\u00f3n eficiente una constante vital para nuestro grupo de investigaci\u00f3n. Las interacciones entre agua, energ\u00eda y sostenibilidad, no son un fin en s\u00ed mismas; son s\u00f3lo una parte del desarrollo sostenible. Sin un dise\u00f1o adecuado de la distribuci\u00f3n de agua y la recolecci\u00f3n de aguas residuales, no se puede lograr la sostenibilidad con respecto al agua. La distribuci\u00f3n inadecuada del agua utilizar\u00e1 energ\u00eda innecesariamente y causar\u00e1 una p\u00e9rdida de agua. La recolecci\u00f3n inadecuada de aguas residuales provocar\u00e1 fugas e intrusiones. La gesti\u00f3n ineficiente de las redes afectar\u00e1 a su calidad y a los consumidores. Agua, ingenier\u00eda y sostenibilidad est\u00e1n vinculados por los Objetivos de Desarrollo Sostenible y son las metas a conseguir cada d\u00eda.<\/span><\/div>\n<\/div>\n<div><\/div>\n<p><!--themify_builder_static--><\/p>\n<div class=\"post-video\"><iframe loading=\"lazy\" title=\"Transferencia I+D+i UPV. Vertido Cero .  Generalitat Valenciana y Tragsatec\" width=\"1165\" height=\"655\" src=\"https:\/\/www.youtube.com\/embed\/oPEq7gq0fWA?feature=oembed\" frameborder=\"0\" allow=\"accelerometer; autoplay; clipboard-write; encrypted-media; gyroscope; picture-in-picture; web-share\" referrerpolicy=\"strict-origin-when-cross-origin\" allowfullscreen><\/iframe><\/div>\n<p><!--\/themify_builder_static--><\/p>\n","protected":false},"excerpt":{"rendered":"<p>Agua, Ingenier\u00eda &amp; Sostenibilidad El agua es esencial para la civilizaci\u00f3n y su gesti\u00f3n eficiente una constante vital para nuestro grupo de investigaci\u00f3n. Las interacciones entre agua, energ\u00eda y sostenibilidad, no son un fin en s\u00ed mismas; son s\u00f3lo una parte del desarrollo sostenible. Sin un dise\u00f1o adecuado de la distribuci\u00f3n de agua y la [&hellip;]<\/p>\n","protected":false},"author":35003,"featured_media":0,"parent":0,"menu_order":0,"comment_status":"closed","ping_status":"closed","template":"","meta":{"om_disable_all_campaigns":false,"_monsterinsights_skip_tracking":false,"_monsterinsights_sitenote_active":false,"_monsterinsights_sitenote_note":"","_monsterinsights_sitenote_category":0,"footnotes":""},"class_list":["post-2491","page","type-page","status-publish","hentry","has-post-title","has-post-date","has-post-category","has-post-tag","has-post-comment","has-post-author",""],"_links":{"self":[{"href":"https:\/\/ai4s.blogs.upv.es\/index.php?rest_route=\/wp\/v2\/pages\/2491","targetHints":{"allow":["GET"]}}],"collection":[{"href":"https:\/\/ai4s.blogs.upv.es\/index.php?rest_route=\/wp\/v2\/pages"}],"about":[{"href":"https:\/\/ai4s.blogs.upv.es\/index.php?rest_route=\/wp\/v2\/types\/page"}],"author":[{"embeddable":true,"href":"https:\/\/ai4s.blogs.upv.es\/index.php?rest_route=\/wp\/v2\/users\/35003"}],"replies":[{"embeddable":true,"href":"https:\/\/ai4s.blogs.upv.es\/index.php?rest_route=%2Fwp%2Fv2%2Fcomments&post=2491"}],"version-history":[{"count":5,"href":"https:\/\/ai4s.blogs.upv.es\/index.php?rest_route=\/wp\/v2\/pages\/2491\/revisions"}],"predecessor-version":[{"id":6318,"href":"https:\/\/ai4s.blogs.upv.es\/index.php?rest_route=\/wp\/v2\/pages\/2491\/revisions\/6318"}],"wp:attachment":[{"href":"https:\/\/ai4s.blogs.upv.es\/index.php?rest_route=%2Fwp%2Fv2%2Fmedia&parent=2491"}],"curies":[{"name":"wp","href":"https:\/\/api.w.org\/{rel}","templated":true}]}}