{"id":2731,"date":"2021-03-05T11:20:43","date_gmt":"2021-03-05T11:20:43","guid":{"rendered":"http:\/\/ai4s.blogs.upv.es\/docencia\/objetos-de-aprendizaje-mecanica-de-fluidos-copy\/"},"modified":"2025-12-20T10:24:38","modified_gmt":"2025-12-20T10:24:38","slug":"objetos-de-aprendizaje-mmhh","status":"publish","type":"page","link":"https:\/\/ai4s.blogs.upv.es\/?page_id=2731","title":{"rendered":"Maquinas Hidr\u00e1ulicas"},"content":{"rendered":"<p>Link Serie Tem\u00e1tica (Todos). <a href=\"https:\/\/www.youtube.com\/watch?v=1bXJpLh_WjE&amp;list=PL6kQim6ljTJsjbFAvXNlB9kpvGnJRalwQ\">M\u00c1QUINAS HIDR\u00c1ULICAS<\/a><\/p>\n<p><!--themify_builder_static--><a href=\"https:\/\/ai4s.blogs.upv.es\/?page_id=2985\" > <img decoding=\"async\" src=\"https:\/\/ai4s.blogs.upv.es\/wp-content\/uploads\/2021\/03\/01_bom.png\" title=\"01_bom\" alt=\"M\u00e1quinas Hidr\u00e1ulicas. Clasificaci\u00f3n\"> <\/a> <\/p>\n<h3> <a href=\"https:\/\/ai4s.blogs.upv.es\/?page_id=2985\">M\u00e1quinas Hidr\u00e1ulicas. Clasificaci\u00f3n<\/a> <\/h3>\n<p><a href=\"https:\/\/ai4s.blogs.upv.es\/?page_id=3271\" > <img decoding=\"async\" src=\"https:\/\/ai4s.blogs.upv.es\/wp-content\/uploads\/2021\/03\/02_triang.png\" title=\"02_triang\" alt=\"Ecuaci\u00f3n Euler. Principios Generales\"> <\/a> <\/p>\n<h3> <a href=\"https:\/\/ai4s.blogs.upv.es\/?page_id=3271\">Ecuaci\u00f3n Euler. Principios Generales<\/a> <\/h3>\n<p><a href=\"https:\/\/ai4s.blogs.upv.es\/?page_id=3018\" target=\"_blank\" rel=\"noopener\"> <img decoding=\"async\" src=\"https:\/\/ai4s.blogs.upv.es\/wp-content\/uploads\/2021\/03\/03_turbin.png\" title=\"03_turbin\" alt=\"Generaci\u00f3n Hidroel\u00e9ctrica. Turbinas\"> <\/a> <\/p>\n<h3> <a href=\"https:\/\/ai4s.blogs.upv.es\/?page_id=3018\" target=\"_blank\" rel=\"noopener\">Generaci\u00f3n Hidroel\u00e9ctrica. Turbinas<\/a> <\/h3>\n<p><a href=\"https:\/\/ai4s.blogs.upv.es\/?page_id=3024\" > <img decoding=\"async\" src=\"https:\/\/ai4s.blogs.upv.es\/wp-content\/uploads\/2021\/03\/04_sel.png\" title=\"04_sel\" alt=\"Selecci\u00f3n de Bombas\"> <\/a> <\/p>\n<h3> <a href=\"https:\/\/ai4s.blogs.upv.es\/?page_id=3024\">Selecci\u00f3n de Bombas<\/a> <\/h3>\n<p><a href=\"https:\/\/ai4s.blogs.upv.es\/?page_id=3039\" > <img decoding=\"async\" src=\"https:\/\/ai4s.blogs.upv.es\/wp-content\/uploads\/2021\/03\/05_reg.png\" title=\"05_reg\" alt=\"Leyes de Semejanza. Regulaci\u00f3n de Bombas\"> <\/a> <\/p>\n<h3> <a href=\"https:\/\/ai4s.blogs.upv.es\/?page_id=3039\">Leyes de Semejanza. Regulaci\u00f3n de Bombas<\/a> <\/h3>\n<p><a href=\"https:\/\/ai4s.blogs.upv.es\/?page_id=3048\" > <img decoding=\"async\" src=\"https:\/\/ai4s.blogs.upv.es\/wp-content\/uploads\/2021\/03\/06_aso-1.png\" title=\"06_aso\" alt=\"Asociaci\u00f3n de Bombas\"> <\/a> <\/p>\n<h3> <a href=\"https:\/\/ai4s.blogs.upv.es\/?page_id=3048\">Asociaci\u00f3n de Bombas<\/a> <\/h3>\n<p><a href=\"https:\/\/ai4s.blogs.upv.es\/?page_id=3082\" > <img decoding=\"async\" src=\"https:\/\/ai4s.blogs.upv.es\/wp-content\/uploads\/2021\/03\/07_reg.png\" title=\"07_reg\" alt=\"Regulaci\u00f3n de Sistemas de Inyecci\u00f3n\"> <\/a> <\/p>\n<h3> <a href=\"https:\/\/ai4s.blogs.upv.es\/?page_id=3082\">Regulaci\u00f3n de Sistemas de Inyecci\u00f3n<\/a> <\/h3>\n<p><a href=\"https:\/\/ai4s.blogs.upv.es\/?page_id=3091\" > <img decoding=\"async\" src=\"https:\/\/ai4s.blogs.upv.es\/wp-content\/uploads\/2021\/03\/08_func.jpg\" title=\"08_func\" alt=\"Puesta en Marcha de Equipos de Inyecci\u00f3n\"> <\/a> <\/p>\n<h3> <a href=\"https:\/\/ai4s.blogs.upv.es\/?page_id=3091\">Puesta en Marcha de Equipos de Inyecci\u00f3n<\/a> <\/h3>\n<p><a href=\"https:\/\/ai4s.blogs.upv.es\/?page_id=3109\" > <img decoding=\"async\" src=\"https:\/\/ai4s.blogs.upv.es\/wp-content\/uploads\/2021\/03\/09_cav.png\" title=\"09_cav\" alt=\"Cavitaci\u00f3n en M\u00e1quinas Hidr\u00e1ulicas\"> <\/a> <\/p>\n<h3> <a href=\"https:\/\/ai4s.blogs.upv.es\/?page_id=3109\">Cavitaci\u00f3n en M\u00e1quinas Hidr\u00e1ulicas<\/a> <\/h3>\n<p><a href=\"https:\/\/ai4s.blogs.upv.es\/?page_id=3121\" > <img decoding=\"async\" src=\"https:\/\/ai4s.blogs.upv.es\/wp-content\/uploads\/2021\/03\/10_dp.png\" title=\"10_dp\" alt=\"M\u00e1quinas Hidr\u00e1ulicas de Desplazamiento Positivo\"> <\/a> <\/p>\n<h3> <a href=\"https:\/\/ai4s.blogs.upv.es\/?page_id=3121\">M\u00e1quinas Hidr\u00e1ulicas de Desplazamiento Positivo<\/a> <\/h3>\n<p><a href=\"https:\/\/ai4s.blogs.upv.es\/?page_id=5036\" > <img decoding=\"async\" src=\"https:\/\/ai4s.blogs.upv.es\/wp-content\/uploads\/2021\/03\/11_dp.png\" title=\"11_dp\" alt=\"Bomba operando como Turbina (PAT)\"> <\/a> <\/p>\n<h3> <a href=\"https:\/\/ai4s.blogs.upv.es\/?page_id=5036\">Bomba operando como Turbina (PAT)<\/a> <\/h3>\n<p><a href=\"https:\/\/ai4s.blogs.upv.es\/?page_id=3451\" > <img decoding=\"async\" src=\"https:\/\/ai4s.blogs.upv.es\/wp-content\/uploads\/2021\/03\/12_dp.png\" title=\"12_dp\" alt=\"Maquinas Hidr\u00e1ulicas. Otros\"> <\/a> <\/p>\n<h3> <a href=\"https:\/\/ai4s.blogs.upv.es\/?page_id=3451\">Maquinas Hidr\u00e1ulicas. Otros<\/a> <\/h3>\n<p><!--\/themify_builder_static--><\/p>\n","protected":false},"excerpt":{"rendered":"<p>Link Serie Tem\u00e1tica (Todos). M\u00c1QUINAS HIDR\u00c1ULICAS M\u00e1quinas Hidr\u00e1ulicas. Clasificaci\u00f3n Ecuaci\u00f3n Euler. Principios Generales Generaci\u00f3n Hidroel\u00e9ctrica. Turbinas Selecci\u00f3n de Bombas Leyes de Semejanza. Regulaci\u00f3n de Bombas Asociaci\u00f3n de Bombas Regulaci\u00f3n de Sistemas de Inyecci\u00f3n Puesta en Marcha de Equipos de Inyecci\u00f3n Cavitaci\u00f3n en M\u00e1quinas Hidr\u00e1ulicas M\u00e1quinas Hidr\u00e1ulicas de Desplazamiento Positivo Bomba operando como Turbina (PAT) Maquinas [&hellip;]<\/p>\n","protected":false},"author":35003,"featured_media":0,"parent":2569,"menu_order":0,"comment_status":"closed","ping_status":"closed","template":"","meta":{"om_disable_all_campaigns":false,"_monsterinsights_skip_tracking":false,"_monsterinsights_sitenote_active":false,"_monsterinsights_sitenote_note":"","_monsterinsights_sitenote_category":0,"footnotes":""},"class_list":["post-2731","page","type-page","status-publish","hentry","has-post-title","has-post-date","has-post-category","has-post-tag","has-post-comment","has-post-author",""],"_links":{"self":[{"href":"https:\/\/ai4s.blogs.upv.es\/index.php?rest_route=\/wp\/v2\/pages\/2731","targetHints":{"allow":["GET"]}}],"collection":[{"href":"https:\/\/ai4s.blogs.upv.es\/index.php?rest_route=\/wp\/v2\/pages"}],"about":[{"href":"https:\/\/ai4s.blogs.upv.es\/index.php?rest_route=\/wp\/v2\/types\/page"}],"author":[{"embeddable":true,"href":"https:\/\/ai4s.blogs.upv.es\/index.php?rest_route=\/wp\/v2\/users\/35003"}],"replies":[{"embeddable":true,"href":"https:\/\/ai4s.blogs.upv.es\/index.php?rest_route=%2Fwp%2Fv2%2Fcomments&post=2731"}],"version-history":[{"count":20,"href":"https:\/\/ai4s.blogs.upv.es\/index.php?rest_route=\/wp\/v2\/pages\/2731\/revisions"}],"predecessor-version":[{"id":6309,"href":"https:\/\/ai4s.blogs.upv.es\/index.php?rest_route=\/wp\/v2\/pages\/2731\/revisions\/6309"}],"up":[{"embeddable":true,"href":"https:\/\/ai4s.blogs.upv.es\/index.php?rest_route=\/wp\/v2\/pages\/2569"}],"wp:attachment":[{"href":"https:\/\/ai4s.blogs.upv.es\/index.php?rest_route=%2Fwp%2Fv2%2Fmedia&parent=2731"}],"curies":[{"name":"wp","href":"https:\/\/api.w.org\/{rel}","templated":true}]}}