{"id":286,"date":"2021-03-03T15:36:28","date_gmt":"2021-03-03T15:36:28","guid":{"rendered":"http:\/\/ai4s.blogs.upv.es\/?page_id=286"},"modified":"2025-12-09T13:30:33","modified_gmt":"2025-12-09T13:30:33","slug":"pf","status":"publish","type":"page","link":"https:\/\/ai4s.blogs.upv.es\/?page_id=286","title":{"rendered":"Propiedades de los Fluidos"},"content":{"rendered":"<p>&nbsp;<\/p>\n<ol>\n<li><a href=\"https:\/\/polimedia upv es\/visor\/?id=ae01c40a-aad3-e94f-ad0d-7e126990c3b2\">La hidr\u00e1ulica y la mec\u00e1nica de fluidos: historia, ciencia y t\u00e9cnica <\/a><\/li>\n<li><a href=\"http:\/\/hdl.handle.net\/10251\/16293\">Propiedades de los fluidos<\/a><\/li>\n<li><a href=\"http:\/\/hdl.handle.net\/10251\/30741\">Propiedades y magnitudes de los fluidos: el agua<\/a><\/li>\n<li><a href=\"http:\/\/hdl.handle.net\/10251\/199859\">Propiedades de los fluidos. Densidad<\/a><\/li>\n<li><a href=\"http:\/\/hdl.handle.net\/10251\/200473\">Propiedades de los fluidos. Peso espec\u00edfico\u00a0<\/a><\/li>\n<li><a href=\"http:\/\/hdl.handle.net\/10251\/199875\">Propiedades de los fluidos. Viscosidad<\/a><\/li>\n<li><a href=\"http:\/\/hdl.handle.net\/10251\/199871\">Propiedades de los fluidos. Medida de la viscosidad<\/a><\/li>\n<li><a href=\"http:\/\/hdl.handle.net\/10251\/199864\">Propiedades de los fluidos. Tipos de fluidos atendiendo a su viscosidad<\/a><\/li>\n<li><a href=\"http:\/\/hdl.handle.net\/10251\/199858\">Propiedades de los fluidos. Tensi\u00f3n superficial<\/a><\/li>\n<li><a href=\"http:\/\/hdl.handle.net\/10251\/200217\">Propiedades de los fluidos. Tensi\u00f3n de Vapor\u00a0<\/a><\/li>\n<\/ol>\n<p><!--themify_builder_static--><!--\/themify_builder_static--><\/p>\n","protected":false},"excerpt":{"rendered":"<p>&nbsp; La hidr\u00e1ulica y la mec\u00e1nica de fluidos: historia, ciencia y t\u00e9cnica Propiedades de los fluidos Propiedades y magnitudes de los fluidos: el agua Propiedades de los fluidos. Densidad Propiedades de los fluidos. Peso espec\u00edfico\u00a0 Propiedades de los fluidos. Viscosidad Propiedades de los fluidos. Medida de la viscosidad Propiedades de los fluidos. Tipos de fluidos [&hellip;]<\/p>\n","protected":false},"author":35003,"featured_media":0,"parent":199,"menu_order":0,"comment_status":"closed","ping_status":"closed","template":"","meta":{"om_disable_all_campaigns":false,"_monsterinsights_skip_tracking":false,"_monsterinsights_sitenote_active":false,"_monsterinsights_sitenote_note":"","_monsterinsights_sitenote_category":0,"footnotes":""},"class_list":["post-286","page","type-page","status-publish","hentry","has-post-title","has-post-date","has-post-category","has-post-tag","has-post-comment","has-post-author",""],"_links":{"self":[{"href":"https:\/\/ai4s.blogs.upv.es\/index.php?rest_route=\/wp\/v2\/pages\/286","targetHints":{"allow":["GET"]}}],"collection":[{"href":"https:\/\/ai4s.blogs.upv.es\/index.php?rest_route=\/wp\/v2\/pages"}],"about":[{"href":"https:\/\/ai4s.blogs.upv.es\/index.php?rest_route=\/wp\/v2\/types\/page"}],"author":[{"embeddable":true,"href":"https:\/\/ai4s.blogs.upv.es\/index.php?rest_route=\/wp\/v2\/users\/35003"}],"replies":[{"embeddable":true,"href":"https:\/\/ai4s.blogs.upv.es\/index.php?rest_route=%2Fwp%2Fv2%2Fcomments&post=286"}],"version-history":[{"count":4,"href":"https:\/\/ai4s.blogs.upv.es\/index.php?rest_route=\/wp\/v2\/pages\/286\/revisions"}],"predecessor-version":[{"id":6239,"href":"https:\/\/ai4s.blogs.upv.es\/index.php?rest_route=\/wp\/v2\/pages\/286\/revisions\/6239"}],"up":[{"embeddable":true,"href":"https:\/\/ai4s.blogs.upv.es\/index.php?rest_route=\/wp\/v2\/pages\/199"}],"wp:attachment":[{"href":"https:\/\/ai4s.blogs.upv.es\/index.php?rest_route=%2Fwp%2Fv2%2Fmedia&parent=286"}],"curies":[{"name":"wp","href":"https:\/\/api.w.org\/{rel}","templated":true}]}}