{"id":2985,"date":"2021-03-11T04:47:50","date_gmt":"2021-03-11T04:47:50","guid":{"rendered":"http:\/\/ai4s.blogs.upv.es\/?page_id=2985"},"modified":"2025-12-17T15:48:54","modified_gmt":"2025-12-17T15:48:54","slug":"maquinas-hidraulicas-clasificacion","status":"publish","type":"page","link":"https:\/\/ai4s.blogs.upv.es\/?page_id=2985","title":{"rendered":"M\u00e1quinas Hidr\u00e1ulicas. Clasificaci\u00f3n"},"content":{"rendered":"<ol>\n<li><a href=\"http:\/\/hdl.handle.net\/10251\/100855\">Clasificaci\u00f3n de las m\u00e1quinas que transportan fluidos<\/a><\/li>\n<li><a href=\"https:\/\/polimedia.upv.es\/visor\/?id=5e8288b0-51d5-d442-b9a1-305cfb8a935d\"> Clasificaci\u00f3n de las m\u00e1quinas hidr\u00e1ulicas <\/a><\/li>\n<li><a href=\"https:\/\/riunet.upv.es\/handle\/10251\/78676\">Clasificaci\u00f3n de Turbinas<\/a><\/li>\n<li><a href=\"https:\/\/riunet.upv.es\/handle\/10251\/78683\">Bombas y Turbinas<\/a><\/li>\n<\/ol>\n<p><!--themify_builder_static--><!--\/themify_builder_static--><\/p>\n","protected":false},"excerpt":{"rendered":"<p>Clasificaci\u00f3n de las m\u00e1quinas que transportan fluidos Clasificaci\u00f3n de las m\u00e1quinas hidr\u00e1ulicas Clasificaci\u00f3n de Turbinas Bombas y Turbinas<\/p>\n","protected":false},"author":35003,"featured_media":0,"parent":2731,"menu_order":1,"comment_status":"closed","ping_status":"closed","template":"","meta":{"om_disable_all_campaigns":false,"_monsterinsights_skip_tracking":false,"_monsterinsights_sitenote_active":false,"_monsterinsights_sitenote_note":"","_monsterinsights_sitenote_category":0,"footnotes":""},"class_list":["post-2985","page","type-page","status-publish","hentry","has-post-title","has-post-date","has-post-category","has-post-tag","has-post-comment","has-post-author",""],"_links":{"self":[{"href":"https:\/\/ai4s.blogs.upv.es\/index.php?rest_route=\/wp\/v2\/pages\/2985","targetHints":{"allow":["GET"]}}],"collection":[{"href":"https:\/\/ai4s.blogs.upv.es\/index.php?rest_route=\/wp\/v2\/pages"}],"about":[{"href":"https:\/\/ai4s.blogs.upv.es\/index.php?rest_route=\/wp\/v2\/types\/page"}],"author":[{"embeddable":true,"href":"https:\/\/ai4s.blogs.upv.es\/index.php?rest_route=\/wp\/v2\/users\/35003"}],"replies":[{"embeddable":true,"href":"https:\/\/ai4s.blogs.upv.es\/index.php?rest_route=%2Fwp%2Fv2%2Fcomments&post=2985"}],"version-history":[{"count":4,"href":"https:\/\/ai4s.blogs.upv.es\/index.php?rest_route=\/wp\/v2\/pages\/2985\/revisions"}],"predecessor-version":[{"id":6279,"href":"https:\/\/ai4s.blogs.upv.es\/index.php?rest_route=\/wp\/v2\/pages\/2985\/revisions\/6279"}],"up":[{"embeddable":true,"href":"https:\/\/ai4s.blogs.upv.es\/index.php?rest_route=\/wp\/v2\/pages\/2731"}],"wp:attachment":[{"href":"https:\/\/ai4s.blogs.upv.es\/index.php?rest_route=%2Fwp%2Fv2%2Fmedia&parent=2985"}],"curies":[{"name":"wp","href":"https:\/\/api.w.org\/{rel}","templated":true}]}}