{"id":3078,"date":"2025-12-09T12:31:54","date_gmt":"2025-12-09T12:31:54","guid":{"rendered":"http:\/\/ai4s.blogs.upv.es\/?page_id=3078"},"modified":"2025-12-21T10:39:00","modified_gmt":"2025-12-21T10:39:00","slug":"tesis-doctorales-defendidas","status":"publish","type":"page","link":"https:\/\/ai4s.blogs.upv.es\/?page_id=3078","title":{"rendered":"Tesis Doctorales Defendidas"},"content":{"rendered":"<p>Garc\u00eda Espinal, Melvin Alfonso. (2024).\u00a0<i><b>Methodological Development Based On The Analysis Of Flow Distributions To Improve The Design And Management Of Pressurized Irrigation Networks Focused On Improving Sustainability.<\/b><\/i>. P\u00e9rez-S\u00e1nchez, Modesto (dir.); S\u00e1nchez-Romero, Francisco-Javier (dir.). Universitat Polit\u00e8cnica de Val\u00e8ncia. SOBRESALIENTE (cum laude)<\/p>\n<p>Plua Aguirre, Frank Alex. (2024).\u00a0<i><b>Metodolog\u00eda de An\u00e1lisis para la Mejora de la Predicci\u00f3n de las Curvas Caracter\u00edsticas de Bombas Trabajando Como Turbina Operando a Velocidad Variable.<\/b><\/i>. P\u00e9rez-S\u00e1nchez, Modesto (dir.); L\u00f3pez Jim\u00e9nez, Petra Amparo (dir.). Universitat Polit\u00e8cnica de Val\u00e8ncia. SOBRESALIENTE (cum laude)<\/p>\n<p>Garcia Rodriguez, Camila Andrea. (2024).\u00a0<i><b>Development Of a Methodology To Characterize Sustainability In Hydraulic Systems By Applying Indicators That Evaluate Goals Contained In The Sustainable Development Goals<\/b><\/i>. P\u00e9rez-S\u00e1nchez, Modesto (dir.); L\u00f3pez Jim\u00e9nez, Petra Amparo (dir.). Universitat Polit\u00e8cnica de Val\u00e8ncia. SOBRESALIENTE (cum laude)<\/p>\n<p>Ll\u00e1cer Iglesias, Rosa Mar\u00eda. (2023).\u00a0<i><b>Hydropower Potential For Energy Recovery In Wastewater Systems. Assessment Methodology And Practical Application.<\/b><\/i>. P\u00e9rez-S\u00e1nchez, Modesto (dir.); L\u00f3pez Jim\u00e9nez, Petra Amparo (dir.). Universitat Polit\u00e8cnica de Val\u00e8ncia. SOBRESALIENTE (cum laude)<\/p>\n<p>Mercedes Garc\u00eda, \u00c1ngel Valent\u00edn. (2023).\u00a0<i><b>Metodologia de An\u00e1lisis para la Mejora de los Indicadores de Sostenibilidad en la Redes de Distribuci\u00f3n Presurizadas Mediante el Uso de Sistemas H\u00edbridos<\/b><\/i>. P\u00e9rez-S\u00e1nchez, Modesto (dir.); L\u00f3pez Jim\u00e9nez, Petra Amparo (dir.). Universitat Polit\u00e8cnica de Val\u00e8ncia. SOBRESALIENTE (cum laude)<\/p>\n<p>Mac\u00edas \u00c1vila, Carlos Andr\u00e9s. (2022).\u00a0<i><b>Metodolog\u00eda basada en el desarrollo de estrategias de regulaci\u00f3n para la mejora de indicadores de sostenibilidad a trav\u00e9s de la instalaci\u00f3n de microgeneraci\u00f3n el\u00e9ctrica en sistemas de distribuci\u00f3n presurizados<\/b><\/i>. P\u00e9rez-S\u00e1nchez, Modesto (dir.); L\u00f3pez Jim\u00e9nez, Petra Amparo (dir.). Universitat Polit\u00e8cnica de Val\u00e8ncia. SOBRESALIENTE (cum laude)<\/p>\n<div class=\"upv_listanon\">\n<p>Bay\u00f3n Barrachina, Arnau. (2017).\u00a0<i><b>Numerical analysis of air-water flows in hydraulic structures using computational fluid dynamics (CFD)<\/b><\/i>. L\u00f3pez Jim\u00e9nez, Petra Amparo (dir.). Universitat Polit\u00e8cnica de Val\u00e8ncia. SOBRESALIENTE (cum laude)<\/p>\n<\/div>\n<div class=\"\">\n<p>P\u00e9rez S\u00e1nchez, Modesto. (2017).\u00a0<i><b><a href=\"https:\/\/riunet.upv.es\/bitstream\/id\/375777\/P%C3%A9rez%20-%20METHODOLOGY%20FOR%20ENERGY%20EFFICIENCY%20IMPROVEMENT%20ANALYSIS%20IN%20PRESSURIZED%20IRRIGATION%20NETWORKS....pdf\">Methodology For Energy Efficiency Improvement Analysis In Pressurized Irrigation Networks. Practical Application<\/a>\u00a0<\/b><\/i>. L\u00f3pez Jim\u00e9nez, Petra Amparo (dir.); S\u00e1nchez-Romero, Francisco-Javier (dir.). Universitat Polit\u00e8cnica de Val\u00e8ncia. SOBRESALIENTE (cum laude), menci\u00f3n premio extraordinario<\/p>\n<\/div>\n<div class=\"upv_listanon\">\n<p>Guerra Galdo, Eva Hilda. (2017).\u00a0<i><b><a href=\"https:\/\/riunet.upv.es\/bitstream\/id\/384180\/Guerra%20-%20Evaluaci%C3%B3n%20de%20alternativas%20en%20las%20instalaciones%20av%C3%ADcolas%20de%20pollos%20de%20carne%20para%20la%20mejo....pdf\">Evaluaci\u00f3n de alternativas en las instalaciones av\u00edcolas de pollos de carne para la mejora de las condiciones de confort de los animales<\/a>.<\/b><\/i>. L\u00f3pez Jim\u00e9nez, Petra Amparo (dir.); Calvet, S. (dir.); Estell\u00e9s, F. (dir.). Universitat Polit\u00e8cnica de Val\u00e8ncia. SOBRESALIENTE<\/p>\n<\/div>\n<div class=\"\">\n<p>Mora P\u00e9rez, Miguel. (2017).\u00a0<a href=\"https:\/\/riunet.upv.es\/bitstream\/id\/384414\/MORA%20-%20Computational%20fluid%20dynamics%20(CFD)%20applied%20to%20buildings%20sustainable%20design%3A%20natural%20ventil....pdf\"><i><b>Computational fluid dynamics (CFD) applied to buildings sustainable design: natural ventilation. Case study.<\/b><\/i><\/a>. L\u00f3pez Jim\u00e9nez, Petra Amparo (dir.). Universitat Polit\u00e8cnica de Val\u00e8ncia. SOBRESALIENTE<\/p>\n<\/div>\n<div class=\"upv_listanon\">L\u00f3pez Pati\u00f1o, Gonzalo. (2016).\u00a0<i><b><a href=\"https:\/\/riunet.upv.es\/bitstream\/id\/287240\/L%C3%B3pez%20-%20An%C3%A1lisis%20y%20caracterizaci%C3%B3n%20de%20las%20instalaciones%20interiores%20de%20suministro%20de%20agua%20desde%20el....pdf\">An\u00e1lisis y caracterizaci\u00f3n de las instalaciones interiores de suministro de agua desde el punto de vista de ahorro<\/a>.<\/b><\/i>. L\u00f3pez Jim\u00e9nez, Petra Amparo (dir.); Mart\u00ednez-Solano, F. Javier (dir.). Universitat Polit\u00e8cnica de Val\u00e8ncia. SOBRESALIENTE (cum laude)<\/div>\n<div>\n<div class=\"upv_containerwrap\">\n<div class=\"upv_containercontent\"><\/div>\n<\/div>\n<div id=\"oculta\">\n<div class=\"upv_containerwrap\">\n<div class=\"upv_containercontent\">\n<div class=\"upv_texto\">\n<div class=\"\">\n<p>Escudero Gonz\u00e1lez, Juan. (2014).\u00a0<a href=\"https:\/\/riunet.upv.es\/bitstream\/id\/384414\/MORA%20-%20Computational%20fluid%20dynamics%20(CFD)%20applied%20to%20buildings%20sustainable%20design%3A%20natural%20ventil....pdf\"><i><b>Metodolog\u00eda de aplicaciones de t\u00e9cnicas computacionales y experimentales para la optimizaci\u00f3n de la hidrodin\u00e1mica de reactores electroqu\u00edmicos.<\/b><\/i><\/a>. L\u00f3pez Jim\u00e9nez, Petra Amparo (dir.). Universitat Polit\u00e8cnica de Val\u00e8ncia. SOBRESALIENTE (cum laude)<\/p>\n<\/div>\n<div class=\"\">Mora Rodr\u00edguez, Jos\u00e9 de Jes\u00fas. (2011).\u00a0<a href=\"https:\/\/riunet.upv.es\/bitstream\/id\/22601\/tesisUPV3604.pdf\"><i><b>Modelaci\u00f3n de la intrusi\u00f3n pat\u00f3gena a trav\u00e9s de fallos y su implicaci\u00f3n en la red de distribuci\u00f3n de agua<\/b><\/i><\/a>. L\u00f3pez Jim\u00e9nez, Petra Amparo (dir.). Universitat Polit\u00e8cnica de Val\u00e8ncia. SOBRESALIENTE CUM LAUDE<\/div>\n<\/div>\n<\/div>\n<\/div>\n<\/div>\n<\/div>\n<p><!--themify_builder_static--><!--\/themify_builder_static--><\/p>\n","protected":false},"excerpt":{"rendered":"<p>Garc\u00eda Espinal, Melvin Alfonso. (2024).\u00a0Methodological Development Based On The Analysis Of Flow Distributions To Improve The Design And Management Of Pressurized Irrigation Networks Focused On Improving Sustainability.. P\u00e9rez-S\u00e1nchez, Modesto (dir.); S\u00e1nchez-Romero, Francisco-Javier (dir.). Universitat Polit\u00e8cnica de Val\u00e8ncia. SOBRESALIENTE (cum laude) Plua Aguirre, Frank Alex. (2024).\u00a0Metodolog\u00eda de An\u00e1lisis para la Mejora de la Predicci\u00f3n de las [&hellip;]<\/p>\n","protected":false},"author":35003,"featured_media":0,"parent":0,"menu_order":0,"comment_status":"closed","ping_status":"closed","template":"","meta":{"om_disable_all_campaigns":false,"_monsterinsights_skip_tracking":false,"_monsterinsights_sitenote_active":false,"_monsterinsights_sitenote_note":"","_monsterinsights_sitenote_category":0,"footnotes":""},"class_list":["post-3078","page","type-page","status-publish","hentry","has-post-title","has-post-date","has-post-category","has-post-tag","has-post-comment","has-post-author",""],"_links":{"self":[{"href":"https:\/\/ai4s.blogs.upv.es\/index.php?rest_route=\/wp\/v2\/pages\/3078","targetHints":{"allow":["GET"]}}],"collection":[{"href":"https:\/\/ai4s.blogs.upv.es\/index.php?rest_route=\/wp\/v2\/pages"}],"about":[{"href":"https:\/\/ai4s.blogs.upv.es\/index.php?rest_route=\/wp\/v2\/types\/page"}],"author":[{"embeddable":true,"href":"https:\/\/ai4s.blogs.upv.es\/index.php?rest_route=\/wp\/v2\/users\/35003"}],"replies":[{"embeddable":true,"href":"https:\/\/ai4s.blogs.upv.es\/index.php?rest_route=%2Fwp%2Fv2%2Fcomments&post=3078"}],"version-history":[{"count":8,"href":"https:\/\/ai4s.blogs.upv.es\/index.php?rest_route=\/wp\/v2\/pages\/3078\/revisions"}],"predecessor-version":[{"id":6352,"href":"https:\/\/ai4s.blogs.upv.es\/index.php?rest_route=\/wp\/v2\/pages\/3078\/revisions\/6352"}],"wp:attachment":[{"href":"https:\/\/ai4s.blogs.upv.es\/index.php?rest_route=%2Fwp%2Fv2%2Fmedia&parent=3078"}],"curies":[{"name":"wp","href":"https:\/\/api.w.org\/{rel}","templated":true}]}}