{"id":3082,"date":"2021-03-16T05:03:17","date_gmt":"2021-03-16T05:03:17","guid":{"rendered":"http:\/\/ai4s.blogs.upv.es\/?page_id=3082"},"modified":"2025-12-17T15:55:58","modified_gmt":"2025-12-17T15:55:58","slug":"rsi","status":"publish","type":"page","link":"https:\/\/ai4s.blogs.upv.es\/?page_id=3082","title":{"rendered":"Regulaci\u00f3n en los Sistemas de Impulsi\u00f3n"},"content":{"rendered":"<ol>\n<li><a href=\"http:\/\/hdl.handle.net\/10251\/135456\">Regulaci\u00f3n de equipos de inyecci\u00f3n. Conceptos generales<\/a><\/li>\n<li><a href=\"http:\/\/hdl.handle.net\/10251\/135047\">\u00c1rea \u00fatil de operaci\u00f3n de una bomba hidr\u00e1ulica operando a velocidad variable<\/a><\/li>\n<li><a href=\"http:\/\/hdl.handle.net\/10251\/135068\">Recubrimiento en bombas asociadas en paralelo<\/a><\/li>\n<li><a href=\"http:\/\/hdl.handle.net\/10251\/135459\">Volumen necesario de un acumulador hidroneum\u00e1tico en redes inyectadas<\/a><\/li>\n<li><a href=\"http:\/\/hdl.handle.net\/10251\/135457\">Coste energ\u00e9tico de un grupo de inyecci\u00f3n a velocidad fija con un acumulador hidroneum\u00e1tico<\/a><\/li>\n<\/ol>\n<p><!--themify_builder_static--><!--\/themify_builder_static--><\/p>\n","protected":false},"excerpt":{"rendered":"<p>Regulaci\u00f3n de equipos de inyecci\u00f3n. Conceptos generales \u00c1rea \u00fatil de operaci\u00f3n de una bomba hidr\u00e1ulica operando a velocidad variable Recubrimiento en bombas asociadas en paralelo Volumen necesario de un acumulador hidroneum\u00e1tico en redes inyectadas Coste energ\u00e9tico de un grupo de inyecci\u00f3n a velocidad fija con un acumulador hidroneum\u00e1tico<\/p>\n","protected":false},"author":35003,"featured_media":0,"parent":2731,"menu_order":0,"comment_status":"closed","ping_status":"closed","template":"","meta":{"om_disable_all_campaigns":false,"_monsterinsights_skip_tracking":false,"_monsterinsights_sitenote_active":false,"_monsterinsights_sitenote_note":"","_monsterinsights_sitenote_category":0,"footnotes":""},"class_list":["post-3082","page","type-page","status-publish","hentry","has-post-title","has-post-date","has-post-category","has-post-tag","has-post-comment","has-post-author",""],"_links":{"self":[{"href":"https:\/\/ai4s.blogs.upv.es\/index.php?rest_route=\/wp\/v2\/pages\/3082","targetHints":{"allow":["GET"]}}],"collection":[{"href":"https:\/\/ai4s.blogs.upv.es\/index.php?rest_route=\/wp\/v2\/pages"}],"about":[{"href":"https:\/\/ai4s.blogs.upv.es\/index.php?rest_route=\/wp\/v2\/types\/page"}],"author":[{"embeddable":true,"href":"https:\/\/ai4s.blogs.upv.es\/index.php?rest_route=\/wp\/v2\/users\/35003"}],"replies":[{"embeddable":true,"href":"https:\/\/ai4s.blogs.upv.es\/index.php?rest_route=%2Fwp%2Fv2%2Fcomments&post=3082"}],"version-history":[{"count":3,"href":"https:\/\/ai4s.blogs.upv.es\/index.php?rest_route=\/wp\/v2\/pages\/3082\/revisions"}],"predecessor-version":[{"id":6281,"href":"https:\/\/ai4s.blogs.upv.es\/index.php?rest_route=\/wp\/v2\/pages\/3082\/revisions\/6281"}],"up":[{"embeddable":true,"href":"https:\/\/ai4s.blogs.upv.es\/index.php?rest_route=\/wp\/v2\/pages\/2731"}],"wp:attachment":[{"href":"https:\/\/ai4s.blogs.upv.es\/index.php?rest_route=%2Fwp%2Fv2%2Fmedia&parent=3082"}],"curies":[{"name":"wp","href":"https:\/\/api.w.org\/{rel}","templated":true}]}}