{"id":3109,"date":"2021-03-16T05:08:49","date_gmt":"2021-03-16T05:08:49","guid":{"rendered":"http:\/\/ai4s.blogs.upv.es\/?page_id=3109"},"modified":"2025-12-17T15:56:29","modified_gmt":"2025-12-17T15:56:29","slug":"cavitacion-en-maquinas-hidraulicas","status":"publish","type":"page","link":"https:\/\/ai4s.blogs.upv.es\/?page_id=3109","title":{"rendered":"Cavitaci\u00f3n en M\u00e1quinas Hidr\u00e1ulicas"},"content":{"rendered":"<ol>\n<li><a href=\"http:\/\/hdl.handle.net\/10251\/16291\">El fen\u00f3meno de la cavitaci\u00f3n<\/a><\/li>\n<li><a href=\"http:\/\/hdl.handle.net\/10251\/16289\">Cavitaci\u00f3n en turbom\u00e1quinas<\/a><\/li>\n<\/ol>\n<p><!--themify_builder_static--><!--\/themify_builder_static--><\/p>\n","protected":false},"excerpt":{"rendered":"<p>El fen\u00f3meno de la cavitaci\u00f3n Cavitaci\u00f3n en turbom\u00e1quinas<\/p>\n","protected":false},"author":35003,"featured_media":0,"parent":2731,"menu_order":0,"comment_status":"closed","ping_status":"closed","template":"","meta":{"om_disable_all_campaigns":false,"_monsterinsights_skip_tracking":false,"_monsterinsights_sitenote_active":false,"_monsterinsights_sitenote_note":"","_monsterinsights_sitenote_category":0,"footnotes":""},"class_list":["post-3109","page","type-page","status-publish","hentry","has-post-title","has-post-date","has-post-category","has-post-tag","has-post-comment","has-post-author",""],"_links":{"self":[{"href":"https:\/\/ai4s.blogs.upv.es\/index.php?rest_route=\/wp\/v2\/pages\/3109","targetHints":{"allow":["GET"]}}],"collection":[{"href":"https:\/\/ai4s.blogs.upv.es\/index.php?rest_route=\/wp\/v2\/pages"}],"about":[{"href":"https:\/\/ai4s.blogs.upv.es\/index.php?rest_route=\/wp\/v2\/types\/page"}],"author":[{"embeddable":true,"href":"https:\/\/ai4s.blogs.upv.es\/index.php?rest_route=\/wp\/v2\/users\/35003"}],"replies":[{"embeddable":true,"href":"https:\/\/ai4s.blogs.upv.es\/index.php?rest_route=%2Fwp%2Fv2%2Fcomments&post=3109"}],"version-history":[{"count":3,"href":"https:\/\/ai4s.blogs.upv.es\/index.php?rest_route=\/wp\/v2\/pages\/3109\/revisions"}],"predecessor-version":[{"id":6287,"href":"https:\/\/ai4s.blogs.upv.es\/index.php?rest_route=\/wp\/v2\/pages\/3109\/revisions\/6287"}],"up":[{"embeddable":true,"href":"https:\/\/ai4s.blogs.upv.es\/index.php?rest_route=\/wp\/v2\/pages\/2731"}],"wp:attachment":[{"href":"https:\/\/ai4s.blogs.upv.es\/index.php?rest_route=%2Fwp%2Fv2%2Fmedia&parent=3109"}],"curies":[{"name":"wp","href":"https:\/\/api.w.org\/{rel}","templated":true}]}}