{"id":3121,"date":"2021-03-16T05:11:36","date_gmt":"2021-03-16T05:11:36","guid":{"rendered":"http:\/\/ai4s.blogs.upv.es\/?page_id=3121"},"modified":"2025-12-17T15:47:59","modified_gmt":"2025-12-17T15:47:59","slug":"mdp","status":"publish","type":"page","link":"https:\/\/ai4s.blogs.upv.es\/?page_id=3121","title":{"rendered":"M\u00e1quinas Hidr\u00e1ulicas de Desplazamiento Positivo"},"content":{"rendered":"<ol>\n<li><a href=\"http:\/\/hdl.handle.net\/10251\/100847\">Generalidades sobre m\u00e1quinas de desplazamiento positivo.<\/a><\/li>\n<li><a href=\"http:\/\/hdl.handle.net\/10251\/100849\">Las m\u00e1quinas rotativas de desplazamiento positivo.<\/a><\/li>\n<li>L<a href=\"http:\/\/hdl.handle.net\/10251\/100856\">as m\u00e1quinas alternativas de desplazamiento positivo.<\/a><\/li>\n<\/ol>\n<p><!--themify_builder_static--><!--\/themify_builder_static--><\/p>\n","protected":false},"excerpt":{"rendered":"<p>Generalidades sobre m\u00e1quinas de desplazamiento positivo. Las m\u00e1quinas rotativas de desplazamiento positivo. Las m\u00e1quinas alternativas de desplazamiento positivo.<\/p>\n","protected":false},"author":35003,"featured_media":0,"parent":2731,"menu_order":0,"comment_status":"closed","ping_status":"closed","template":"","meta":{"om_disable_all_campaigns":false,"_monsterinsights_skip_tracking":false,"_monsterinsights_sitenote_active":false,"_monsterinsights_sitenote_note":"","_monsterinsights_sitenote_category":0,"footnotes":""},"class_list":["post-3121","page","type-page","status-publish","hentry","has-post-title","has-post-date","has-post-category","has-post-tag","has-post-comment","has-post-author",""],"_links":{"self":[{"href":"https:\/\/ai4s.blogs.upv.es\/index.php?rest_route=\/wp\/v2\/pages\/3121","targetHints":{"allow":["GET"]}}],"collection":[{"href":"https:\/\/ai4s.blogs.upv.es\/index.php?rest_route=\/wp\/v2\/pages"}],"about":[{"href":"https:\/\/ai4s.blogs.upv.es\/index.php?rest_route=\/wp\/v2\/types\/page"}],"author":[{"embeddable":true,"href":"https:\/\/ai4s.blogs.upv.es\/index.php?rest_route=\/wp\/v2\/users\/35003"}],"replies":[{"embeddable":true,"href":"https:\/\/ai4s.blogs.upv.es\/index.php?rest_route=%2Fwp%2Fv2%2Fcomments&post=3121"}],"version-history":[{"count":2,"href":"https:\/\/ai4s.blogs.upv.es\/index.php?rest_route=\/wp\/v2\/pages\/3121\/revisions"}],"predecessor-version":[{"id":6278,"href":"https:\/\/ai4s.blogs.upv.es\/index.php?rest_route=\/wp\/v2\/pages\/3121\/revisions\/6278"}],"up":[{"embeddable":true,"href":"https:\/\/ai4s.blogs.upv.es\/index.php?rest_route=\/wp\/v2\/pages\/2731"}],"wp:attachment":[{"href":"https:\/\/ai4s.blogs.upv.es\/index.php?rest_route=%2Fwp%2Fv2%2Fmedia&parent=3121"}],"curies":[{"name":"wp","href":"https:\/\/api.w.org\/{rel}","templated":true}]}}