{"id":319,"date":"2021-03-04T04:09:33","date_gmt":"2021-03-04T04:09:33","guid":{"rendered":"http:\/\/ai4s.blogs.upv.es\/?page_id=319"},"modified":"2025-12-09T13:31:01","modified_gmt":"2025-12-09T13:31:01","slug":"publicaciones","status":"publish","type":"page","link":"https:\/\/ai4s.blogs.upv.es\/?page_id=319","title":{"rendered":"Publicaciones"},"content":{"rendered":"<div>La divulgaci\u00f3n es primordial para nuestro equipo. Somos pioneros en proponer materiales online gratuitos a trav\u00e9s de nuestros m\u00faltiples objetos de aprendizaje. Tenemos libros disponibles para su descarga gratuita y una gran cantidad de publicaciones de investigaci\u00f3n a trav\u00e9s de art\u00edculos de acceso libre y congresos de investigaci\u00f3n de reconocido prestigio en los que hemos participado como ponentes y organizadores.<\/div>\n<p><!--themify_builder_static--><\/p>\n<h3>Publicaciones Docentes<\/h3>\n<p><a href=\"https:\/\/ai4s.blogs.upv.es\/publicaciones\/publicaciones-docentes\/%20\"><br \/>\n <\/a><\/p>\n<h3>Publicaciones Investigaci\u00f3n<\/h3>\n<h3>Docencia en Red<\/h3>\n<p><a href=\"https:\/\/ai4s.blogs.upv.es\/publicaciones\/objetos-de-aprendizaje\/\"><br \/>\n <\/a><!--\/themify_builder_static--><\/p>\n","protected":false},"excerpt":{"rendered":"<p>La divulgaci\u00f3n es primordial para nuestro equipo. Somos pioneros en proponer materiales online gratuitos a trav\u00e9s de nuestros m\u00faltiples objetos de aprendizaje. Tenemos libros disponibles para su descarga gratuita y una gran cantidad de publicaciones de investigaci\u00f3n a trav\u00e9s de art\u00edculos de acceso libre y congresos de investigaci\u00f3n de reconocido prestigio en los que hemos [&hellip;]<\/p>\n","protected":false},"author":35003,"featured_media":0,"parent":0,"menu_order":5,"comment_status":"closed","ping_status":"closed","template":"","meta":{"om_disable_all_campaigns":false,"_monsterinsights_skip_tracking":false,"_monsterinsights_sitenote_active":false,"_monsterinsights_sitenote_note":"","_monsterinsights_sitenote_category":0,"footnotes":""},"class_list":["post-319","page","type-page","status-publish","hentry","has-post-title","has-post-date","has-post-category","has-post-tag","has-post-comment","has-post-author",""],"_links":{"self":[{"href":"https:\/\/ai4s.blogs.upv.es\/index.php?rest_route=\/wp\/v2\/pages\/319","targetHints":{"allow":["GET"]}}],"collection":[{"href":"https:\/\/ai4s.blogs.upv.es\/index.php?rest_route=\/wp\/v2\/pages"}],"about":[{"href":"https:\/\/ai4s.blogs.upv.es\/index.php?rest_route=\/wp\/v2\/types\/page"}],"author":[{"embeddable":true,"href":"https:\/\/ai4s.blogs.upv.es\/index.php?rest_route=\/wp\/v2\/users\/35003"}],"replies":[{"embeddable":true,"href":"https:\/\/ai4s.blogs.upv.es\/index.php?rest_route=%2Fwp%2Fv2%2Fcomments&post=319"}],"version-history":[{"count":11,"href":"https:\/\/ai4s.blogs.upv.es\/index.php?rest_route=\/wp\/v2\/pages\/319\/revisions"}],"predecessor-version":[{"id":6241,"href":"https:\/\/ai4s.blogs.upv.es\/index.php?rest_route=\/wp\/v2\/pages\/319\/revisions\/6241"}],"wp:attachment":[{"href":"https:\/\/ai4s.blogs.upv.es\/index.php?rest_route=%2Fwp%2Fv2%2Fmedia&parent=319"}],"curies":[{"name":"wp","href":"https:\/\/api.w.org\/{rel}","templated":true}]}}