{"id":3217,"date":"2021-03-16T10:57:25","date_gmt":"2021-03-16T10:57:25","guid":{"rendered":"http:\/\/ai4s.blogs.upv.es\/?page_id=3217"},"modified":"2025-12-09T13:29:53","modified_gmt":"2025-12-09T13:29:53","slug":"flujo-a-presion-2","status":"publish","type":"page","link":"https:\/\/ai4s.blogs.upv.es\/?page_id=3217","title":{"rendered":"Flujo a Presi\u00f3n"},"content":{"rendered":"<ol>\n<li><a href=\"http:\/\/hdl.handle.net\/10251\/30000\"><em>Las p\u00e9rdidas de carga en instalaciones hidr\u00e1ulicas<\/em><\/a><\/li>\n<li><a href=\"http:\/\/hdl.handle.net\/10251\/160636\"><em>Flujo a presi\u00f3n. P\u00e9rdidas de carga<\/em><\/a><\/li>\n<li><a href=\"http:\/\/hdl.handle.net\/10251\/82984\"><em>Introducci\u00f3n al c\u00e1lculo hidr\u00e1ulico a presi\u00f3n en r\u00e9gimen no permanente<\/em><\/a><\/li>\n<li><a href=\"http:\/\/hdl.handle.net\/10251\/179724\">Flujo a presi\u00f3n: pendiente hidr\u00e1ulica<\/a><\/li>\n<li><a href=\"http:\/\/hdl.handle.net\/10251\/179722\">Flujo a presi\u00f3n: determinar cota piezom\u00e9trica en un punto<\/a><\/li>\n<li><a href=\"http:\/\/hdl.handle.net\/10251\/179474\">Flujo a presi\u00f3n. Determinar caudal circulante en una l\u00ednea<\/a><\/li>\n<li><a href=\"http:\/\/hdl.handle.net\/10251\/179721\">Flujo a presi\u00f3n. Conducciones en serie<\/a><\/li>\n<li><a href=\"http:\/\/hdl.handle.net\/10251\/179725\">Flujo a presi\u00f3n. Conducciones en paralelo<\/a><\/li>\n<li><a href=\"http:\/\/hdl.handle.net\/10251\/179720\">Flujo a presi\u00f3n. Dise\u00f1o de redes siendo la altura conocida<\/a><\/li>\n<li><a href=\"http:\/\/hdl.handle.net\/10251\/179726\">Flujo a presi\u00f3n. Dise\u00f1o de redes siendo la altura desconocida<\/a><\/li>\n<\/ol>\n<p><!--themify_builder_static--><!--\/themify_builder_static--><\/p>\n","protected":false},"excerpt":{"rendered":"<p>Las p\u00e9rdidas de carga en instalaciones hidr\u00e1ulicas Flujo a presi\u00f3n. P\u00e9rdidas de carga Introducci\u00f3n al c\u00e1lculo hidr\u00e1ulico a presi\u00f3n en r\u00e9gimen no permanente Flujo a presi\u00f3n: pendiente hidr\u00e1ulica Flujo a presi\u00f3n: determinar cota piezom\u00e9trica en un punto Flujo a presi\u00f3n. Determinar caudal circulante en una l\u00ednea Flujo a presi\u00f3n. Conducciones en serie Flujo a presi\u00f3n. [&hellip;]<\/p>\n","protected":false},"author":35003,"featured_media":0,"parent":199,"menu_order":5,"comment_status":"closed","ping_status":"closed","template":"","meta":{"om_disable_all_campaigns":false,"_monsterinsights_skip_tracking":false,"_monsterinsights_sitenote_active":false,"_monsterinsights_sitenote_note":"","_monsterinsights_sitenote_category":0,"footnotes":""},"class_list":["post-3217","page","type-page","status-publish","hentry","has-post-title","has-post-date","has-post-category","has-post-tag","has-post-comment","has-post-author",""],"_links":{"self":[{"href":"https:\/\/ai4s.blogs.upv.es\/index.php?rest_route=\/wp\/v2\/pages\/3217","targetHints":{"allow":["GET"]}}],"collection":[{"href":"https:\/\/ai4s.blogs.upv.es\/index.php?rest_route=\/wp\/v2\/pages"}],"about":[{"href":"https:\/\/ai4s.blogs.upv.es\/index.php?rest_route=\/wp\/v2\/types\/page"}],"author":[{"embeddable":true,"href":"https:\/\/ai4s.blogs.upv.es\/index.php?rest_route=\/wp\/v2\/users\/35003"}],"replies":[{"embeddable":true,"href":"https:\/\/ai4s.blogs.upv.es\/index.php?rest_route=%2Fwp%2Fv2%2Fcomments&post=3217"}],"version-history":[{"count":4,"href":"https:\/\/ai4s.blogs.upv.es\/index.php?rest_route=\/wp\/v2\/pages\/3217\/revisions"}],"predecessor-version":[{"id":6233,"href":"https:\/\/ai4s.blogs.upv.es\/index.php?rest_route=\/wp\/v2\/pages\/3217\/revisions\/6233"}],"up":[{"embeddable":true,"href":"https:\/\/ai4s.blogs.upv.es\/index.php?rest_route=\/wp\/v2\/pages\/199"}],"wp:attachment":[{"href":"https:\/\/ai4s.blogs.upv.es\/index.php?rest_route=%2Fwp%2Fv2%2Fmedia&parent=3217"}],"curies":[{"name":"wp","href":"https:\/\/api.w.org\/{rel}","templated":true}]}}