{"id":3271,"date":"2021-03-16T11:11:54","date_gmt":"2021-03-16T11:11:54","guid":{"rendered":"http:\/\/ai4s.blogs.upv.es\/?page_id=3271"},"modified":"2025-12-17T15:56:26","modified_gmt":"2025-12-17T15:56:26","slug":"ecuacion-de-euler-generalidades","status":"publish","type":"page","link":"https:\/\/ai4s.blogs.upv.es\/?page_id=3271","title":{"rendered":"Ecuaci\u00f3n de Euler. Generalidades"},"content":{"rendered":"<ol>\n<li><a href=\"https:\/\/riunet.upv.es\/handle\/10251\/78682\">La ecuaci\u00f3n de Euler en turbom\u00e1quinas hidr\u00e1ulicas<\/a><\/li>\n<li><a href=\"http:\/\/hdl.handle.net\/10251\/30738\">Teor\u00eda general de m\u00e1quinas hidr\u00e1ulicas: la bomba en la estaci\u00f3n de bombeo <\/a><\/li>\n<li><a href=\"http:\/\/hdl.handle.net\/10251\/98844\">Caracterizaci\u00f3n de las m\u00e1quinas hidr\u00e1ulicas en funci\u00f3n de la morfolog\u00eda del rodete<\/a><\/li>\n<li><a href=\"https:\/\/riunet.upv.es\/handle\/10251\/98845\">Diferencia entre las alturas de Euler, te\u00f3rica y real aportada por una bomba<\/a><\/li>\n<li><a href=\"http:\/\/hdl handle net\/10251\/53897\"> Turbobombas: el papel del rodete y su relaci\u00f3n con las curvas te\u00f3ricas de las m\u00e1quinas <\/a><\/li>\n<li>C<a href=\"http:\/\/hdl.handle.net\/10251\/100853\">onsideraciones sobre rendimientos y potencias en turbom\u00e1quinas<\/a><\/li>\n<li><a href=\"http:\/\/hdl handle net\/10251\/53221\"> Elementos de las bombas centr\u00edfugas y su relaci\u00f3n con las curvas reales de las m\u00e1quinas <\/a><\/li>\n<\/ol>\n<p><!--themify_builder_static--><!--\/themify_builder_static--><\/p>\n","protected":false},"excerpt":{"rendered":"<p>La ecuaci\u00f3n de Euler en turbom\u00e1quinas hidr\u00e1ulicas Teor\u00eda general de m\u00e1quinas hidr\u00e1ulicas: la bomba en la estaci\u00f3n de bombeo Caracterizaci\u00f3n de las m\u00e1quinas hidr\u00e1ulicas en funci\u00f3n de la morfolog\u00eda del rodete Diferencia entre las alturas de Euler, te\u00f3rica y real aportada por una bomba Turbobombas: el papel del rodete y su relaci\u00f3n con las curvas [&hellip;]<\/p>\n","protected":false},"author":35003,"featured_media":0,"parent":2731,"menu_order":2,"comment_status":"closed","ping_status":"closed","template":"","meta":{"om_disable_all_campaigns":false,"_monsterinsights_skip_tracking":false,"_monsterinsights_sitenote_active":false,"_monsterinsights_sitenote_note":"","_monsterinsights_sitenote_category":0,"footnotes":""},"class_list":["post-3271","page","type-page","status-publish","hentry","has-post-title","has-post-date","has-post-category","has-post-tag","has-post-comment","has-post-author",""],"_links":{"self":[{"href":"https:\/\/ai4s.blogs.upv.es\/index.php?rest_route=\/wp\/v2\/pages\/3271","targetHints":{"allow":["GET"]}}],"collection":[{"href":"https:\/\/ai4s.blogs.upv.es\/index.php?rest_route=\/wp\/v2\/pages"}],"about":[{"href":"https:\/\/ai4s.blogs.upv.es\/index.php?rest_route=\/wp\/v2\/types\/page"}],"author":[{"embeddable":true,"href":"https:\/\/ai4s.blogs.upv.es\/index.php?rest_route=\/wp\/v2\/users\/35003"}],"replies":[{"embeddable":true,"href":"https:\/\/ai4s.blogs.upv.es\/index.php?rest_route=%2Fwp%2Fv2%2Fcomments&post=3271"}],"version-history":[{"count":3,"href":"https:\/\/ai4s.blogs.upv.es\/index.php?rest_route=\/wp\/v2\/pages\/3271\/revisions"}],"predecessor-version":[{"id":6285,"href":"https:\/\/ai4s.blogs.upv.es\/index.php?rest_route=\/wp\/v2\/pages\/3271\/revisions\/6285"}],"up":[{"embeddable":true,"href":"https:\/\/ai4s.blogs.upv.es\/index.php?rest_route=\/wp\/v2\/pages\/2731"}],"wp:attachment":[{"href":"https:\/\/ai4s.blogs.upv.es\/index.php?rest_route=%2Fwp%2Fv2%2Fmedia&parent=3271"}],"curies":[{"name":"wp","href":"https:\/\/api.w.org\/{rel}","templated":true}]}}