{"id":3843,"date":"2021-03-25T04:54:26","date_gmt":"2021-03-25T04:54:26","guid":{"rendered":"http:\/\/ai4s.blogs.upv.es\/?page_id=3843"},"modified":"2025-12-09T13:26:46","modified_gmt":"2025-12-09T13:26:46","slug":"articulos-docentes","status":"publish","type":"page","link":"https:\/\/ai4s.blogs.upv.es\/?page_id=3843","title":{"rendered":"Articulos Docentes"},"content":{"rendered":"<ol>\n<li>P\u00e9rez-S\u00e1nchez, Modesto; Sanchis, R.. (2021)\u00a0<i>Sustainable Development Goals integrated in Project-based Learning in the Mechanical Engineering Degree\u00a0<\/i>. INTED proceedings (Online)7480 &#8211; 7487. (<a href=\"https:\/\/riunet.upv.es\/bitstream\/handle\/10251\/159348\/P%C3%A9rez-S%C3%A1nchez%3BD%C3%ADaz-Madro%C3%B1ero%3BMula%20-%20The%20Sustainable%20Development%20Goals%20%28SDGs%29%20Applied%20to%20Higher%20Ed....pdf?sequence=1&amp;isAllowed=y\">descarga art\u00edculo<\/a>)<\/li>\n<li>P\u00e9rez-S\u00e1nchez, Modesto; Mula, Josefa; D\u00edaz-Madro\u00f1ero Boluda, Francisco Manuel; Sanchis, R.. (2020)\u00a0<i>Perception of Innovation within Engineering Degrees. Study at the Higher Polytechnic School of Alcoy-UPV<\/i>. Modelling in Science Education and Learning, 1 (13), 5 &#8211; 12.\u00a0<a href=\"https:\/\/doi.org\/10.4995\/msel.2020.12103.\" target=\"_doi\" rel=\"noopener\">10.4995\/msel.2020.12103.<\/a><\/li>\n<li>P\u00e9rez-S\u00e1nchez, Modesto; D\u00edaz-Madro\u00f1ero Boluda, Francisco Manuel; Mula, Josefa; Sanchis, R.. (2020)\u00a0<i>The Sustainable Development Goals (SDGs) Applied to Higher Education. A Project Based Learning Proposal Integrated with the SDGs in Bachelor Degrees at the Campus Alcoy (UPV)<\/i>. EDULEARN Proceedings (Internet)3997 &#8211; 4005.\u00a0<a href=\"https:\/\/doi.org\/10.21125\/edulearn.2020.1078\" target=\"_doi\" rel=\"noopener\">10.21125\/edulearn.2020.1078<\/a><\/li>\n<li>Sanchis, R.; D\u00edaz-Madro\u00f1ero Boluda, Francisco Manuel; P\u00e9rez-S\u00e1nchez, Modesto; Poler, R.. (2019)\u00a0<i>Analysis of Presentation Tools for Developing Training Materials<\/i>. INTED proceedings (Online)3943 &#8211; 3951.\u00a0<a href=\"https:\/\/doi.org\/10.21125\/inted.2019.0998\" target=\"_doi\" rel=\"noopener\">10.21125\/inted.2019.0998<\/a><\/li>\n<li>P\u00e9rez-S\u00e1nchez, Modesto; Galstyan-Sargsyan, Ruzan; P\u00e9rez-S\u00e1nchez, M. Isabel ; L\u00f3pez Jim\u00e9nez, Petra Amparo. (2018)\u00a0<i>Experimental Equipment to Develop Teaching of the Concept Viscosity<\/i>. Education Sciences, 4 (8), &#8211; .\u00a0<a href=\"https:\/\/doi.org\/10.3390\/educsci8040179\" target=\"_doi\" rel=\"noopener\">10.3390\/educsci8040179<\/a><\/li>\n<li>Guillem Masoliver; P\u00e9rez-S\u00e1nchez, Modesto; L\u00f3pez Jim\u00e9nez, Petra Amparo. (2017)\u00a0<i>Experimental model for non-Newtonian fluid viscosity estimation: Fit to mathematical expressions<\/i>. Modelling in Science Education and Learning, 1 (1), 5 &#8211; 19.\u00a0<a href=\"https:\/\/doi.org\/10.4995\/msel.2017.5901.\" target=\"_doi\" rel=\"noopener\">10.4995\/msel.2017.5901.<\/a><\/li>\n<li>Carlos Rold\u00e1n-Blay; P\u00e9rez-S\u00e1nchez, Modesto. (2017)\u00a0<i>Virtual laboratory as a Tool for Understanding the Operation of High Voltage Lines<\/i>. Modelling in Science Education and Learning, 2 (1), 95 &#8211; 106.\u00a0<a href=\"https:\/\/doi.org\/10.4995\/msel.2017.5902.\" target=\"_doi\" rel=\"noopener\">10.4995\/msel.2017.5902<\/a><\/li>\n<li>\n<div class=\"upv_listanon\">P\u00e9rez-S\u00e1nchez, Modesto; L\u00f3pez Jim\u00e9nez, Petra Amparo; Sanchis, R.. (2021)\u00a0<i>Project-Based Learning Applied in the Pandemic Scenario. Case Study: Fluid-Mechanical Engineering\u00a0<\/i>. ICERI Proceedings3764 &#8211; 3769.<\/div>\n<\/li>\n<li>\n<div class=\"\">P\u00e9rez-S\u00e1nchez, Modesto; Sanchis, R.. (2021)\u00a0<i>Sustainable Development Goals integrated in Project-based Learning in the Mechanical Engineering Degree\u00a0<\/i>. INTED proceedings (Online)7480 &#8211; 7487.\u00a0<a href=\"https:\/\/doi.org\/10.21125\/inted.2021.1502\" target=\"_doi\" rel=\"noopener\">10.21125\/inted.2021.1502<\/a><\/div>\n<\/li>\n<\/ol>\n<p><!--themify_builder_static--><!--\/themify_builder_static--><\/p>\n","protected":false},"excerpt":{"rendered":"<p>P\u00e9rez-S\u00e1nchez, Modesto; Sanchis, R.. (2021)\u00a0Sustainable Development Goals integrated in Project-based Learning in the Mechanical Engineering Degree\u00a0. INTED proceedings (Online)7480 &#8211; 7487. (descarga art\u00edculo) P\u00e9rez-S\u00e1nchez, Modesto; Mula, Josefa; D\u00edaz-Madro\u00f1ero Boluda, Francisco Manuel; Sanchis, R.. (2020)\u00a0Perception of Innovation within Engineering Degrees. Study at the Higher Polytechnic School of Alcoy-UPV. Modelling in Science Education and Learning, 1 (13), [&hellip;]<\/p>\n","protected":false},"author":35003,"featured_media":0,"parent":3828,"menu_order":0,"comment_status":"closed","ping_status":"closed","template":"","meta":{"om_disable_all_campaigns":false,"_monsterinsights_skip_tracking":false,"_monsterinsights_sitenote_active":false,"_monsterinsights_sitenote_note":"","_monsterinsights_sitenote_category":0,"footnotes":""},"class_list":["post-3843","page","type-page","status-publish","hentry","has-post-title","has-post-date","has-post-category","has-post-tag","has-post-comment","has-post-author",""],"_links":{"self":[{"href":"https:\/\/ai4s.blogs.upv.es\/index.php?rest_route=\/wp\/v2\/pages\/3843","targetHints":{"allow":["GET"]}}],"collection":[{"href":"https:\/\/ai4s.blogs.upv.es\/index.php?rest_route=\/wp\/v2\/pages"}],"about":[{"href":"https:\/\/ai4s.blogs.upv.es\/index.php?rest_route=\/wp\/v2\/types\/page"}],"author":[{"embeddable":true,"href":"https:\/\/ai4s.blogs.upv.es\/index.php?rest_route=\/wp\/v2\/users\/35003"}],"replies":[{"embeddable":true,"href":"https:\/\/ai4s.blogs.upv.es\/index.php?rest_route=%2Fwp%2Fv2%2Fcomments&post=3843"}],"version-history":[{"count":4,"href":"https:\/\/ai4s.blogs.upv.es\/index.php?rest_route=\/wp\/v2\/pages\/3843\/revisions"}],"predecessor-version":[{"id":6203,"href":"https:\/\/ai4s.blogs.upv.es\/index.php?rest_route=\/wp\/v2\/pages\/3843\/revisions\/6203"}],"up":[{"embeddable":true,"href":"https:\/\/ai4s.blogs.upv.es\/index.php?rest_route=\/wp\/v2\/pages\/3828"}],"wp:attachment":[{"href":"https:\/\/ai4s.blogs.upv.es\/index.php?rest_route=%2Fwp%2Fv2%2Fmedia&parent=3843"}],"curies":[{"name":"wp","href":"https:\/\/api.w.org\/{rel}","templated":true}]}}