{"id":3948,"date":"2021-03-26T15:10:29","date_gmt":"2021-03-26T15:10:29","guid":{"rendered":"http:\/\/ai4s.blogs.upv.es\/publicaciones\/publicaciones-docentes-copy\/libros-docentes-copy\/capitulos-de-libros-docentes-copy\/"},"modified":"2025-12-09T13:22:50","modified_gmt":"2025-12-09T13:22:50","slug":"cld","status":"publish","type":"page","link":"https:\/\/ai4s.blogs.upv.es\/?page_id=3948","title":{"rendered":"Cap\u00edtulos de Libros Investigaci\u00f3n"},"content":{"rendered":"<ol>\n<li>P\u00e9rez-S\u00e1nchez, Modesto; S\u00e1nchez-Romero, Francisco-Javier; Helena M. Ramos; L\u00f3pez Jim\u00e9nez, Petra Amparo. (2021). Quantification of Potential Energy Recovering: A Case Study. Water Systems towards New Future Challenges (1 &#8211; 37). Multidisciplinary Digital Publishing Institute (MDPI). 978-3-0365-0411-7<\/li>\n<li>P\u00e9rez-S\u00e1nchez, Modesto; S\u00e1nchez-Romero, Francisco-Javier; Helena M. Ramos; L\u00f3pez Jim\u00e9nez, Petra Amparo. (2021). Energy Recovery in Existing Water Networks: Towards Greater Sustainability. Water Systems towards New Future Challenges (38 &#8211; 57). Multidisciplinary Digital Publishing Institute (MDPI). 978-3-0365-0411-7<\/li>\n<li>P\u00e9rez-S\u00e1nchez, Modesto; L\u00f3pez Jim\u00e9nez, Petra Amparo; Helena M. Ramos; McNabola, A. (2020). Smart Water Management towards Future Water Sustainable Networks. New Challenges in Water Systems (153 &#8211; 176). Multidisciplinary Digital Publishing Institute (MDPI). 978-3-03943-277-6<\/li>\n<li>P\u00e9rez-S\u00e1nchez, Modesto; L\u00f3pez Jim\u00e9nez, Petra Amparo; Fuertes-Miquel, Vicente S.; Soriano Olivares, Javier; Gomez Selles, Elena. (2019). Rubrics as a Tool for Evaluating Hydraulic Engineering Projects in Both Bachelor\u0092s and Master\u0092s Degree. New Global Perspectives on Industrial Engineering and Management (343 &#8211; 350). Springer International Publishing AG. 978-3-319-93488-4<\/li>\n<li>P\u00e9rez-S\u00e1nchez, Modesto; L\u00f3pez Jim\u00e9nez, Petra Amparo; Helena M. Ramos. (2019). PATs Operating in Water Networks under Unsteady Flow Conditions: Control Valve Manoeuvre and Overspeed Effect. Advances in Water Distribution Networks (49 &#8211; 65). mdpi. 978-3-03897-557-1<\/li>\n<li>P\u00e9rez-S\u00e1nchez, Modesto; S\u00e1nchez-Romero, Francisco-Javier; L\u00f3pez Jim\u00e9nez, Petra Amparo. (2018). A Case Study of Energy recovery systems location in irrigation networks defined by simulated annealing techniques. Simulated Annealing. Introduction, Applications and Theory (199 &#8211; 220). Nova Science Publishers. 978-1-53613-674-6<\/li>\n<li>P\u00e9rez-S\u00e1nchez, Modesto; Ferrer Ferrer, Carlos Manuel; 3; Ferran Gozalvez, Jos\u00e9 Javier; Red\u00f3n-Santaf\u00e9, Miguel; Ferrer Gisbert, Carlos Manuel &#8230; Ferrer Gisbert, Andr\u00e9s. (2018). Comportamiento estructural de los diques de balsas para riego impermeabilizdas con geomembranas. Libro de Actas delCongreso de Ingenier\u00eda Rural (93 &#8211; 103). Fundaci\u00f3n General de la Universidad Polit\u00e9cnica de Madrid. 9788469796368<\/li>\n<\/ol>\n<p><!--themify_builder_static--><!--\/themify_builder_static--><\/p>\n","protected":false},"excerpt":{"rendered":"<p>P\u00e9rez-S\u00e1nchez, Modesto; S\u00e1nchez-Romero, Francisco-Javier; Helena M. Ramos; L\u00f3pez Jim\u00e9nez, Petra Amparo. (2021). Quantification of Potential Energy Recovering: A Case Study. Water Systems towards New Future Challenges (1 &#8211; 37). Multidisciplinary Digital Publishing Institute (MDPI). 978-3-0365-0411-7 P\u00e9rez-S\u00e1nchez, Modesto; S\u00e1nchez-Romero, Francisco-Javier; Helena M. Ramos; L\u00f3pez Jim\u00e9nez, Petra Amparo. (2021). Energy Recovery in Existing Water Networks: Towards Greater [&hellip;]<\/p>\n","protected":false},"author":35003,"featured_media":0,"parent":3945,"menu_order":0,"comment_status":"closed","ping_status":"closed","template":"","meta":{"om_disable_all_campaigns":false,"_monsterinsights_skip_tracking":false,"_monsterinsights_sitenote_active":false,"_monsterinsights_sitenote_note":"","_monsterinsights_sitenote_category":0,"footnotes":""},"class_list":["post-3948","page","type-page","status-publish","hentry","has-post-title","has-post-date","has-post-category","has-post-tag","has-post-comment","has-post-author",""],"_links":{"self":[{"href":"https:\/\/ai4s.blogs.upv.es\/index.php?rest_route=\/wp\/v2\/pages\/3948","targetHints":{"allow":["GET"]}}],"collection":[{"href":"https:\/\/ai4s.blogs.upv.es\/index.php?rest_route=\/wp\/v2\/pages"}],"about":[{"href":"https:\/\/ai4s.blogs.upv.es\/index.php?rest_route=\/wp\/v2\/types\/page"}],"author":[{"embeddable":true,"href":"https:\/\/ai4s.blogs.upv.es\/index.php?rest_route=\/wp\/v2\/users\/35003"}],"replies":[{"embeddable":true,"href":"https:\/\/ai4s.blogs.upv.es\/index.php?rest_route=%2Fwp%2Fv2%2Fcomments&post=3948"}],"version-history":[{"count":4,"href":"https:\/\/ai4s.blogs.upv.es\/index.php?rest_route=\/wp\/v2\/pages\/3948\/revisions"}],"predecessor-version":[{"id":6169,"href":"https:\/\/ai4s.blogs.upv.es\/index.php?rest_route=\/wp\/v2\/pages\/3948\/revisions\/6169"}],"up":[{"embeddable":true,"href":"https:\/\/ai4s.blogs.upv.es\/index.php?rest_route=\/wp\/v2\/pages\/3945"}],"wp:attachment":[{"href":"https:\/\/ai4s.blogs.upv.es\/index.php?rest_route=%2Fwp%2Fv2%2Fmedia&parent=3948"}],"curies":[{"name":"wp","href":"https:\/\/api.w.org\/{rel}","templated":true}]}}