{"id":4,"date":"2025-12-09T12:31:54","date_gmt":"2025-12-09T12:31:54","guid":{"rendered":"http:\/\/ai4s.blogs.upv.es\/?page_id=2"},"modified":"2025-12-17T11:02:17","modified_gmt":"2025-12-17T11:02:17","slug":"pagina-ejemplo","status":"publish","type":"page","link":"https:\/\/ai4s.blogs.upv.es\/?page_id=4","title":{"rendered":"Trabajando con personas"},"content":{"rendered":"\r\n<div>La comprensi\u00f3n de las interacciones entre agua, ingenier\u00eda y sostenibilidad se basan en el buen hacer de las personas que componen nuestro grupo. Palabras como planificar, dise\u00f1ar, adquirir, construir, administrar, modelar, calcular y divulgar son las que gu\u00edan nuestros objetivos en cada momento. Como siempre, lo que mueve las acciones son las personas: estas son nuestras personas.<\/div>\r\n<p>&nbsp;<\/p>\r\n<table style=\"border-collapse: collapse;width: 100%\">\r\n<tbody>\r\n<tr>\r\n<td style=\"width: 33.3333%\">\r\n<p><a href=\"https:\/\/ai4s.blogs.upv.es\/pagina-ejemplo\/personas-en-el-dihma\/\"><img loading=\"lazy\" decoding=\"async\" class=\"size-full wp-image-2389 aligncenter\" src=\"https:\/\/ai4s.blogs.upv.es\/wp-content\/uploads\/2021\/03\/Imagen1-2-e1614838636723.png\" alt=\"\" width=\"250\" height=\"107\" \/><\/a><\/p>\r\n<\/td>\r\n<td style=\"width: 33.3333%\"><a href=\"https:\/\/ai4s.blogs.upv.es\/pagina-ejemplo\/podupv\/\"><img loading=\"lazy\" decoding=\"async\" class=\"wp-image-2410 aligncenter\" src=\"https:\/\/ai4s.blogs.upv.es\/wp-content\/uploads\/2021\/03\/upv.png\" alt=\"\" width=\"111\" height=\"129\" \/><\/a><\/td>\r\n<td style=\"width: 33.3333%\"><a href=\"https:\/\/ai4s.blogs.upv.es\/pagina-ejemplo\/pcentrointern\/\"><img loading=\"lazy\" decoding=\"async\" class=\"wp-image-2407 aligncenter\" src=\"https:\/\/ai4s.blogs.upv.es\/wp-content\/uploads\/2021\/03\/globoterraqueo.jpg\" alt=\"\" width=\"219\" height=\"146\" \/><\/a><\/td>\r\n<\/tr>\r\n<tr>\r\n<td style=\"width: 33.3333%;text-align: center\"><strong><em><span style=\"font-family: verdana, geneva, sans-serif\">UPV-DIHMA<\/span><\/em><\/strong><\/td>\r\n<td style=\"width: 33.3333%;text-align: center\"><strong><em>OTROS DEPARTAMENTOS UPV<\/em><\/strong><\/td>\r\n<td style=\"width: 33.3333%;text-align: center\"><a href=\"https:\/\/ai4s.blogs.upv.es\/pagina-ejemplo\/pcentrointern\/\"><strong><em>CENTROS INTERNACIONALES<\/em><\/strong><\/a><\/td>\r\n<\/tr>\r\n<\/tbody>\r\n<\/table>\r\n<p>&nbsp;<\/p>\r\n<p>&nbsp;<\/p>\r\n<p>&nbsp;<\/p>\r\n\r\n\r\n\r\n<p>&nbsp;<\/p>\r\n\n\n<!--themify_builder_static--><!--\/themify_builder_static-->","protected":false},"excerpt":{"rendered":"<p>La comprensi\u00f3n de las interacciones entre agua, ingenier\u00eda y sostenibilidad se basan en el buen hacer de las personas que componen nuestro grupo. Palabras como planificar, dise\u00f1ar, adquirir, construir, administrar, modelar, calcular y divulgar son las que gu\u00edan nuestros objetivos en cada momento. Como siempre, lo que mueve las acciones son las personas: estas son [&hellip;]<\/p>\n","protected":false},"author":35003,"featured_media":0,"parent":0,"menu_order":1,"comment_status":"closed","ping_status":"closed","template":"","meta":{"om_disable_all_campaigns":false,"_monsterinsights_skip_tracking":false,"_monsterinsights_sitenote_active":false,"_monsterinsights_sitenote_note":"","_monsterinsights_sitenote_category":0,"footnotes":""},"class_list":["post-4","page","type-page","status-publish","hentry","has-post-title","has-post-date","has-post-category","has-post-tag","has-post-comment","has-post-author",""],"_links":{"self":[{"href":"https:\/\/ai4s.blogs.upv.es\/index.php?rest_route=\/wp\/v2\/pages\/4","targetHints":{"allow":["GET"]}}],"collection":[{"href":"https:\/\/ai4s.blogs.upv.es\/index.php?rest_route=\/wp\/v2\/pages"}],"about":[{"href":"https:\/\/ai4s.blogs.upv.es\/index.php?rest_route=\/wp\/v2\/types\/page"}],"author":[{"embeddable":true,"href":"https:\/\/ai4s.blogs.upv.es\/index.php?rest_route=\/wp\/v2\/users\/35003"}],"replies":[{"embeddable":true,"href":"https:\/\/ai4s.blogs.upv.es\/index.php?rest_route=%2Fwp%2Fv2%2Fcomments&post=4"}],"version-history":[{"count":3,"href":"https:\/\/ai4s.blogs.upv.es\/index.php?rest_route=\/wp\/v2\/pages\/4\/revisions"}],"predecessor-version":[{"id":6133,"href":"https:\/\/ai4s.blogs.upv.es\/index.php?rest_route=\/wp\/v2\/pages\/4\/revisions\/6133"}],"wp:attachment":[{"href":"https:\/\/ai4s.blogs.upv.es\/index.php?rest_route=%2Fwp%2Fv2%2Fmedia&parent=4"}],"curies":[{"name":"wp","href":"https:\/\/api.w.org\/{rel}","templated":true}]}}