{"id":4201,"date":"2021-05-11T09:23:48","date_gmt":"2021-05-11T09:23:48","guid":{"rendered":"https:\/\/ai4s.blogs.upv.es\/?page_id=4201"},"modified":"2025-12-09T13:24:21","modified_gmt":"2025-12-09T13:24:21","slug":"ai2020","status":"publish","type":"page","link":"https:\/\/ai4s.blogs.upv.es\/?page_id=4201","title":{"rendered":"AI2020"},"content":{"rendered":"<ol>\n<li>Camilo Rosado, Luis E.; L\u00f3pez Jim\u00e9nez, Petra Amparo; S\u00e1nchez-Romero, Francisco-Javier; Conejos Fuertes, Pilar; P\u00e9rez-S\u00e1nchez, Modesto. (2020) Applied Strategy to Characterize the Energy Improvement Using PATs in a Water Supply System. Water, 6 (12), 1 &#8211; 22. 10.3390\/w12061818<\/li>\n<li>Ramos, Helena M.; McNabola, A.; L\u00f3pez Jim\u00e9nez, Petra Amparo; P\u00e9rez-S\u00e1nchez, Modesto. (2020) Smart Water Management towards Future Water Sustainable Networks. Water, 1 (12), 1 &#8211; 13. 10.3390\/w12010058<\/li>\n<li>Mar\u00eda Colomina; P\u00e9rez-S\u00e1nchez, Modesto; Sanchis, R.; D\u00edaz-Madro\u00f1ero Boluda, Francisco Manuel. (2020) An\u00e1lisis de la capacidad necesaria en los procesos de tratamiento de aguas mediante programaci\u00f3n matem\u00e1tica. Un caso de estudio. Econom\u00eda Agraria y Recursos Naturales, 1 (2), 37 &#8211; 51.<\/li>\n<li>P\u00e9rez-S\u00e1nchez, Modesto; L\u00f3pez Jim\u00e9nez, Petra Amparo. (2020) Continuous Project-Based Learning in Fluid Mechanics and Hydraulic Engineering Subjects for Different Degrees. Fluids , 2 (5), 1 &#8211; 15. 10.3390\/fluids5020095<\/li>\n<li>Ramos, Helena M.; Sim\u00e3o, Mariana; P\u00e9rez-S\u00e1nchez, Modesto; Fernandes, Jo\u00e3o F.P. ; Costa Branco, Paulo J.; L\u00f3pez Jim\u00e9nez, Petra Amparo. (2020) Caracteriza\u00e7\u00e3o do comportamento de bombas a funcionar como turbinas: an\u00e1lise num\u00e9rica e experimental . \u00c1guas &amp; Res\u00edduos, 7 (4), 44 &#8211; 54. 10.22181\/aer.2020.0705<\/li>\n<li>P\u00e9rez-S\u00e1nchez, Modesto; S\u00e1nchez-Romero, Francisco-Javier; Ramos, Helena M.; L\u00f3pez Jim\u00e9nez, Petra Amparo. (2020) Improved Planning of Energy Recovery in Water Systems Using a New Analytic Approach to PAT Performance Curves. Water, 468 (12), 1 &#8211; 16. 10.3390\/w12020468<\/li>\n<li>Ll\u00e1cer Iglesias, Rosa Mar\u00eda; Jose M. P\u00e9rez; Satorre-Aznar, Jos\u00e9 Ricardo; L\u00f3pez Jim\u00e9nez, Petra Amparo; P\u00e9rez-S\u00e1nchez, Modesto. (2020) Energy recovery in wastewater treatment systems through hydraulic micro-machinery. Case study. Journal of Applied Research in Technology &amp; Engineering, 1 (1), 15 &#8211; 21. 10.4995\/jarte.2020.13766<\/li>\n<li>Polyakova, Oksana; Galstyan-Sargsyan, Ruzana; L\u00f3pez Jim\u00e9nez, Petra Amparo; P\u00e9rez-S\u00e1nchez, Modesto. (2020) Transversal Competences in Engineering Degrees: Integrating Content and Foreign Language Teaching. Education Sciences, 11 (1), 1 &#8211; 13. 10.3390\/educsci10110296<\/li>\n<li>Madeira, Filipe C.; Fernandes, Joao F. P.; P\u00e9rez-S\u00e1nchez, Modesto; L\u00f3pez Jim\u00e9nez, Petra Amparo; Ramos, Helena M.; Costa Branco, P. J.. (2020) Electro-Hydraulic Transient Regimes in Isolated Pumps Working as Turbines with Self-Excited Induction Generators. Energies, 17 (13), 1 &#8211; 23. 10.3390\/en13174521<\/li>\n<li>Ram\u00edrez-Aguilar, Roberto Xavier; Torres Toro, David; L\u00f3pez Jim\u00e9nez, Petra Amparo; Cobacho Jord\u00e1n, Ricardo. (2020) A Front-Line and Cost-Effective Model for the Assessment of Service Life of Network Pipes. Water, 3 (12), 1 &#8211; 23. 10.3390\/w12030667Molina-Gomez, Nidia Isabel; Rodriguez-Rojas, Karen; Calder\u00f3n-Rivera, Dayam; D\u00edaz Ar\u00e9valo, Jose Luis; L\u00f3pez Jim\u00e9nez, Petra Amparo. (2020) Using Machine Learning Tools to Classify Sustainability Levels in the Development of Urban Ecosystems. Sustainability, 8 (12), 1 &#8211; 20. 10.3390\/su12083326<\/li>\n<\/ol>\n<p><!--themify_builder_static--><!--\/themify_builder_static--><\/p>\n","protected":false},"excerpt":{"rendered":"<p>Camilo Rosado, Luis E.; L\u00f3pez Jim\u00e9nez, Petra Amparo; S\u00e1nchez-Romero, Francisco-Javier; Conejos Fuertes, Pilar; P\u00e9rez-S\u00e1nchez, Modesto. (2020) Applied Strategy to Characterize the Energy Improvement Using PATs in a Water Supply System. Water, 6 (12), 1 &#8211; 22. 10.3390\/w12061818 Ramos, Helena M.; McNabola, A.; L\u00f3pez Jim\u00e9nez, Petra Amparo; P\u00e9rez-S\u00e1nchez, Modesto. (2020) Smart Water Management towards Future Water [&hellip;]<\/p>\n","protected":false},"author":35003,"featured_media":0,"parent":3939,"menu_order":0,"comment_status":"closed","ping_status":"closed","template":"","meta":{"om_disable_all_campaigns":false,"_monsterinsights_skip_tracking":false,"_monsterinsights_sitenote_active":false,"_monsterinsights_sitenote_note":"","_monsterinsights_sitenote_category":0,"footnotes":""},"class_list":["post-4201","page","type-page","status-publish","hentry","has-post-title","has-post-date","has-post-category","has-post-tag","has-post-comment","has-post-author",""],"_links":{"self":[{"href":"https:\/\/ai4s.blogs.upv.es\/index.php?rest_route=\/wp\/v2\/pages\/4201","targetHints":{"allow":["GET"]}}],"collection":[{"href":"https:\/\/ai4s.blogs.upv.es\/index.php?rest_route=\/wp\/v2\/pages"}],"about":[{"href":"https:\/\/ai4s.blogs.upv.es\/index.php?rest_route=\/wp\/v2\/types\/page"}],"author":[{"embeddable":true,"href":"https:\/\/ai4s.blogs.upv.es\/index.php?rest_route=\/wp\/v2\/users\/35003"}],"replies":[{"embeddable":true,"href":"https:\/\/ai4s.blogs.upv.es\/index.php?rest_route=%2Fwp%2Fv2%2Fcomments&post=4201"}],"version-history":[{"count":5,"href":"https:\/\/ai4s.blogs.upv.es\/index.php?rest_route=\/wp\/v2\/pages\/4201\/revisions"}],"predecessor-version":[{"id":6182,"href":"https:\/\/ai4s.blogs.upv.es\/index.php?rest_route=\/wp\/v2\/pages\/4201\/revisions\/6182"}],"up":[{"embeddable":true,"href":"https:\/\/ai4s.blogs.upv.es\/index.php?rest_route=\/wp\/v2\/pages\/3939"}],"wp:attachment":[{"href":"https:\/\/ai4s.blogs.upv.es\/index.php?rest_route=%2Fwp%2Fv2%2Fmedia&parent=4201"}],"curies":[{"name":"wp","href":"https:\/\/api.w.org\/{rel}","templated":true}]}}