{"id":4205,"date":"2021-05-11T09:25:13","date_gmt":"2021-05-11T09:25:13","guid":{"rendered":"https:\/\/ai4s.blogs.upv.es\/?page_id=4205"},"modified":"2025-12-09T13:24:34","modified_gmt":"2025-12-09T13:24:34","slug":"ai2019","status":"publish","type":"page","link":"https:\/\/ai4s.blogs.upv.es\/?page_id=4205","title":{"rendered":"AI2019"},"content":{"rendered":"<ol>\n<li>Sanchis, R.; D\u00edaz-Madro\u00f1ero Boluda, Francisco Manuel; L\u00f3pez Jim\u00e9nez, Petra Amparo; P\u00e9rez-S\u00e1nchez, Modesto. (2019) Solution Approaches for the Management of the Water Resources in Irrigation Water Systems with Fuzzy Costs. Water, 12 (11), 1 &#8211; 22. 10.3390\/w11122432<\/li>\n<li>Simao, M; P\u00e9rez-S\u00e1nchez, Modesto; Carraveta, Armando; Ramos, Helena M.. (2019) Flow Conditions for PATs Operating in Parallel: Experimental and Numerical Analyses. Energies, 91 (12), 1 &#8211; 19. 10.3390\/en12050901<\/li>\n<li>P\u00e9rez-S\u00e1nchez, Modesto; S\u00e1nchez-Romero, Francisco-Javier; Torregrosa Soler, Juan Bautista; Red\u00f3n-Santaf\u00e9, Miguel; Ferran Gozalvez, Jos\u00e9 Javier; Ferrer Gisbert, Carlos Manuel &#8230; L\u00f3pez Jim\u00e9nez, Petra Amparo. (2019) Numerical study for the development of flood maps considering the break hypothesis in irrigation reservoirs. Ingenier\u00eda del agua (Online), 1 (23), 1 &#8211; 18. 10.4995\/Ia.2019.8892<\/li>\n<li>Ramos, Helena M.; Zilhao, M.; L\u00f3pez Jim\u00e9nez, Petra Amparo; P\u00e9rez-S\u00e1nchez, Modesto. (2019) Sustainable water-energy nexus in the optimization of the BBC golf-course using renewable energies. Urban Water Journal, 3 (16), 1 &#8211; 11. 10.1080\/1573062X.2019.1648529<\/li>\n<li>Joaqu\u00edn Cuarenta, Jes\u00fas David; Mora-Rodr\u00edguez, Jes\u00fas; Carre\u00f1o Aguilera, Gilberto; Ortiz Medel, Josefina; P\u00e9rez-S\u00e1nchez, Modesto; L\u00f3pez Jim\u00e9nez, Petra Amparo. (2019) Generation of energy from a pump functioning as a turbine in a main of water supply of Guanajuato. Acta Universitaria (Online) (29)1 &#8211; 14. 10.15174\/au.2019.2512<\/li>\n<li>Fernandes, Jo\u00e3o F.P. ; P\u00e9rez-S\u00e1nchez, Modesto; Ferreira, F.; Ramos, Helena M.; L\u00f3pez Jim\u00e9nez, Petra Amparo; Costa Branco, P.J. . (2019) Optimal energy efficiency of isolated PAT systems by SEIG excitation tuning. Energy Conversion and Management (183)391 &#8211; 405. 10.1016\/j.enconman.2019.01.016<\/li>\n<\/ol>\n<p><!--themify_builder_static--><!--\/themify_builder_static--><\/p>\n","protected":false},"excerpt":{"rendered":"<p>Sanchis, R.; D\u00edaz-Madro\u00f1ero Boluda, Francisco Manuel; L\u00f3pez Jim\u00e9nez, Petra Amparo; P\u00e9rez-S\u00e1nchez, Modesto. (2019) Solution Approaches for the Management of the Water Resources in Irrigation Water Systems with Fuzzy Costs. Water, 12 (11), 1 &#8211; 22. 10.3390\/w11122432 Simao, M; P\u00e9rez-S\u00e1nchez, Modesto; Carraveta, Armando; Ramos, Helena M.. (2019) Flow Conditions for PATs Operating in Parallel: Experimental and [&hellip;]<\/p>\n","protected":false},"author":35003,"featured_media":0,"parent":3939,"menu_order":0,"comment_status":"closed","ping_status":"closed","template":"","meta":{"om_disable_all_campaigns":false,"_monsterinsights_skip_tracking":false,"_monsterinsights_sitenote_active":false,"_monsterinsights_sitenote_note":"","_monsterinsights_sitenote_category":0,"footnotes":""},"class_list":["post-4205","page","type-page","status-publish","hentry","has-post-title","has-post-date","has-post-category","has-post-tag","has-post-comment","has-post-author",""],"_links":{"self":[{"href":"https:\/\/ai4s.blogs.upv.es\/index.php?rest_route=\/wp\/v2\/pages\/4205","targetHints":{"allow":["GET"]}}],"collection":[{"href":"https:\/\/ai4s.blogs.upv.es\/index.php?rest_route=\/wp\/v2\/pages"}],"about":[{"href":"https:\/\/ai4s.blogs.upv.es\/index.php?rest_route=\/wp\/v2\/types\/page"}],"author":[{"embeddable":true,"href":"https:\/\/ai4s.blogs.upv.es\/index.php?rest_route=\/wp\/v2\/users\/35003"}],"replies":[{"embeddable":true,"href":"https:\/\/ai4s.blogs.upv.es\/index.php?rest_route=%2Fwp%2Fv2%2Fcomments&post=4205"}],"version-history":[{"count":3,"href":"https:\/\/ai4s.blogs.upv.es\/index.php?rest_route=\/wp\/v2\/pages\/4205\/revisions"}],"predecessor-version":[{"id":6184,"href":"https:\/\/ai4s.blogs.upv.es\/index.php?rest_route=\/wp\/v2\/pages\/4205\/revisions\/6184"}],"up":[{"embeddable":true,"href":"https:\/\/ai4s.blogs.upv.es\/index.php?rest_route=\/wp\/v2\/pages\/3939"}],"wp:attachment":[{"href":"https:\/\/ai4s.blogs.upv.es\/index.php?rest_route=%2Fwp%2Fv2%2Fmedia&parent=4205"}],"curies":[{"name":"wp","href":"https:\/\/api.w.org\/{rel}","templated":true}]}}