{"id":4209,"date":"2021-05-11T09:27:53","date_gmt":"2021-05-11T09:27:53","guid":{"rendered":"https:\/\/ai4s.blogs.upv.es\/?page_id=4209"},"modified":"2025-12-09T13:24:45","modified_gmt":"2025-12-09T13:24:45","slug":"ai2018","status":"publish","type":"page","link":"https:\/\/ai4s.blogs.upv.es\/?page_id=4209","title":{"rendered":"AI2018"},"content":{"rendered":"<ol>\n<li>P\u00e9rez-S\u00e1nchez, Modesto; L\u00f3pez Jim\u00e9nez, Petra Amparo; Ramos, Helena M.. (2018) PATs Operating in Water Networks under Unsteady Flow Conditions: Control Valve Manoeuvre and Overspeed Effect. Water, 4 (1), 1 &#8211; 17. 10.3390\/w10040529<\/li>\n<li>D\u00edaz-Madro\u00f1ero Boluda, Francisco Manuel; P\u00e9rez-S\u00e1nchez, Modesto; Satorre-Aznar, Jos\u00e9 Ricardo; Mula, Josefa; L\u00f3pez Jim\u00e9nez, Petra Amparo. (2018) Analysis of a wastewater treatment plant using fuzzy goal programming as a management tool: A case study. Journal of Cleaner Production, 1 (18), 20 &#8211; 33. 10.1016\/j.jclepro.2018.01.129<\/li>\n<li>Romero Laura; P\u00e9rez-S\u00e1nchez, Modesto; L\u00f3pez Jim\u00e9nez, Petra Amparo. (2018) Estimation of the characteristic curves of pumped systems working as turbines through their curves operating as pump . Ingenier\u00eda del agua, 1 (22), 15 &#8211; 26. 10.4995\/Ia.2018.7938<\/li>\n<li>Blanco, M.; Touze-Foltz, N.; P\u00e9rez-S\u00e1nchez, Modesto; Red\u00f3n-Santaf\u00e9, Miguel; S\u00e1nchez-Romero, Francisco-Javier; Torregrosa Soler, Juan Bautista; Zapata Raboso, Francisco Antonio. (2018) Durability of reinforced PVC-P geomembranes installed in reservoirs in eastern Spain. Geosynthetics International, 1 (25), 85 &#8211; 97. 10.1680\/jgein.17.00035<\/li>\n<li>Ortiz-Juan, R; P\u00e9rez-S\u00e1nchez, Modesto; L\u00f3pez Jim\u00e9nez, Petra Amparo. (2018) Blades design for a small wind turbine to supply a rural house. Case study. International Journal of Energy and Environment (IJEE), 1 (9), 27 &#8211; 36.<\/li>\n<li>S\u00e1nchez-Romero, Francisco-Javier; P\u00e9rez-S\u00e1nchez, Modesto; L\u00f3pez Jim\u00e9nez, Petra Amparo. (2018) Modelo anal\u00edtico para el c\u00e1lculo de distribuciones de velocidad laterales en secciones tipo potencial-ley. RIBAGUA &#8211; Revista Iberoamericana del Agua, 1 (5), 29 &#8211; 47. 10.1080\/23863781.2018.1442189<\/li>\n<li>P\u00e9rez-S\u00e1nchez, Modesto; S\u00e1nchez-Romero, Francisco-Javier; L\u00f3pez Jim\u00e9nez, Petra Amparo; Ramos, Helena M.. (2018) PATs selection towards sustainability in irrigation networks: Simulated annealing as a water management tool. Renewable Energy (116)234 &#8211; 249. 10.1016\/j.renene.2017.09.060<\/li>\n<li>P\u00e9rez-S\u00e1nchez, Modesto; L\u00f3pez Jim\u00e9nez, Petra Amparo; Ramos, Helena M.. (2018) Modified Affinity Laws in Hydraulic Machines towards the Best Efficiency Line. Water Resources Management, 3 (32), 829 &#8211; 844. 10.1007\/s11269-017-1841-0<\/li>\n<li>Simao, M; P\u00e9rez-S\u00e1nchez, Modesto; Carraveta, Armando; L\u00f3pez Jim\u00e9nez, Petra Amparo; Ramos, Helena M.. (2018) Velocities in a Centrifugal PAT Operation: Experiments and CFD Analyses. Fluids , 1 (3), 1 &#8211; 21. 10.3390\/fluids3010003<\/li>\n<li>P\u00e9rez-S\u00e1nchez, Modesto; Carrero-Carrero, Lina Mar\u00eda; S\u00e1nchez-Romero, Francisco-Javier; L\u00f3pez Jim\u00e9nez, Petra Amparo; Lina Carrero. (2018) Comparison between Clement&#8217;s First Formula and Other Statistical Distributions in A Real Irrigation Network . Irrigation and Drainage, 3 (67), 429 &#8211; 440. 10.1002\/ird.2233<\/li>\n<li>P\u00e9rez-S\u00e1nchez, Modesto; Ferreira, A.R.; L\u00f3pez Jim\u00e9nez, Petra Amparo; Ramos, Helena M.. (2018) Design strategy to maximize recovery energy towards smart water grids: case study. Urban Water Journal, 4 (15), 329 &#8211; 337. 10.1080\/1573062X.2018.1459747<\/li>\n<\/ol>\n<p><!--themify_builder_static--><!--\/themify_builder_static--><\/p>\n","protected":false},"excerpt":{"rendered":"<p>P\u00e9rez-S\u00e1nchez, Modesto; L\u00f3pez Jim\u00e9nez, Petra Amparo; Ramos, Helena M.. (2018) PATs Operating in Water Networks under Unsteady Flow Conditions: Control Valve Manoeuvre and Overspeed Effect. Water, 4 (1), 1 &#8211; 17. 10.3390\/w10040529 D\u00edaz-Madro\u00f1ero Boluda, Francisco Manuel; P\u00e9rez-S\u00e1nchez, Modesto; Satorre-Aznar, Jos\u00e9 Ricardo; Mula, Josefa; L\u00f3pez Jim\u00e9nez, Petra Amparo. (2018) Analysis of a wastewater treatment plant using [&hellip;]<\/p>\n","protected":false},"author":35003,"featured_media":0,"parent":3939,"menu_order":0,"comment_status":"closed","ping_status":"closed","template":"","meta":{"om_disable_all_campaigns":false,"_monsterinsights_skip_tracking":false,"_monsterinsights_sitenote_active":false,"_monsterinsights_sitenote_note":"","_monsterinsights_sitenote_category":0,"footnotes":""},"class_list":["post-4209","page","type-page","status-publish","hentry","has-post-title","has-post-date","has-post-category","has-post-tag","has-post-comment","has-post-author",""],"_links":{"self":[{"href":"https:\/\/ai4s.blogs.upv.es\/index.php?rest_route=\/wp\/v2\/pages\/4209","targetHints":{"allow":["GET"]}}],"collection":[{"href":"https:\/\/ai4s.blogs.upv.es\/index.php?rest_route=\/wp\/v2\/pages"}],"about":[{"href":"https:\/\/ai4s.blogs.upv.es\/index.php?rest_route=\/wp\/v2\/types\/page"}],"author":[{"embeddable":true,"href":"https:\/\/ai4s.blogs.upv.es\/index.php?rest_route=\/wp\/v2\/users\/35003"}],"replies":[{"embeddable":true,"href":"https:\/\/ai4s.blogs.upv.es\/index.php?rest_route=%2Fwp%2Fv2%2Fcomments&post=4209"}],"version-history":[{"count":3,"href":"https:\/\/ai4s.blogs.upv.es\/index.php?rest_route=\/wp\/v2\/pages\/4209\/revisions"}],"predecessor-version":[{"id":6186,"href":"https:\/\/ai4s.blogs.upv.es\/index.php?rest_route=\/wp\/v2\/pages\/4209\/revisions\/6186"}],"up":[{"embeddable":true,"href":"https:\/\/ai4s.blogs.upv.es\/index.php?rest_route=\/wp\/v2\/pages\/3939"}],"wp:attachment":[{"href":"https:\/\/ai4s.blogs.upv.es\/index.php?rest_route=%2Fwp%2Fv2%2Fmedia&parent=4209"}],"curies":[{"name":"wp","href":"https:\/\/api.w.org\/{rel}","templated":true}]}}