{"id":4221,"date":"2021-05-11T09:46:48","date_gmt":"2021-05-11T09:46:48","guid":{"rendered":"https:\/\/ai4s.blogs.upv.es\/?page_id=4221"},"modified":"2025-12-09T13:24:59","modified_gmt":"2025-12-09T13:24:59","slug":"ai2017","status":"publish","type":"page","link":"https:\/\/ai4s.blogs.upv.es\/?page_id=4221","title":{"rendered":"AI2017"},"content":{"rendered":"<ol>\n<li>P\u00e9rez-S\u00e1nchez, Modesto; S\u00e1nchez-Romero, Francisco-Javier; L\u00f3pez Jim\u00e9nez, Petra Amparo. (2017) Nexo agua-energ\u00eda: optimizaci\u00f3n energ\u00e9tica en sistemas de distribuci\u00f3n. Aplicaci\u00f3n \u0093Postrasvase J\u00facar-Vinalop\u00f3\u0094, Espa\u00f1a. Tecnolog\u00eda y Ciencias del Agua, 4 (8), 19 &#8211; 36. 10.24850\/j-tyca-2017-04-02<\/li>\n<li>Capelo, Bernardo; P\u00e9rez-S\u00e1nchez, Modesto; Fernandes, Joao F. P.; Ramos, Helena M.; L\u00f3pez Jim\u00e9nez, Petra Amparo; Costa Branco, P. J.. (2017) Electrical behaviour of the pump working as turbine in off grid operation. Applied Energy (28)302 &#8211; 311. 10.1016\/j.apenergy.2017.10.039<\/li>\n<li>P\u00e9rez-S\u00e1nchez, Modesto; S\u00e1nchez-Romero, Francisco-Javier; L\u00f3pez Jim\u00e9nez, Petra Amparo. (2017) Energy footprint of water depending on consumption patterns in pressurized water networks. Ingenier\u00eda del agua, 3 (21), 197 &#8211; 212. 10.4995\/Ia.2017.7096<\/li>\n<li>P\u00e9rez-S\u00e1nchez, Modesto; Simao, Mariana; L\u00f3pez Jim\u00e9nez, Petra Amparo; Ramos, Helena M.. (2017) CFD Analyses and Experiments in a PAT Modeling: Pressure Variation and System Efficiency. Fluids , 4 (2), 1 &#8211; 17. 10.3390\/fluids2040051<\/li>\n<li>P\u00e9rez-S\u00e1nchez, Modesto; L\u00f3pez Jim\u00e9nez, Petra Amparo. (2017) Sustainability Challenges in Hydraulic Engineering for Agriculture. Agricultural Research &amp; Technology, 4 (11), 1 &#8211; 2. 10.19080\/ARTOAJ.2017.11.555816<\/li>\n<li>Ramos, Helena M. ; P\u00e9rez-S\u00e1nchez, Modesto; Bento Franco, A. ; L\u00f3pez Jim\u00e9nez, Petra Amparo. (2017) Urban Floods Adaptation and Sustainable Drainage Measures. Fluids , 4 (2), 1 &#8211; 18. 10.3390\/fluids2040061<\/li>\n<li>P\u00e9rez-S\u00e1nchez, Modesto; D\u00edaz-Madro\u00f1ero Boluda, Francisco Manuel; L\u00f3pez Jim\u00e9nez, Petra Amparo; Mula, Josefa. (2017) Mathematical Programming Model for Procurement Selection in Water Irrigation Systems. A Case Study. Journal of Engineering Science and Technology Review (Online), 6 (1), 146 &#8211; 153. 10.25103\/jestr.106.17<\/li>\n<li>Romero Laura; P\u00e9rez-S\u00e1nchez, Modesto; L\u00f3pez Jim\u00e9nez, Petra Amparo. (2017) Improvement of sustainability indicators when traditional water management changes: a case study in Alicante (Spain). AIMS Environmental Science, 3 (4), 502 &#8211; 522. 10.3934\/environsci.2017.3.502.<\/li>\n<li>P\u00e9rez-S\u00e1nchez, Modesto; S\u00e1nchez-Romero, Francisco-Javier; Ramos, Helena M.; L\u00f3pez Jim\u00e9nez, Petra Amparo. (2017) Optimization Strategy for Improving the Energy Efficiency of Irrigation Systems by Micro Hydropower: Practical Application. Water, 1 (9), &#8211; . 10.3390\/w9100799<\/li>\n<li>P\u00e9rez-S\u00e1nchez, Modesto; S\u00e1nchez-Romero, Francisco-Javier; Ramos, Helena M.; L\u00f3pez Jim\u00e9nez, Petra Amparo. (2017) Calibrating a flow model in an irrigation network: Case study in Alicante, Spain. Spanish Journal of Agricultural Research (Online), 1 (15), 1 &#8211; 13. 10.5424\/sjar\/2017151-10144<\/li>\n<li>Romero, Laura; P\u00e9rez-S\u00e1nchez, Modesto; L\u00f3pez Jim\u00e9nez, Petra Amparo. (2017) Environmental and energy problematic in the mediterranean irrigation regions framework . International Journal of Energy and Environment (IJEE), 1 (8), 51 &#8211; 62.<\/li>\n<li>Romero Laura; P\u00e9rez-S\u00e1nchez, Modesto; L\u00f3pez Jim\u00e9nez, Petra Amparo. (2017) Water implications in Mediterranean irrigation networks: Problems and solutions . International Journal of Energy and Environment (IJEE), 1 (8), 83 &#8211; 96.<\/li>\n<li>P\u00e9rez-S\u00e1nchez, Modesto; S\u00e1nchez-Romero, Francisco-Javier; Helena M. Ramos; L\u00f3pez Jim\u00e9nez, Petra Amparo. (2017) Energy Recovery in Existing Water Networks: Towards Greater Sustainability. Water, 2 (9), 97 &#8211; 117. 10.3390\/w9020097<\/li>\n<\/ol>\n<p><!--themify_builder_static--><!--\/themify_builder_static--><\/p>\n","protected":false},"excerpt":{"rendered":"<p>P\u00e9rez-S\u00e1nchez, Modesto; S\u00e1nchez-Romero, Francisco-Javier; L\u00f3pez Jim\u00e9nez, Petra Amparo. (2017) Nexo agua-energ\u00eda: optimizaci\u00f3n energ\u00e9tica en sistemas de distribuci\u00f3n. Aplicaci\u00f3n \u0093Postrasvase J\u00facar-Vinalop\u00f3\u0094, Espa\u00f1a. Tecnolog\u00eda y Ciencias del Agua, 4 (8), 19 &#8211; 36. 10.24850\/j-tyca-2017-04-02 Capelo, Bernardo; P\u00e9rez-S\u00e1nchez, Modesto; Fernandes, Joao F. P.; Ramos, Helena M.; L\u00f3pez Jim\u00e9nez, Petra Amparo; Costa Branco, P. J.. (2017) Electrical behaviour of [&hellip;]<\/p>\n","protected":false},"author":35003,"featured_media":0,"parent":3939,"menu_order":0,"comment_status":"closed","ping_status":"closed","template":"","meta":{"om_disable_all_campaigns":false,"_monsterinsights_skip_tracking":false,"_monsterinsights_sitenote_active":false,"_monsterinsights_sitenote_note":"","_monsterinsights_sitenote_category":0,"footnotes":""},"class_list":["post-4221","page","type-page","status-publish","hentry","has-post-title","has-post-date","has-post-category","has-post-tag","has-post-comment","has-post-author",""],"_links":{"self":[{"href":"https:\/\/ai4s.blogs.upv.es\/index.php?rest_route=\/wp\/v2\/pages\/4221","targetHints":{"allow":["GET"]}}],"collection":[{"href":"https:\/\/ai4s.blogs.upv.es\/index.php?rest_route=\/wp\/v2\/pages"}],"about":[{"href":"https:\/\/ai4s.blogs.upv.es\/index.php?rest_route=\/wp\/v2\/types\/page"}],"author":[{"embeddable":true,"href":"https:\/\/ai4s.blogs.upv.es\/index.php?rest_route=\/wp\/v2\/users\/35003"}],"replies":[{"embeddable":true,"href":"https:\/\/ai4s.blogs.upv.es\/index.php?rest_route=%2Fwp%2Fv2%2Fcomments&post=4221"}],"version-history":[{"count":5,"href":"https:\/\/ai4s.blogs.upv.es\/index.php?rest_route=\/wp\/v2\/pages\/4221\/revisions"}],"predecessor-version":[{"id":6188,"href":"https:\/\/ai4s.blogs.upv.es\/index.php?rest_route=\/wp\/v2\/pages\/4221\/revisions\/6188"}],"up":[{"embeddable":true,"href":"https:\/\/ai4s.blogs.upv.es\/index.php?rest_route=\/wp\/v2\/pages\/3939"}],"wp:attachment":[{"href":"https:\/\/ai4s.blogs.upv.es\/index.php?rest_route=%2Fwp%2Fv2%2Fmedia&parent=4221"}],"curies":[{"name":"wp","href":"https:\/\/api.w.org\/{rel}","templated":true}]}}