{"id":4233,"date":"2021-05-11T10:00:48","date_gmt":"2021-05-11T10:00:48","guid":{"rendered":"https:\/\/ai4s.blogs.upv.es\/?page_id=4233"},"modified":"2025-12-09T13:25:11","modified_gmt":"2025-12-09T13:25:11","slug":"ai2016","status":"publish","type":"page","link":"https:\/\/ai4s.blogs.upv.es\/?page_id=4233","title":{"rendered":"AI2016"},"content":{"rendered":"<ol>\n<li>Ferrer Gisbert, Carlos Manuel; Ferran Gozalvez, Jos\u00e9 Javier; Torregrosa Soler, Juan Bautista; S\u00e1nchez-Romero, Francisco-Javier; Red\u00f3n-Santaf\u00e9, Miguel; P\u00e9rez-S\u00e1nchez, Modesto. (2016) Study of slab on grade thickness for racking throughout Finite Element Method. Informes de la Construcci\u00f3n (68)1 &#8211; 10. 10.3989\/ic.15.093<\/li>\n<li>P\u00e9rez-S\u00e1nchez, Modesto; S\u00e1nchez-Romero, Francisco-Javier; Helena M. Ramos; L\u00f3pez Jim\u00e9nez, Petra Amparo. (2016) Modeling Irrigation Networks for the Quantification of Potential Energy Recovering: A Case Study. Water, 6 (8), 1 &#8211; 26. 10.3390\/w8060234<\/li>\n<li>Ferran Gozalvez, Jos\u00e9 Javier; Ferrer Gisbert, Carlos Manuel; Red\u00f3n Santaf\u00e9, Miguel; P\u00e9rez S\u00e1nchez, Modesto; Torregrosa Soler, Juan Bautista; S\u00e1nchez Romero, Francisco Javier. (2013) APLICACION DE UNA MEZCLA DE SUELOS PARA EL DESARROLLO DE LA CAPA DE APOYO \u00abESTABLE\u00bb A LO LARGO DEL TIEMPO EN LOS TALUDES PARA LA GEOMEMBRANA DE LA BALSA \u00abCONSELLER JOSE RAMON GARCIA ANTON\u00bb, ELCHE, ALICANTE.. Ingenieria Civil (171)145 &#8211; 152.<\/li>\n<\/ol>\n<p><!--themify_builder_static--><!--\/themify_builder_static--><\/p>\n","protected":false},"excerpt":{"rendered":"<p>Ferrer Gisbert, Carlos Manuel; Ferran Gozalvez, Jos\u00e9 Javier; Torregrosa Soler, Juan Bautista; S\u00e1nchez-Romero, Francisco-Javier; Red\u00f3n-Santaf\u00e9, Miguel; P\u00e9rez-S\u00e1nchez, Modesto. (2016) Study of slab on grade thickness for racking throughout Finite Element Method. Informes de la Construcci\u00f3n (68)1 &#8211; 10. 10.3989\/ic.15.093 P\u00e9rez-S\u00e1nchez, Modesto; S\u00e1nchez-Romero, Francisco-Javier; Helena M. Ramos; L\u00f3pez Jim\u00e9nez, Petra Amparo. (2016) Modeling Irrigation Networks for [&hellip;]<\/p>\n","protected":false},"author":35003,"featured_media":0,"parent":3939,"menu_order":0,"comment_status":"closed","ping_status":"closed","template":"","meta":{"om_disable_all_campaigns":false,"_monsterinsights_skip_tracking":false,"_monsterinsights_sitenote_active":false,"_monsterinsights_sitenote_note":"","_monsterinsights_sitenote_category":0,"footnotes":""},"class_list":["post-4233","page","type-page","status-publish","hentry","has-post-title","has-post-date","has-post-category","has-post-tag","has-post-comment","has-post-author",""],"_links":{"self":[{"href":"https:\/\/ai4s.blogs.upv.es\/index.php?rest_route=\/wp\/v2\/pages\/4233","targetHints":{"allow":["GET"]}}],"collection":[{"href":"https:\/\/ai4s.blogs.upv.es\/index.php?rest_route=\/wp\/v2\/pages"}],"about":[{"href":"https:\/\/ai4s.blogs.upv.es\/index.php?rest_route=\/wp\/v2\/types\/page"}],"author":[{"embeddable":true,"href":"https:\/\/ai4s.blogs.upv.es\/index.php?rest_route=\/wp\/v2\/users\/35003"}],"replies":[{"embeddable":true,"href":"https:\/\/ai4s.blogs.upv.es\/index.php?rest_route=%2Fwp%2Fv2%2Fcomments&post=4233"}],"version-history":[{"count":3,"href":"https:\/\/ai4s.blogs.upv.es\/index.php?rest_route=\/wp\/v2\/pages\/4233\/revisions"}],"predecessor-version":[{"id":6190,"href":"https:\/\/ai4s.blogs.upv.es\/index.php?rest_route=\/wp\/v2\/pages\/4233\/revisions\/6190"}],"up":[{"embeddable":true,"href":"https:\/\/ai4s.blogs.upv.es\/index.php?rest_route=\/wp\/v2\/pages\/3939"}],"wp:attachment":[{"href":"https:\/\/ai4s.blogs.upv.es\/index.php?rest_route=%2Fwp%2Fv2%2Fmedia&parent=4233"}],"curies":[{"name":"wp","href":"https:\/\/api.w.org\/{rel}","templated":true}]}}