{"id":4386,"date":"2025-12-09T13:31:57","date_gmt":"2025-12-09T13:31:57","guid":{"rendered":"https:\/\/ai4s.blogs.upv.es\/?page_id=4386"},"modified":"2025-12-09T13:31:57","modified_gmt":"2025-12-09T13:31:57","slug":"videos-explicativos-simulaciones","status":"publish","type":"page","link":"https:\/\/ai4s.blogs.upv.es\/?page_id=4386","title":{"rendered":"Videos Explicativos\/Simulaciones"},"content":{"rendered":"<p>En este espacio encontraras diferentes videos y simulaciones realizados por otros autores y que os adjuntamos con sus link originales para que pod\u00e1is entender mejor los diferentes fen\u00f3menos hidr\u00e1ulicos, elementos constitutivos de los sistemas hidr\u00e1ulicos o simplemente como mera curiosidad de la aplicaci\u00f3n pr\u00e1ctica desde la teoria impartida en nuestras asignaturas.<\/p>\n<p><!--themify_builder_static--><img decoding=\"async\" src=\"https:\/\/ai4s.blogs.upv.es\/wp-content\/uploads\/2021\/03\/IMG-20150715-WA0003.jpg\" title=\"IMG-20150715-WA0003\" alt=\"Mec\u00e1nica de Fluidos\" srcset=\"https:\/\/ai4s.blogs.upv.es\/wp-content\/uploads\/2021\/03\/IMG-20150715-WA0003.jpg 552w, https:\/\/ai4s.blogs.upv.es\/wp-content\/uploads\/2021\/03\/IMG-20150715-WA0003-300x225.jpg 300w\" sizes=\"(max-width: 552px) 100vw, 552px\" \/><\/p>\n<h3> Mec\u00e1nica de Fluidos<\/h3>\n<p><img decoding=\"async\" src=\"https:\/\/ai4s.blogs.upv.es\/wp-content\/uploads\/2021\/03\/IMG-20150715-WA0003.jpg\" title=\"IMG-20150715-WA0003\" alt=\"Mec\u00e1nica de Fluidos\" srcset=\"https:\/\/ai4s.blogs.upv.es\/wp-content\/uploads\/2021\/03\/IMG-20150715-WA0003.jpg 552w, https:\/\/ai4s.blogs.upv.es\/wp-content\/uploads\/2021\/03\/IMG-20150715-WA0003-300x225.jpg 300w\" sizes=\"(max-width: 552px) 100vw, 552px\" \/><\/p>\n<h3> Mec\u00e1nica de Fluidos<\/h3>\n<p><!--\/themify_builder_static--><\/p>\n","protected":false},"excerpt":{"rendered":"<p>En este espacio encontraras diferentes videos y simulaciones realizados por otros autores y que os adjuntamos con sus link originales para que pod\u00e1is entender mejor los diferentes fen\u00f3menos hidr\u00e1ulicos, elementos constitutivos de los sistemas hidr\u00e1ulicos o simplemente como mera curiosidad de la aplicaci\u00f3n pr\u00e1ctica desde la teoria impartida en nuestras asignaturas. Mec\u00e1nica de Fluidos Mec\u00e1nica [&hellip;]<\/p>\n","protected":false},"author":35003,"featured_media":0,"parent":319,"menu_order":0,"comment_status":"closed","ping_status":"closed","template":"","meta":{"om_disable_all_campaigns":false,"_monsterinsights_skip_tracking":false,"_monsterinsights_sitenote_active":false,"_monsterinsights_sitenote_note":"","_monsterinsights_sitenote_category":0,"footnotes":""},"class_list":["post-4386","page","type-page","status-publish","hentry","has-post-title","has-post-date","has-post-category","has-post-tag","has-post-comment","has-post-author",""],"_links":{"self":[{"href":"https:\/\/ai4s.blogs.upv.es\/index.php?rest_route=\/wp\/v2\/pages\/4386","targetHints":{"allow":["GET"]}}],"collection":[{"href":"https:\/\/ai4s.blogs.upv.es\/index.php?rest_route=\/wp\/v2\/pages"}],"about":[{"href":"https:\/\/ai4s.blogs.upv.es\/index.php?rest_route=\/wp\/v2\/types\/page"}],"author":[{"embeddable":true,"href":"https:\/\/ai4s.blogs.upv.es\/index.php?rest_route=\/wp\/v2\/users\/35003"}],"replies":[{"embeddable":true,"href":"https:\/\/ai4s.blogs.upv.es\/index.php?rest_route=%2Fwp%2Fv2%2Fcomments&post=4386"}],"version-history":[{"count":3,"href":"https:\/\/ai4s.blogs.upv.es\/index.php?rest_route=\/wp\/v2\/pages\/4386\/revisions"}],"predecessor-version":[{"id":6249,"href":"https:\/\/ai4s.blogs.upv.es\/index.php?rest_route=\/wp\/v2\/pages\/4386\/revisions\/6249"}],"up":[{"embeddable":true,"href":"https:\/\/ai4s.blogs.upv.es\/index.php?rest_route=\/wp\/v2\/pages\/319"}],"wp:attachment":[{"href":"https:\/\/ai4s.blogs.upv.es\/index.php?rest_route=%2Fwp%2Fv2%2Fmedia&parent=4386"}],"curies":[{"name":"wp","href":"https:\/\/api.w.org\/{rel}","templated":true}]}}