{"id":4404,"date":"2021-05-18T07:31:28","date_gmt":"2021-05-18T07:31:28","guid":{"rendered":"https:\/\/ai4s.blogs.upv.es\/?page_id=4404"},"modified":"2025-12-17T17:22:31","modified_gmt":"2025-12-17T17:22:31","slug":"videos-curiosidades-turbinas","status":"publish","type":"page","link":"https:\/\/ai4s.blogs.upv.es\/?page_id=4404","title":{"rendered":"Videos\/Curiosidades Turbinas"},"content":{"rendered":"<p><!--themify_builder_static--><\/p>\n<h3>Turbinas Acci\u00f3n<\/h3>\n<ul>\n<li>\n<h4>Turbina de Acci\u00f3n Pelton. Elementos<\/h4>\n<\/p>\n<\/li>\n<li>\n<h4>Turbina de Acci\u00f3n Pelton. CFD<\/h4>\n<\/p>\n<\/li>\n<li>\n<h4>Turbina de Acci\u00f3n Pelton. Central<\/h4>\n<\/p>\n<\/li>\n<li>\n<h4>Turbina de Acci\u00f3n. Turgo<\/h4>\n<\/p>\n<\/li>\n<\/ul>\n<h3>Turbinas Reacci\u00f3n<\/h3>\n<ul>\n<li>\n<h4>Turbina de Reacci\u00f3n Francis. Elementos<\/h4>\n<\/p>\n<\/li>\n<li>\n<h4>Turbina de Reacci\u00f3n Francis. CFD<\/h4>\n<\/p>\n<\/li>\n<li>\n<h4>Turbina de Reacci\u00f3n Francis. Central<\/h4>\n<\/p>\n<\/li>\n<li>\n<h4>Turbina de Reacci\u00f3n. Kaplan<\/h4>\n<\/p>\n<\/li>\n<li>\n<h4>Turbina de Reacci\u00f3n. Bulbo<\/h4>\n<\/p>\n<\/li>\n<\/ul>\n<h3>Otros <\/h3>\n<ul>\n<li>\n<h4>Arqu\u00edmedes<\/h4>\n<\/p>\n<\/li>\n<li>\n<h4>Flujo Cruzado<\/h4>\n<\/p>\n<\/li>\n<li>\n<h4>De v\u00f3rtice<\/h4>\n<\/p>\n<\/li>\n<li>\n<h4>Cin\u00e9ticas<\/h4>\n<\/p>\n<\/li>\n<\/ul>\n<p><!--\/themify_builder_static--><\/p>\n","protected":false},"excerpt":{"rendered":"<p>Turbinas Acci\u00f3n Turbina de Acci\u00f3n Pelton. Elementos Turbina de Acci\u00f3n Pelton. CFD Turbina de Acci\u00f3n Pelton. Central Turbina de Acci\u00f3n. Turgo Turbinas Reacci\u00f3n Turbina de Reacci\u00f3n Francis. Elementos Turbina de Reacci\u00f3n Francis. CFD Turbina de Reacci\u00f3n Francis. Central Turbina de Reacci\u00f3n. Kaplan Turbina de Reacci\u00f3n. Bulbo Otros Arqu\u00edmedes Flujo Cruzado De v\u00f3rtice Cin\u00e9ticas<\/p>\n","protected":false},"author":35003,"featured_media":0,"parent":4604,"menu_order":0,"comment_status":"closed","ping_status":"closed","template":"","meta":{"om_disable_all_campaigns":false,"_monsterinsights_skip_tracking":false,"_monsterinsights_sitenote_active":false,"_monsterinsights_sitenote_note":"","_monsterinsights_sitenote_category":0,"footnotes":""},"class_list":["post-4404","page","type-page","status-publish","hentry","has-post-title","has-post-date","has-post-category","has-post-tag","has-post-comment","has-post-author",""],"_links":{"self":[{"href":"https:\/\/ai4s.blogs.upv.es\/index.php?rest_route=\/wp\/v2\/pages\/4404","targetHints":{"allow":["GET"]}}],"collection":[{"href":"https:\/\/ai4s.blogs.upv.es\/index.php?rest_route=\/wp\/v2\/pages"}],"about":[{"href":"https:\/\/ai4s.blogs.upv.es\/index.php?rest_route=\/wp\/v2\/types\/page"}],"author":[{"embeddable":true,"href":"https:\/\/ai4s.blogs.upv.es\/index.php?rest_route=\/wp\/v2\/users\/35003"}],"replies":[{"embeddable":true,"href":"https:\/\/ai4s.blogs.upv.es\/index.php?rest_route=%2Fwp%2Fv2%2Fcomments&post=4404"}],"version-history":[{"count":2,"href":"https:\/\/ai4s.blogs.upv.es\/index.php?rest_route=\/wp\/v2\/pages\/4404\/revisions"}],"predecessor-version":[{"id":6292,"href":"https:\/\/ai4s.blogs.upv.es\/index.php?rest_route=\/wp\/v2\/pages\/4404\/revisions\/6292"}],"up":[{"embeddable":true,"href":"https:\/\/ai4s.blogs.upv.es\/index.php?rest_route=\/wp\/v2\/pages\/4604"}],"wp:attachment":[{"href":"https:\/\/ai4s.blogs.upv.es\/index.php?rest_route=%2Fwp%2Fv2%2Fmedia&parent=4404"}],"curies":[{"name":"wp","href":"https:\/\/api.w.org\/{rel}","templated":true}]}}