{"id":4461,"date":"2021-05-18T09:18:50","date_gmt":"2021-05-18T09:18:50","guid":{"rendered":"https:\/\/ai4s.blogs.upv.es\/videos-curiosidades-turbinas-copy\/"},"modified":"2025-12-17T11:05:37","modified_gmt":"2025-12-17T11:05:37","slug":"videos-curiosidades-bombasrotodinamicas","status":"publish","type":"page","link":"https:\/\/ai4s.blogs.upv.es\/?page_id=4461","title":{"rendered":"Videos\/Curiosidades Bombas Rotodin\u00e1micas"},"content":{"rendered":"<p><!--themify_builder_static--><\/p>\n<h3>Bombas Rotodin\u00e1micas<\/h3>\n<ul>\n<li>\n<h4>Bomba Rotodin\u00e1mica. Elementos<\/h4>\n<\/p>\n<\/li>\n<li>\n<h4>Bomba Rotodin\u00e1mica. CFD<\/h4>\n<\/p>\n<\/li>\n<\/ul>\n<p><!--\/themify_builder_static--><\/p>\n","protected":false},"excerpt":{"rendered":"<p>Bombas Rotodin\u00e1micas Bomba Rotodin\u00e1mica. Elementos Bomba Rotodin\u00e1mica. CFD<\/p>\n","protected":false},"author":35003,"featured_media":0,"parent":4604,"menu_order":0,"comment_status":"closed","ping_status":"closed","template":"","meta":{"om_disable_all_campaigns":false,"_monsterinsights_skip_tracking":false,"_monsterinsights_sitenote_active":false,"_monsterinsights_sitenote_note":"","_monsterinsights_sitenote_category":0,"footnotes":""},"class_list":["post-4461","page","type-page","status-publish","hentry","has-post-title","has-post-date","has-post-category","has-post-tag","has-post-comment","has-post-author",""],"_links":{"self":[{"href":"https:\/\/ai4s.blogs.upv.es\/index.php?rest_route=\/wp\/v2\/pages\/4461","targetHints":{"allow":["GET"]}}],"collection":[{"href":"https:\/\/ai4s.blogs.upv.es\/index.php?rest_route=\/wp\/v2\/pages"}],"about":[{"href":"https:\/\/ai4s.blogs.upv.es\/index.php?rest_route=\/wp\/v2\/types\/page"}],"author":[{"embeddable":true,"href":"https:\/\/ai4s.blogs.upv.es\/index.php?rest_route=\/wp\/v2\/users\/35003"}],"replies":[{"embeddable":true,"href":"https:\/\/ai4s.blogs.upv.es\/index.php?rest_route=%2Fwp%2Fv2%2Fcomments&post=4461"}],"version-history":[{"count":3,"href":"https:\/\/ai4s.blogs.upv.es\/index.php?rest_route=\/wp\/v2\/pages\/4461\/revisions"}],"predecessor-version":[{"id":6266,"href":"https:\/\/ai4s.blogs.upv.es\/index.php?rest_route=\/wp\/v2\/pages\/4461\/revisions\/6266"}],"up":[{"embeddable":true,"href":"https:\/\/ai4s.blogs.upv.es\/index.php?rest_route=\/wp\/v2\/pages\/4604"}],"wp:attachment":[{"href":"https:\/\/ai4s.blogs.upv.es\/index.php?rest_route=%2Fwp%2Fv2%2Fmedia&parent=4461"}],"curies":[{"name":"wp","href":"https:\/\/api.w.org\/{rel}","templated":true}]}}