{"id":4542,"date":"2021-05-18T10:48:36","date_gmt":"2021-05-18T10:48:36","guid":{"rendered":"https:\/\/ai4s.blogs.upv.es\/videos-curiosidades-regimen-transitorio-copy\/"},"modified":"2025-12-09T13:19:03","modified_gmt":"2025-12-09T13:19:03","slug":"videos-curiosidades-valvulas-regulacion","status":"publish","type":"page","link":"https:\/\/ai4s.blogs.upv.es\/?page_id=4542","title":{"rendered":"Videos\/Curiosidades V\u00e1vulas de Regulaci\u00f3n"},"content":{"rendered":"<p><!--themify_builder_static--><\/p>\n<h3>V\u00e1lvulas Regulaci\u00f3n<\/h3>\n<ul>\n<li>\n<h4>Reductora de Presi\u00f3n. Asiento Plano<\/h4>\n<p><iframe loading=\"lazy\" title=\"YouTube video player\" src=\"\/\/www.youtube.com\/embed\/XhOqm6T5CcE\" width=\"535\" height=\"400\" frameborder=\"0\" allowfullscreen=\"allowfullscreen\"><\/iframe><\/li>\n<li>\n<h4>V\u00e1vula Regulaci\u00f3n Paso Anular<\/h4>\n<p><iframe loading=\"lazy\" title=\"YouTube video player\" src=\"\/\/www.youtube.com\/embed\/svBFmv8n1f0\" width=\"535\" height=\"400\" frameborder=\"0\" allowfullscreen=\"allowfullscreen\"><\/iframe><\/li>\n<li>\n<h4>V\u00e1vula Regulaci\u00f3n Paso Anular (II)<\/h4>\n<p><iframe loading=\"lazy\" title=\"YouTube video player\" src=\"\/\/www.youtube.com\/embed\/AxBrdjarlXM\" width=\"535\" height=\"400\" frameborder=\"0\" allowfullscreen=\"allowfullscreen\"><\/iframe><\/li>\n<li>\n<h4>V\u00e1vula Regulaci\u00f3n Chorro Hueco Divergente<\/h4>\n<p><iframe loading=\"lazy\" title=\"YouTube video player\" src=\"\/\/www.youtube.com\/embed\/06yDlUMMkr8\" width=\"535\" height=\"400\" frameborder=\"0\" allowfullscreen=\"allowfullscreen\"><\/iframe><\/li>\n<li>\n<h4>V\u00e1vula Regulaci\u00f3n Chorro Hueco Divergente II<\/h4>\n<p><iframe loading=\"lazy\" title=\"YouTube video player\" src=\"\/\/www.youtube.com\/embed\/p5VcaAVicKg\" width=\"535\" height=\"400\" frameborder=\"0\" allowfullscreen=\"allowfullscreen\"><\/iframe><\/li>\n<li>\n<h4>V\u00e1lvula Compuerta<\/h4>\n<p><iframe loading=\"lazy\" title=\"YouTube video player\" src=\"\/\/www.youtube.com\/embed\/uN4RklyxDDA\" width=\"535\" height=\"400\" frameborder=\"0\" allowfullscreen=\"allowfullscreen\"><\/iframe><\/li>\n<\/ul>\n<p><iframe loading=\"lazy\" title=\"YouTube video player\" src=\"\/\/www.youtube.com\/embed\/XhOqm6T5CcE\" width=\"535\" height=\"400\" frameborder=\"0\" allowfullscreen=\"allowfullscreen\"><\/iframe><\/p>\n<p><iframe loading=\"lazy\" title=\"YouTube video player\" src=\"\/\/www.youtube.com\/embed\/svBFmv8n1f0\" width=\"535\" height=\"400\" frameborder=\"0\" allowfullscreen=\"allowfullscreen\"><\/iframe><\/p>\n<p><iframe loading=\"lazy\" title=\"YouTube video player\" src=\"\/\/www.youtube.com\/embed\/AxBrdjarlXM\" width=\"535\" height=\"400\" frameborder=\"0\" allowfullscreen=\"allowfullscreen\"><\/iframe><\/p>\n<p><iframe loading=\"lazy\" title=\"YouTube video player\" src=\"\/\/www.youtube.com\/embed\/06yDlUMMkr8\" width=\"535\" height=\"400\" frameborder=\"0\" allowfullscreen=\"allowfullscreen\"><\/iframe><\/p>\n<p><iframe loading=\"lazy\" title=\"YouTube video player\" src=\"\/\/www.youtube.com\/embed\/p5VcaAVicKg\" width=\"535\" height=\"400\" frameborder=\"0\" allowfullscreen=\"allowfullscreen\"><\/iframe><\/p>\n<p><iframe loading=\"lazy\" title=\"YouTube video player\" src=\"\/\/www.youtube.com\/embed\/uN4RklyxDDA\" width=\"535\" height=\"400\" frameborder=\"0\" allowfullscreen=\"allowfullscreen\"><\/iframe><\/p>\n<p><!--\/themify_builder_static--><\/p>\n","protected":false},"excerpt":{"rendered":"<p>V\u00e1lvulas Regulaci\u00f3n Reductora de Presi\u00f3n. Asiento Plano V\u00e1vula Regulaci\u00f3n Paso Anular V\u00e1vula Regulaci\u00f3n Paso Anular (II) V\u00e1vula Regulaci\u00f3n Chorro Hueco Divergente V\u00e1vula Regulaci\u00f3n Chorro Hueco Divergente II V\u00e1lvula Compuerta<\/p>\n","protected":false},"author":35003,"featured_media":0,"parent":4604,"menu_order":0,"comment_status":"closed","ping_status":"closed","template":"","meta":{"om_disable_all_campaigns":false,"_monsterinsights_skip_tracking":false,"_monsterinsights_sitenote_active":false,"_monsterinsights_sitenote_note":"","_monsterinsights_sitenote_category":0,"footnotes":""},"class_list":["post-4542","page","type-page","status-publish","hentry","has-post-title","has-post-date","has-post-category","has-post-tag","has-post-comment","has-post-author",""],"_links":{"self":[{"href":"https:\/\/ai4s.blogs.upv.es\/index.php?rest_route=\/wp\/v2\/pages\/4542","targetHints":{"allow":["GET"]}}],"collection":[{"href":"https:\/\/ai4s.blogs.upv.es\/index.php?rest_route=\/wp\/v2\/pages"}],"about":[{"href":"https:\/\/ai4s.blogs.upv.es\/index.php?rest_route=\/wp\/v2\/types\/page"}],"author":[{"embeddable":true,"href":"https:\/\/ai4s.blogs.upv.es\/index.php?rest_route=\/wp\/v2\/users\/35003"}],"replies":[{"embeddable":true,"href":"https:\/\/ai4s.blogs.upv.es\/index.php?rest_route=%2Fwp%2Fv2%2Fcomments&post=4542"}],"version-history":[{"count":4,"href":"https:\/\/ai4s.blogs.upv.es\/index.php?rest_route=\/wp\/v2\/pages\/4542\/revisions"}],"predecessor-version":[{"id":6159,"href":"https:\/\/ai4s.blogs.upv.es\/index.php?rest_route=\/wp\/v2\/pages\/4542\/revisions\/6159"}],"up":[{"embeddable":true,"href":"https:\/\/ai4s.blogs.upv.es\/index.php?rest_route=\/wp\/v2\/pages\/4604"}],"wp:attachment":[{"href":"https:\/\/ai4s.blogs.upv.es\/index.php?rest_route=%2Fwp%2Fv2%2Fmedia&parent=4542"}],"curies":[{"name":"wp","href":"https:\/\/api.w.org\/{rel}","templated":true}]}}