{"id":5264,"date":"2025-12-09T12:31:54","date_gmt":"2025-12-09T12:31:54","guid":{"rendered":"https:\/\/ai4s.blogs.upv.es\/?page_id=5264"},"modified":"2025-12-09T12:43:30","modified_gmt":"2025-12-09T12:43:30","slug":"sisifo-personas-modesto-perez-sanchez","status":"publish","type":"page","link":"https:\/\/ai4s.blogs.upv.es\/?page_id=5264","title":{"rendered":"Sisifo. Personas. Modesto P\u00e9rez S\u00e1nchez"},"content":{"rendered":"<p><!--themify_builder_static--><\/p>\n<h3> Modesto P\u00e9rez-S\u00e1nchez <\/h3>\n<p><strong><em>Modesto P\u00e9rez-S\u00e1nchez<\/em><\/strong>\u00a0es Doctor en Ingenier\u00eda Hidr\u00e1ulica y Medio Ambiente por la Universitat Polit\u00e8cnica de Val\u00e8ncia (Espa\u00f1a). Actualmente, es profesor en el Departamento de Ingenier\u00eda Hidr\u00e1ulica y Medio Ambiente (DIHMA) dentro del \u00e1rea de Ingenier\u00eda Hidr\u00e1ulica, \u00e1rea donde desarrolla su labor investigadora desde 2014. Actualmente, cuenta con un total de m\u00e1s de 30 participaciones art\u00edculos indexados, as\u00ed como congresos internacionales y nacionales. \u00a0En docencia, tiene diferentes publicaciones indexadas en revistas internacionales relacionadas con el \u00e1rea de ingenier\u00eda hidr\u00e1ulica, as\u00ed como publicaciones en congresos nacionales e internacionales, dentro del desarrollo de proyectos de innovaci\u00f3n educativa en el \u00e1rea de ingenier\u00eda hidr\u00e1ulica.<\/p>\n<p><!--\/themify_builder_static--><\/p>\n","protected":false},"excerpt":{"rendered":"<p>Modesto P\u00e9rez-S\u00e1nchez Modesto P\u00e9rez-S\u00e1nchez\u00a0es Doctor en Ingenier\u00eda Hidr\u00e1ulica y Medio Ambiente por la Universitat Polit\u00e8cnica de Val\u00e8ncia (Espa\u00f1a). Actualmente, es profesor en el Departamento de Ingenier\u00eda Hidr\u00e1ulica y Medio Ambiente (DIHMA) dentro del \u00e1rea de Ingenier\u00eda Hidr\u00e1ulica, \u00e1rea donde desarrolla su labor investigadora desde 2014. Actualmente, cuenta con un total de m\u00e1s de 30 participaciones [&hellip;]<\/p>\n","protected":false},"author":35003,"featured_media":0,"parent":5177,"menu_order":0,"comment_status":"closed","ping_status":"closed","template":"","meta":{"om_disable_all_campaigns":false,"_monsterinsights_skip_tracking":false,"_monsterinsights_sitenote_active":false,"_monsterinsights_sitenote_note":"","_monsterinsights_sitenote_category":0,"footnotes":""},"class_list":["post-5264","page","type-page","status-publish","hentry","has-post-title","has-post-date","has-post-category","has-post-tag","has-post-comment","has-post-author",""],"_links":{"self":[{"href":"https:\/\/ai4s.blogs.upv.es\/index.php?rest_route=\/wp\/v2\/pages\/5264","targetHints":{"allow":["GET"]}}],"collection":[{"href":"https:\/\/ai4s.blogs.upv.es\/index.php?rest_route=\/wp\/v2\/pages"}],"about":[{"href":"https:\/\/ai4s.blogs.upv.es\/index.php?rest_route=\/wp\/v2\/types\/page"}],"author":[{"embeddable":true,"href":"https:\/\/ai4s.blogs.upv.es\/index.php?rest_route=\/wp\/v2\/users\/35003"}],"replies":[{"embeddable":true,"href":"https:\/\/ai4s.blogs.upv.es\/index.php?rest_route=%2Fwp%2Fv2%2Fcomments&post=5264"}],"version-history":[{"count":2,"href":"https:\/\/ai4s.blogs.upv.es\/index.php?rest_route=\/wp\/v2\/pages\/5264\/revisions"}],"predecessor-version":[{"id":6118,"href":"https:\/\/ai4s.blogs.upv.es\/index.php?rest_route=\/wp\/v2\/pages\/5264\/revisions\/6118"}],"up":[{"embeddable":true,"href":"https:\/\/ai4s.blogs.upv.es\/index.php?rest_route=\/wp\/v2\/pages\/5177"}],"wp:attachment":[{"href":"https:\/\/ai4s.blogs.upv.es\/index.php?rest_route=%2Fwp%2Fv2%2Fmedia&parent=5264"}],"curies":[{"name":"wp","href":"https:\/\/api.w.org\/{rel}","templated":true}]}}