{"id":5291,"date":"2021-06-25T14:13:45","date_gmt":"2021-06-25T14:13:45","guid":{"rendered":"https:\/\/ai4s.blogs.upv.es\/?page_id=5291"},"modified":"2025-12-17T15:55:59","modified_gmt":"2025-12-17T15:55:59","slug":"modesto-perez-sanchez","status":"publish","type":"page","link":"https:\/\/ai4s.blogs.upv.es\/?page_id=5291","title":{"rendered":"Modesto P\u00e9rez-S\u00e1nchez"},"content":{"rendered":"<p><!--themify_builder_static--><\/p>\n<p><strong><em>Modesto P\u00e9rez-S\u00e1nchez<\/em><\/strong> es Doctor Internacional en Ingenier\u00eda del Agua y Medio Ambiente por la Universitat Polit\u00e8cnica de Val\u00e8ncia (Espa\u00f1a). Actualmente, es profesor en el Departamento de Ingenier\u00eda Hidr\u00e1ulica y Medio Ambiente (DIHMA) dentro del \u00e1rea de Ingenier\u00eda Hidr\u00e1ulica, \u00e1rea donde desarrolla su labor investigadora desde 2014. Actualmente, cuenta con un total de m\u00e1s de 30 participaciones art\u00edculos indexados, as\u00ed como congresos internacionales y nacionales. \u00a0En docencia, tiene diferentes publicaciones indexadas en revistas internacionales relacionadas con el \u00e1rea de ingenier\u00eda hidr\u00e1ulica, as\u00ed como publicaciones en congresos nacionales e internacionales, dentro del desarrollo de proyectos de innovaci\u00f3n educativa en el \u00e1rea de ingenier\u00eda hidr\u00e1ulica.<\/p>\n<p><!--\/themify_builder_static--><\/p>\n","protected":false},"excerpt":{"rendered":"<p>Modesto P\u00e9rez-S\u00e1nchez es Doctor Internacional en Ingenier\u00eda del Agua y Medio Ambiente por la Universitat Polit\u00e8cnica de Val\u00e8ncia (Espa\u00f1a). Actualmente, es profesor en el Departamento de Ingenier\u00eda Hidr\u00e1ulica y Medio Ambiente (DIHMA) dentro del \u00e1rea de Ingenier\u00eda Hidr\u00e1ulica, \u00e1rea donde desarrolla su labor investigadora desde 2014. Actualmente, cuenta con un total de m\u00e1s de 30 [&hellip;]<\/p>\n","protected":false},"author":35003,"featured_media":0,"parent":3451,"menu_order":0,"comment_status":"closed","ping_status":"closed","template":"","meta":{"om_disable_all_campaigns":false,"_monsterinsights_skip_tracking":false,"_monsterinsights_sitenote_active":false,"_monsterinsights_sitenote_note":"","_monsterinsights_sitenote_category":0,"footnotes":""},"class_list":["post-5291","page","type-page","status-publish","hentry","has-post-title","has-post-date","has-post-category","has-post-tag","has-post-comment","has-post-author",""],"_links":{"self":[{"href":"https:\/\/ai4s.blogs.upv.es\/index.php?rest_route=\/wp\/v2\/pages\/5291","targetHints":{"allow":["GET"]}}],"collection":[{"href":"https:\/\/ai4s.blogs.upv.es\/index.php?rest_route=\/wp\/v2\/pages"}],"about":[{"href":"https:\/\/ai4s.blogs.upv.es\/index.php?rest_route=\/wp\/v2\/types\/page"}],"author":[{"embeddable":true,"href":"https:\/\/ai4s.blogs.upv.es\/index.php?rest_route=\/wp\/v2\/users\/35003"}],"replies":[{"embeddable":true,"href":"https:\/\/ai4s.blogs.upv.es\/index.php?rest_route=%2Fwp%2Fv2%2Fcomments&post=5291"}],"version-history":[{"count":2,"href":"https:\/\/ai4s.blogs.upv.es\/index.php?rest_route=\/wp\/v2\/pages\/5291\/revisions"}],"predecessor-version":[{"id":6282,"href":"https:\/\/ai4s.blogs.upv.es\/index.php?rest_route=\/wp\/v2\/pages\/5291\/revisions\/6282"}],"up":[{"embeddable":true,"href":"https:\/\/ai4s.blogs.upv.es\/index.php?rest_route=\/wp\/v2\/pages\/3451"}],"wp:attachment":[{"href":"https:\/\/ai4s.blogs.upv.es\/index.php?rest_route=%2Fwp%2Fv2%2Fmedia&parent=5291"}],"curies":[{"name":"wp","href":"https:\/\/api.w.org\/{rel}","templated":true}]}}