{"id":5500,"date":"2025-12-09T12:31:54","date_gmt":"2025-12-09T12:31:54","guid":{"rendered":"https:\/\/ai4s.blogs.upv.es\/?page_id=5500"},"modified":"2025-12-16T15:46:38","modified_gmt":"2025-12-16T15:46:38","slug":"sisifo-articulos","status":"publish","type":"page","link":"https:\/\/ai4s.blogs.upv.es\/?page_id=5500","title":{"rendered":"SISIFO. Art\u00edculos"},"content":{"rendered":"<p><strong>2024<\/strong><\/p>\n<p>P\u00e9rez-S\u00e1nchez, Modesto; S\u00e1nchez-Romero, Francisco-Javier; Zapata Raboso, Francisco Antonio; L\u00f3pez Jim\u00e9nez, Petra Amparo; Ramos, Helena M.. (2024)\u00a0<i><strong>Zero discharge: An optimized strategy to improve the hydric deficit in the Mediterranean area by pumped hydro storage. Case study of Alicante, Spain<\/strong><\/i>. Agricultural Water Management (292)1 &#8211; 16.\u00a0<a href=\"https:\/\/doi.org\/10.1016\/j.agwat.2024.108684\" target=\"_doi\" rel=\"noopener\">10.1016\/j.agwat.2024.108684<\/a><\/p>\n<p>Garcia-Rodriguez, Camila Andrea; P\u00e9rez-S\u00e1nchez, Modesto; S\u00e1nchez-Romero, Francisco-Javier; L\u00f3pez Jim\u00e9nez, Petra Amparo; Ramos, Helena M.. (2024)\u00a0<i><strong>New strategies in wastewater treatment plants to evaluate the achievement of Sustainable Development Goals: a case study<\/strong><\/i>. Urban Water Journal &#8211; .\u00a0<a href=\"https:\/\/doi.org\/10.1080\/1573062X.2024.2323962\" target=\"_doi\" rel=\"noopener\">10.1080\/1573062X.2024.2323962<\/a><\/p>\n<p>Catelas, Joao M.R.; Fernandes, Jo\u00e3o F.P. ; P\u00e9rez-S\u00e1nchez, Modesto; L\u00f3pez Jim\u00e9nez, Petra Amparo; Ramos, Helena M.; Costa Branco, P.J. . (2024)\u00a0<i><strong>Energy Efficiency and Stability of Micro-Hydropower PAT-SEIG Systems for DC Off-Grids<\/strong><\/i>. Energies, 6 (17 ), &#8211; .\u00a0<a href=\"https:\/\/doi.org\/10.3390\/en17061382\" target=\"_doi\" rel=\"noopener\">10.3390\/en17061382<\/a><\/p>\n<p>Garc\u00eda-Espinal, Melvin Alfonso; P\u00e9rez-S\u00e1nchez, Modesto; S\u00e1nchez-Romero, Francisco-Javier; L\u00f3pez Jim\u00e9nez, Petra Amparo. (2024)\u00a0<i><strong>Irrigation Distribution Network Design Parameters and Their Influence on Sustainability Management<\/strong><\/i>. Water, 8 (16), &#8211; .\u00a0<a href=\"https:\/\/doi.org\/10.3390\/w16081131\" target=\"_doi\" rel=\"noopener\">10.3390\/w16081131<\/a><\/p>\n<p>Garcia-Rodriguez, Camila Andrea; L\u00f3pez Jim\u00e9nez, Petra Amparo; P\u00e9rez-S\u00e1nchez, Modesto; Sanchis, R.. (2024)\u00a0<i><strong>Methodology for assessing progress in sustainable development goals indicators in urban water systems. How far are we from the 2030 targets?\u00a0<\/strong><\/i>. Sustainable Cities and Society (Online) (112) &#8211; .\u00a0<a href=\"https:\/\/doi.org\/10.1016\/j.scs.2024.105616\" target=\"_doi\" rel=\"noopener\">10.1016\/j.scs.2024.105616<\/a><\/p>\n<p>Garc\u00eda-Espinal, Melvin Alfonso; S\u00e1nchez-Romero, Francisco-Javier; P\u00e9rez-S\u00e1nchez, Modesto; L\u00f3pez Jim\u00e9nez, Petra Amparo. (2024)\u00a0<i><strong>Enhancing Sustainability in Irrigation Networks: A Multicriteria Method for Optimizing Flow Distribution and Reducing Environmental Impact<\/strong><\/i>. Results in Engineering1 &#8211; 12.\u00a0<a href=\"https:\/\/doi.org\/10.1016\/j.rineng.2024.102609\" target=\"_doi\" rel=\"noopener\">10.1016\/j.rineng.2024.102609<\/a><\/p>\n<p>Miguel De Sousa Antunes Trindade Tavares ; P\u00e9rez-S\u00e1nchez, Modesto; Carraveta; Coronado-Hern\u00e1ndez, Oscar Enrique; L\u00f3pez Jim\u00e9nez, Petra Amparo; Ramos, Helena M.. (2024)\u00a0<i><strong>Smart Feasibility Optimization of Hybrid Renewable Water Supply Systems by Digital Twin Technologies: A Multicriteria Approach Applied to Isolated Cities<\/strong><\/i>. Sustainable Cities and Society (Online) &#8211; .\u00a0<a href=\"https:\/\/doi.org\/10.1016\/j.scs.2024.105834\" target=\"_doi\" rel=\"noopener\">10.1016\/j.scs.2024.105834<\/a><\/p>\n<p>Mart\u00ednez-Guijarro, M\u00aa Remedios; Paches Giner, Maria Aguas Vivas; L\u00f3pez Jim\u00e9nez, Petra Amparo; P\u00e9rez-S\u00e1nchez, Modesto. (2024)\u00a0<i><strong>What is the status of the European Union&#8217;s water resources and sanitation services when Sustainable Development Goals are evaluated?<\/strong><\/i>. Journal of Environmental Management, 37, 1 &#8211; 13.\u00a0<a href=\"https:\/\/doi.org\/10.1016\/j.jenvman.2024.122790\" target=\"_doi\" rel=\"noopener\">10.1016\/j.jenvman.2024.122790<\/a><\/p>\n<p>P\u00e9rez-S\u00e1nchez, Modesto; S\u00e1nchez-Romero, Francisco-Javier; Zapata Raboso, Francisco Antonio; Ramos, Helena M.. (2024)\u00a0<i><strong>A new optimized procedure for Circular WasteWater Sustainability: Coastal Cities Supporting Agricultural Rural Communities<\/strong><\/i>. Journal of Water Process Engineering, 24, &#8211; .\u00a0<a href=\"https:\/\/doi.org\/10.1016\/j.jwpe.2024.106351\" target=\"_doi\" rel=\"noopener\">10.1016\/j.jwpe.2024.106351<\/a><\/p>\n<p>Jo\u00e3o Coehlo; P\u00e9rez-S\u00e1nchez, Modesto; Coronado-Hern\u00e1ndez, Oscar Enrique; Mohsen Besharat; Rui-Lin Feng; Elias Tasca &#8230; Ramos, Helena M.. (2024)\u00a0<i><strong>Hydropneumatic Storage Methodology Towards a New Era of Hybrid Ener-gy System&#8217;s Efficiency and Flexibility<\/strong><\/i>. Results in Engineering1 &#8211; 14.\u00a0<a href=\"https:\/\/doi.org\/10.1016\/j.rineng.2024.103117\" target=\"_doi\" rel=\"noopener\">10.1016\/j.rineng.2024.103117<\/a><\/p>\n<p><strong>2023<\/strong><\/p>\n<p>Garcia-Rodriguez, Camila Andrea; L\u00f3pez Jim\u00e9nez, Petra Amparo; S\u00e1nchez-Romero, Francisco-Javier; P\u00e9rez-S\u00e1nchez, Modesto. (2023)\u00a0<strong><em>ASSESSING WATER URBAN SYSTEMS TO THE COMPLIANCE OF SDGs THROUGH SUSTAINABILITY INDICATORS. IMPLEMENTATION IN THE VALENCIAN COMMUNITY<\/em><\/strong>. Sustainable Cities and Society (Online) &#8211; .\u00a0<a href=\"https:\/\/doi.org\/10.1016\/j.scs.2023.104704\">10.1016\/j.scs.2023.104704<\/a><\/p>\n<p>Plua-Aguirre, Frank Alex; S\u00e1nchez-Romero, Francisco-Javier; Victor Hidalgo; L\u00f3pez Jim\u00e9nez, Petra Amparo; P\u00e9rez-S\u00e1nchez, Modesto. (2023)\u00a0<em>Variable Speed Control in PATs: Theoretical, Experimental and Numerical Modelling<\/em>. Water &#8211; .\u00a0<a href=\"https:\/\/doi.org\/10.3390\/w15101928\">10.3390\/w15101928<\/a><\/p>\n<p>Ll\u00e1cer-Iglesias, Rosa M.; L\u00f3pez Jim\u00e9nez, Petra Amparo; P\u00e9rez-S\u00e1nchez, Modesto. (2023)\u00a0<em>Exploring options for energy recovery from wastewater: Evaluation of hydropower potential in a sustainability framework<\/em>. Sustainable Cities and Society (Online) &#8211; .\u00a0<a href=\"https:\/\/doi.org\/10.1016\/j.scs.2023.104576\">10.1016\/j.scs.2023.104576<\/a><\/p>\n<p>Joseph D. Pineda-Sandoval; Delgado Galv\u00e1n, Xitlali Virginia; P\u00e9rez-S\u00e1nchez, Modesto; Ramos, Helena M.; Mora Rodr\u00edguez, Jos\u00e9 de Jes\u00fas; L\u00f3pez Jim\u00e9nez, Petra Amparo; Jose Antonio Arceniaga. (2023)\u00a0<em>Street Lighting and Charging Stations with PATs Location Applying Artificial Intelligence<\/em>. Water (15) &#8211; .\u00a0<a href=\"https:\/\/doi.org\/10.3390\/w15040616\">10.3390\/w15040616<\/a><\/p>\n<p>Ramos, Helena M.; Coronado-Hern\u00e1ndez, Oscar Enrique; Alban Kuriqui; L\u00f3pez Jim\u00e9nez, Petra Amparo; P\u00e9rez-S\u00e1nchez, Modesto. (2023)\u00a0<em>Are digital twins improving urban-water systems efficiency and sustainable development goals?<\/em>. Urban Water Journal &#8211; .\u00a0<a href=\"https:\/\/doi.org\/10.1080\/1573062X.2023.2180396\">10.1080\/1573062X.2023.2180396<\/a><\/p>\n<p><strong>2022<\/strong><\/p>\n<p>Mercedes-Garc\u00eda, \u00c1ngel Valent\u00edn; S\u00e1nchez-Romero, Francisco-Javier; L\u00f3pez Jim\u00e9nez, Petra Amparo; P\u00e9rez-S\u00e1nchez, Modesto. (2022) Is it possible to develop a green management strategy applied to water systems in isolated cities? An optimized case study in the Bahamas. Sustainable Cities and Society &#8211; <a href=\"https:\/\/doi.org\/10.1016\/j.scs.2022.104093\">10.1016\/j.scs.2022.104093<\/a><\/p>\n<p>Mercedes-Garc\u00eda, \u00c1ngel Valent\u00edn; S\u00e1nchez-Romero, Francisco-Javier; L\u00f3pez Jim\u00e9nez, Petra Amparo; P\u00e9rez-S\u00e1nchez, Modesto. (2022)\u00a0<i>A new optimization approach for the use of hybrid renewable systems in the search of the zero net energy consumption in water irrigation systems<\/i>. Renewable Energy \u2013 .\u00a0<a href=\"https:\/\/doi.org\/10.1016\/j.renene.2022.06.060\" target=\"_doi\" rel=\"noopener\">10.1016\/j.renene.2022.06.060<\/a><\/p>\n<p>Mac\u00edas-\u00c1vila, Carlos Andr\u00e9s; S\u00e1nchez-Romero, Francisco-Javier; L\u00f3pez Jim\u00e9nez, Petra Amparo; P\u00e9rez-S\u00e1nchez, Modesto. (2022)\u00a0<i>Improve leakage management to reach sustainable water supply networks through by green energy systems. Optimized case study<\/i>. Sustainable Cities and Society \u2013 .\u00a0<a href=\"https:\/\/doi.org\/10.1016\/j.scs.2022.103994\" target=\"_doi\" rel=\"noopener\">10.1016\/j.scs.2022.103994<\/a><\/p>\n<p>Helena M. Ramos; Silva-Santos, Rui; L\u00f3pez Jim\u00e9nez, Petra Amparo; P\u00e9rez-S\u00e1nchez, Modesto. (2022)\u00a0<i>Multi-objective optimization tool for PATs operation in water pressurized systems<\/i>. Urban Water Journal, 1 (1), 1 \u2013 11.\u00a0<a href=\"https:\/\/doi.org\/10.1080\/1573062X.2022.2048864\" target=\"_doi\" rel=\"noopener\">10.1080\/1573062X.2022.2048864<\/a><\/p>\n<p>Melvin Alfonso; Conejos Fuertes, Pilar; L\u00f3pez Jim\u00e9nez, Petra Amparo; P\u00e9rez-S\u00e1nchez, Modesto. (2022)\u00a0<i>Improvement of the Electrical Regulation of a Microhydropower System using aWater Management Tool<\/i>. Water, 1535 (14), 1 \u2013 15.\u00a0<a href=\"https:\/\/doi.org\/10.3390\/w14101535\" target=\"_doi\" rel=\"noopener\">10.3390\/w14101535<\/a><\/p>\n<p>Ramos, Helena M.; Carraveta; Morani, Maria Cristina; Oreste Fecarrotta; Kemi Adeyeye; L\u00f3pez Jim\u00e9nez, Petra Amparo; P\u00e9rez-S\u00e1nchez, Modesto. (2022)\u00a0<i>New Challenges towards Smart Systems\u0092 Efficiency by Digital Twin in Water Distribution Networks<\/i>. Water, 134 (14), \u2013 .\u00a0<a href=\"https:\/\/doi.org\/10.3390\/w14081304\" target=\"_doi\" rel=\"noopener\">10.3390\/w14081304<\/a><\/p>\n<p>&nbsp;<\/p>\n<p><strong>2021<\/strong><\/p>\n<p>Mac\u00edas-\u00c1vila, Carlos Andr\u00e9s; S\u00e1nchez-Romero, Francisco-Javier; L\u00f3pez Jim\u00e9nez, Petra Amparo; P\u00e9rez-S\u00e1nchez, Modesto. (2021) Optimization tool to improve the management of the leakages and recovered energy in irrigation water systems. Agricultural Water Management, 17223 (258), 1 &#8211; 13. 10.1016\/j.agwat.2021.107223<\/p>\n<p>Ll\u00e1cer-Iglesias, Rosa M.; L\u00f3pez Jim\u00e9nez, Petra Amparo; P\u00e9rez-S\u00e1nchez, Modesto. (2021) Energy Self-Sufficiency Aiming for Sustainable Wastewater Systems: Are All Options Being Explored?. Sustainability, 1 (13), 1 &#8211; 20. 10.3390\/su13105537<\/p>\n<p><!--themify_builder_static--><!--\/themify_builder_static--><\/p>\n","protected":false},"excerpt":{"rendered":"<p>2024 P\u00e9rez-S\u00e1nchez, Modesto; S\u00e1nchez-Romero, Francisco-Javier; Zapata Raboso, Francisco Antonio; L\u00f3pez Jim\u00e9nez, Petra Amparo; Ramos, Helena M.. (2024)\u00a0Zero discharge: An optimized strategy to improve the hydric deficit in the Mediterranean area by pumped hydro storage. Case study of Alicante, Spain. Agricultural Water Management (292)1 &#8211; 16.\u00a010.1016\/j.agwat.2024.108684 Garcia-Rodriguez, Camila Andrea; P\u00e9rez-S\u00e1nchez, Modesto; S\u00e1nchez-Romero, Francisco-Javier; L\u00f3pez Jim\u00e9nez, Petra [&hellip;]<\/p>\n","protected":false},"author":35003,"featured_media":0,"parent":5477,"menu_order":0,"comment_status":"closed","ping_status":"closed","template":"","meta":{"om_disable_all_campaigns":false,"_monsterinsights_skip_tracking":false,"_monsterinsights_sitenote_active":false,"_monsterinsights_sitenote_note":"","_monsterinsights_sitenote_category":0,"footnotes":""},"class_list":["post-5500","page","type-page","status-publish","hentry","has-post-title","has-post-date","has-post-category","has-post-tag","has-post-comment","has-post-author",""],"_links":{"self":[{"href":"https:\/\/ai4s.blogs.upv.es\/index.php?rest_route=\/wp\/v2\/pages\/5500","targetHints":{"allow":["GET"]}}],"collection":[{"href":"https:\/\/ai4s.blogs.upv.es\/index.php?rest_route=\/wp\/v2\/pages"}],"about":[{"href":"https:\/\/ai4s.blogs.upv.es\/index.php?rest_route=\/wp\/v2\/types\/page"}],"author":[{"embeddable":true,"href":"https:\/\/ai4s.blogs.upv.es\/index.php?rest_route=\/wp\/v2\/users\/35003"}],"replies":[{"embeddable":true,"href":"https:\/\/ai4s.blogs.upv.es\/index.php?rest_route=%2Fwp%2Fv2%2Fcomments&post=5500"}],"version-history":[{"count":3,"href":"https:\/\/ai4s.blogs.upv.es\/index.php?rest_route=\/wp\/v2\/pages\/5500\/revisions"}],"predecessor-version":[{"id":6025,"href":"https:\/\/ai4s.blogs.upv.es\/index.php?rest_route=\/wp\/v2\/pages\/5500\/revisions\/6025"}],"up":[{"embeddable":true,"href":"https:\/\/ai4s.blogs.upv.es\/index.php?rest_route=\/wp\/v2\/pages\/5477"}],"wp:attachment":[{"href":"https:\/\/ai4s.blogs.upv.es\/index.php?rest_route=%2Fwp%2Fv2%2Fmedia&parent=5500"}],"curies":[{"name":"wp","href":"https:\/\/api.w.org\/{rel}","templated":true}]}}