{"id":5521,"date":"2025-12-09T12:31:54","date_gmt":"2025-12-09T12:31:54","guid":{"rendered":"https:\/\/ai4s.blogs.upv.es\/?page_id=5521"},"modified":"2025-12-16T15:34:55","modified_gmt":"2025-12-16T15:34:55","slug":"sdghe","status":"publish","type":"page","link":"https:\/\/ai4s.blogs.upv.es\/?page_id=5521","title":{"rendered":"Sustainable Development Goals and the Hydraulic Engineering"},"content":{"rendered":"<h3 class=\"LC20lb MBeuO DKV0Md\"><img loading=\"lazy\" decoding=\"async\" class=\"size-full wp-image-5531 aligncenter\" src=\"https:\/\/ai4s.blogs.upv.es\/wp-content\/uploads\/2022\/04\/erasmus.png\" alt=\"\" width=\"341\" height=\"70\" \/><\/h3>\n<p>&nbsp;<\/p>\n<p>Este curso est\u00e1 establecido dentro del programa Erasmus STA, desarrollado en base al convenio entre la Universitat Polit\u00e8cnica de Val\u00e8ncia y la Universit\u00e0 degli Studi di Perugia<\/p>\n<h3 class=\"LC20lb MBeuO DKV0Md\"><img loading=\"lazy\" decoding=\"async\" class=\"wp-image-5532 alignleft\" src=\"https:\/\/ai4s.blogs.upv.es\/wp-content\/uploads\/2022\/04\/perugia.png\" alt=\"\" width=\"174\" height=\"79\" \/><img loading=\"lazy\" decoding=\"async\" class=\"wp-image-5533 alignright\" src=\"https:\/\/ai4s.blogs.upv.es\/wp-content\/uploads\/2022\/04\/upvdihma.png\" alt=\"\" width=\"298\" height=\"87\" \/><\/h3>\n<p><!--themify_builder_static--><\/p>\n<ul>\n<li>\n<h4>Profesores <\/h4>\n<\/p>\n<h4><a href=\"http:\/\/www.upv.es\/ficha-personal\/palopez\">P. Amparo L\u00f3pez-Jim\u00e9nez<\/a><\/h4>\n<\/p>\n<p>P<strong><em>. Amparo\u00a0<\/em><\/strong><a href=\"http:\/\/www.upv.es\/ficha-personal\/palopez\"><img loading=\"lazy\" decoding=\"async\" src=\"https:\/\/ai4s.blogs.upv.es\/wp-content\/uploads\/2021\/03\/PALJ.jpg\" alt=\"\" width=\"120\" height=\"122\" \/><\/a><strong><em>L\u00f3pez Jim\u00e9nez <\/em><\/strong>es Doctora Ingeniera Industrial en Ingenier\u00eda Hidr\u00e1ulica y Medio Ambiente por la Universitat Polit\u00e8cnica de Val\u00e8ncia (Espa\u00f1a). Actualmente, es Catedr\u00e1tica de Universidad en el Departamento de Ingenier\u00eda Hidr\u00e1ulica y Medio Ambiente (DIHMA), del que es directora. Desarrolla su docencia en investigaci\u00f3n en el \u00e1rea de Ingenier\u00eda Hidr\u00e1ulica, desde 1995. Actualmente, cuenta con un total de m\u00e1s de 60 participaciones art\u00edculos indexados, as\u00ed como congresos internacionales y nacionales en el \u00e1mbito de la investigaci\u00f3n en aspectos de modelaci\u00f3n de mec\u00e1nica y transporte de fluidos y maquinaria hidr\u00e1ulica. En docencia, tiene diferentes publicaciones indexadas en revistas internacionales relacionadas con el \u00e1rea de ingenier\u00eda hidr\u00e1ulica y mec\u00e1nica de fluidos, as\u00ed como publicaciones en congresos nacionales e internacionales, con la puesta en marcha de proyectos de innovaci\u00f3n educativa en su \u00e1rea.<\/p>\n<\/p>\n<h4><a href=\"http:\/\/www.upv.es\/ficha-personal\/mopesan1\"><em>Modesto P\u00e9rez-S\u00e1nchez<\/em><\/a><\/h4>\n<\/p>\n<p><a href=\"http:\/\/www.upv.es\/ficha-personal\/mopesan1\"><img loading=\"lazy\" decoding=\"async\" src=\"https:\/\/ai4s.blogs.upv.es\/wp-content\/uploads\/2021\/03\/mps.jpg\" alt=\"\" width=\"120\" height=\"150\" \/><\/a><\/p>\n<p><strong><em>Modesto P\u00e9rez-S\u00e1nchez<\/em><\/strong> es Doctor en Ingenier\u00eda Hidr\u00e1ulica y Medio Ambiente por la Universitat Polit\u00e8cnica de Val\u00e8ncia (Espa\u00f1a). Actualmente, es profesor en el Departamento de Ingenier\u00eda Hidr\u00e1ulica y Medio Ambiente (DIHMA) dentro del \u00e1rea de Ingenier\u00eda Hidr\u00e1ulica, \u00e1rea donde desarrolla su labor investigadora desde 2014. Actualmente, cuenta con un total de m\u00e1s de 30 participaciones art\u00edculos indexados, as\u00ed como congresos internacionales y nacionales. \u00a0En docencia, tiene diferentes publicaciones indexadas en revistas internacionales relacionadas con el \u00e1rea de ingenier\u00eda hidr\u00e1ulica, as\u00ed como publicaciones en congresos nacionales e internacionales, dentro del desarrollo de proyectos de innovaci\u00f3n educativa en el \u00e1rea de ingenier\u00eda hidr\u00e1ulica.<\/p>\n<\/p>\n<\/li>\n<\/ul>\n<ul>\n<li>\n<h4>Objetivos<\/h4>\n<p>Los objetivos del curso est\u00e1n enfocados a<\/p>\n<p>1- Conocer indicadores sostenibles para medir la evaluaci\u00f3n de los sistemas de agua. <br \/>2- Analizar la relaci\u00f3n entre los objetivos de desarrollo sostenible y los sistemas de distribuci\u00f3n de agua. <br \/>3- Conocer estrategias y herramientas para analizar la recuperaci\u00f3n de energ\u00eda en los sistemas de agua a presi\u00f3n como herramienta para mejorar la sostenibilidad.<\/p>\n<\/li>\n<\/ul>\n<ul>\n<li>\n<h4>Estructura de la formaci\u00f3n<\/h4>\n<\/p>\n<p>El seminario est\u00e1 conformado por una parte presencial y otra online donde se abordan los diferentes aspectos de la sostenibilidad y su relaci\u00f3n con la ingenier\u00eda hidr\u00e1ulica<\/p>\n<\/p>\n<\/li>\n<\/ul>\n<ul>\n<li>\n<h4>Formaci\u00f3n Presencial<\/h4>\n<\/li>\n<\/ul>\n<ul>\n<li>\n<h4>Formaci\u00f3n Online<\/h4>\n<p>En esta secci\u00f3n podr\u00e1s encontrar diferentes videos que muestran conceptos b\u00e1sicos ligados a la sostenibilidad y concretamente al uso de micromaquinaria para la mejora de la sostenibilidad en redes de distribuci\u00f3n.<\/p>\n<ol>\n<li><strong>Descarbonizaci\u00f3n en la ingenier\u00eda del agua. El camino hacia la sostenibilidad<\/strong><\/li>\n<\/ol>\n<p>[themify_button style=\u00bblarge yellow rounded\u00bb color=\u00bb#FF7FFF00&#8243; link=\u00bbhttps:\/\/media.upv.es\/#\/portal\/video\/af7a1110-aa9e-11ec-85a9-b151966bad73&#8243; text=\u00bb#FF0000FF\u00bb ]Decarbonisation in Water Engineering. The way to sustainability.[\/themify_button]<\/p>\n<p><strong>2. Mejora de la sostenibilidad en sistemas de distribuci\u00f3n de agua<\/strong><\/p>\n<p>[themify_button style=\u00bblarge yellow rounded\u00bb color=\u00bb#FF7FFF00&#8243; link=\u00bbhttps:\/\/media.upv.es\/#\/portal\/video\/db5bc7f0-aa9f-11ec-b931-056fe09e2b73&#8243; text=\u00bb#FF0000FF\u00bb ]Improving sustainability in water distribution systems.[\/themify_button]<\/p>\n<p><strong>3. Maquinar\u00eda Hidr\u00e1ulica para la generaci\u00f3n de energ\u00eda en sistemas de distribuci\u00f3n de agua<\/strong><\/p>\n<p>[themify_button style=\u00bblarge yellow rounded\u00bb color=\u00bb#FF7FFF00&#8243; link=\u00bbhttps:\/\/media.upv.es\/#\/portal\/video\/b6c20be0-ae80-11ec-9edb-45463ad15e62&#8243; text=\u00bb#FF0000FF\u00bb ]Hydraulic machinery. Energy conversion[\/themify_button]<\/p>\n<p><strong>4. Implementar bombas operando como turbinas en sistemas de distribuci\u00f3n de agua<\/strong><\/p>\n<p>[themify_button style=\u00bblarge yellow rounded\u00bb color=\u00bb#FF7FFF00&#8243; link=\u00bbhttps:\/\/media.upv.es\/#\/portal\/video\/c9ec2d10-ae83-11ec-8efc-137ab2d53a9c\u00bb text=\u00bb#FF0000FF\u00bb ]How to implement a Pump working As Turbine in a WDS operation?[\/themify_button]<\/p>\n<p><strong>5. Selecci\u00f3n de bombas operando como turbinas basadas en n\u00fameros adimensionales<\/strong><\/p>\n<p>[themify_button style=\u00bblarge yellow rounded\u00bb color=\u00bb#FF7FFF00&#8243; link=\u00bbhttps:\/\/media.upv.es\/#\/portal\/video\/3d04f7c0-ae82-11ec-8538-c3ded91a1242&#8243; text=\u00bb#FF0000FF\u00bb ]Selection of PATs based on BEP[\/themify_button]<\/p>\n<p><strong>6. Otros videos de inter\u00e9s de m\u00e1quinas hidr\u00e1ulicas<\/strong><\/p>\n<p>[themify_button style=\u00bblarge yellow rounded\u00bb color=\u00bb#FF7FFF00&#8243; link=\u00bbhttps:\/\/ai4s.blogs.upv.es\/publicaciones\/objetos-de-aprendizaje\/objetos-de-aprendizaje-mmhh\/\u00bb text=\u00bb#FF0000FF\u00bb ]M\u00e1quinas Hidr\u00e1ulicas. Bombas operando como turbinas[\/themify_button]<\/p>\n<p>\u00a0<\/p>\n<p><b>7. Otros videos de inter\u00e9s de sostenibilidad<\/b><\/p>\n<p>[themify_button style=\u00bblarge yellow rounded\u00bb color=\u00bb#FF7FFF00&#8243; link=\u00bbhttps:\/\/ai4s.blogs.upv.es\/publicaciones\/objetos-de-aprendizaje\/sostenibilidad\/sistemas-hidraulicos\/\u00bb text=\u00bb#FF0000FF\u00bb ]Sostenibilidad en redes hidr\u00e1ulicas[\/themify_button]<\/p>\n<\/li>\n<\/ul>\n<ul>\n<li>\n<h4>Referencias <\/h4>\n<p>Te invitamos a que puedas profundizar en temas de sostenibilidad en la ingenier\u00eda hidr\u00e1ulica en las diferentes publicaciones del grupo ai4s<\/p>\n<p>[themify_button style=\u00bblarge yellow rounded\u00bb color=\u00bb#FF7FFF00&#8243; link=\u00bbhttps:\/\/ai4s.blogs.upv.es\/publicaciones\/publicacionesinvestigacion\/articulosinvestigacion\/\u00bb text=\u00bb#FF0000FF\u00bb ]Publicaciones de inter\u00e9s[\/themify_button]<\/p>\n<\/li>\n<\/ul>\n<p><!--\/themify_builder_static--><\/p>\n","protected":false},"excerpt":{"rendered":"<p>&nbsp; Este curso est\u00e1 establecido dentro del programa Erasmus STA, desarrollado en base al convenio entre la Universitat Polit\u00e8cnica de Val\u00e8ncia y la Universit\u00e0 degli Studi di Perugia Profesores P. Amparo L\u00f3pez-Jim\u00e9nez P. Amparo\u00a0L\u00f3pez Jim\u00e9nez es Doctora Ingeniera Industrial en Ingenier\u00eda Hidr\u00e1ulica y Medio Ambiente por la Universitat Polit\u00e8cnica de Val\u00e8ncia (Espa\u00f1a). Actualmente, es Catedr\u00e1tica [&hellip;]<\/p>\n","protected":false},"author":35003,"featured_media":0,"parent":5083,"menu_order":0,"comment_status":"closed","ping_status":"closed","template":"","meta":{"om_disable_all_campaigns":false,"_monsterinsights_skip_tracking":false,"_monsterinsights_sitenote_active":false,"_monsterinsights_sitenote_note":"","_monsterinsights_sitenote_category":0,"footnotes":""},"class_list":["post-5521","page","type-page","status-publish","hentry","has-post-title","has-post-date","has-post-category","has-post-tag","has-post-comment","has-post-author",""],"_links":{"self":[{"href":"https:\/\/ai4s.blogs.upv.es\/index.php?rest_route=\/wp\/v2\/pages\/5521","targetHints":{"allow":["GET"]}}],"collection":[{"href":"https:\/\/ai4s.blogs.upv.es\/index.php?rest_route=\/wp\/v2\/pages"}],"about":[{"href":"https:\/\/ai4s.blogs.upv.es\/index.php?rest_route=\/wp\/v2\/types\/page"}],"author":[{"embeddable":true,"href":"https:\/\/ai4s.blogs.upv.es\/index.php?rest_route=\/wp\/v2\/users\/35003"}],"replies":[{"embeddable":true,"href":"https:\/\/ai4s.blogs.upv.es\/index.php?rest_route=%2Fwp%2Fv2%2Fcomments&post=5521"}],"version-history":[{"count":3,"href":"https:\/\/ai4s.blogs.upv.es\/index.php?rest_route=\/wp\/v2\/pages\/5521\/revisions"}],"predecessor-version":[{"id":6261,"href":"https:\/\/ai4s.blogs.upv.es\/index.php?rest_route=\/wp\/v2\/pages\/5521\/revisions\/6261"}],"up":[{"embeddable":true,"href":"https:\/\/ai4s.blogs.upv.es\/index.php?rest_route=\/wp\/v2\/pages\/5083"}],"wp:attachment":[{"href":"https:\/\/ai4s.blogs.upv.es\/index.php?rest_route=%2Fwp%2Fv2%2Fmedia&parent=5521"}],"curies":[{"name":"wp","href":"https:\/\/api.w.org\/{rel}","templated":true}]}}