{"id":5952,"date":"2024-06-25T13:31:56","date_gmt":"2024-06-25T13:31:56","guid":{"rendered":"https:\/\/ai4s.blogs.upv.es\/?page_id=5952"},"modified":"2025-12-09T13:23:19","modified_gmt":"2025-12-09T13:23:19","slug":"ai2024","status":"publish","type":"page","link":"https:\/\/ai4s.blogs.upv.es\/?page_id=5952","title":{"rendered":"AI2024"},"content":{"rendered":"<ol>\n<li>Garcia-Rodriguez, Camila Andrea; L\u00f3pez Jim\u00e9nez, Petra Amparo; P\u00e9rez-S\u00e1nchez, Modesto; Sanchis, R.. (2024)\u00a0<i><strong>Methodology for assessing progress in sustainable development goals indicators in urban water systems. How far are we from the 2030 targets?\u00a0<\/strong><\/i>. Sustainable Cities and Society (Online) (112) &#8211; .\u00a0<a href=\"https:\/\/doi.org\/10.1016\/j.scs.2024.105616\" target=\"_doi\" rel=\"noopener\">10.1016\/j.scs.2024.105616<\/a><\/li>\n<li>P\u00e9rez-S\u00e1nchez, Modesto; S\u00e1nchez-Romero, Francisco-Javier; Zapata Raboso, Francisco Antonio; L\u00f3pez Jim\u00e9nez, Petra Amparo; Ramos, Helena M.. (2024)\u00a0<i><strong>Zero discharge: An optimized strategy to improve the hydric deficit in the Mediterranean area by pumped hydro storage. Case study of Alicante, Spain<\/strong><\/i>. Agricultural Water Management (292)1 &#8211; 16.\u00a0<a href=\"https:\/\/doi.org\/10.1016\/j.agwat.2024.108684\" target=\"_doi\" rel=\"noopener\">10.1016\/j.agwat.2024.108684<\/a><\/li>\n<li>Garcia-Rodriguez, Camila Andrea; P\u00e9rez-S\u00e1nchez, Modesto; S\u00e1nchez-Romero, Francisco-Javier; L\u00f3pez Jim\u00e9nez, Petra Amparo; Ramos, Helena M.. (2024)\u00a0<i><strong>New strategies in wastewater treatment plants to evaluate the achievement of Sustainable Development Goals: a case study<\/strong><\/i>. Urban Water Journal &#8211; .\u00a0<a href=\"https:\/\/doi.org\/10.1080\/1573062X.2024.2323962\" target=\"_doi\" rel=\"noopener\">10.1080\/1573062X.2024.2323962<\/a><\/li>\n<li>Catelas, Joao M.R.; Fernandes, Jo\u00e3o F.P. ; P\u00e9rez-S\u00e1nchez, Modesto; L\u00f3pez Jim\u00e9nez, Petra Amparo; Ramos, Helena M.; Costa Branco, P.J. . (2024)\u00a0<i><strong>Energy Efficiency and Stability of Micro-Hydropower PAT-SEIG Systems for DC Off-Grids<\/strong><\/i>. Energies, 6 (17 ), &#8211; .\u00a0<a href=\"https:\/\/doi.org\/10.3390\/en17061382\" target=\"_doi\" rel=\"noopener\">10.3390\/en17061382<\/a><\/li>\n<li>Garc\u00eda-Espinal, Melvin Alfonso; P\u00e9rez-S\u00e1nchez, Modesto; S\u00e1nchez-Romero, Francisco-Javier; L\u00f3pez Jim\u00e9nez, Petra Amparo. (2024)\u00a0<i><strong>Irrigation Distribution Network Design Parameters and Their Influence on Sustainability Management<\/strong><\/i>. Water, 8 (16), &#8211; .\u00a0<a href=\"https:\/\/doi.org\/10.3390\/w16081131\" target=\"_doi\" rel=\"noopener\">10.3390\/w16081131<\/a><\/li>\n<li>Coronado-Hern\u00e1ndez, Oscar Enrique; P\u00e9rez-S\u00e1nchez, Modesto; Alfonso Arrieta-Pastrana; Fuertes-Miquel, Vicente S.; Coronado-Hernandez, Jairo; Edgar E. Qui\u00f1ones-Bola\u00f1os; Ramos, Helena M.. (2024)\u00a0<i><strong>Dynamic effects of a regulating valve in the assessment of water leakages in single pipelines<\/strong><\/i>. Water Resources Management &#8211; .\u00a0<a href=\"https:\/\/doi.org\/10.1007\/s11269-024-03797-w\" target=\"_doi\" rel=\"noopener\">10.1007\/s11269-024-03797-w<\/a><\/li>\n<li>Ramos, Helena M.; P\u00e9rez-S\u00e1nchez, Modesto; Mullur Gurupr, Prajwal Shandilya ; Carraveta, Armando; Kuriqui, Alban ; Coronado-Hern\u00e1ndez, Oscar Enrique &#8230; L\u00f3pez Jim\u00e9nez, Petra Amparo. (2024)\u00a0<i><strong>Energy Transition in Urban Water Infrastructures towards Sustainable Cities<\/strong><\/i>. Water, 3 (16), &#8211; .\u00a0<a href=\"https:\/\/doi.org\/10.3390\/w16030504\" target=\"_doi\" rel=\"noopener\">10.3390\/w16030504<\/a><\/li>\n<li>Miguel De Sousa Antunes Trindade Tavares ; P\u00e9rez-S\u00e1nchez, Modesto; Carraveta; Coronado-Hern\u00e1ndez, Oscar Enrique; L\u00f3pez Jim\u00e9nez, Petra Amparo; Ramos, Helena M.. (2024)\u00a0<i><strong>Smart Feasibility Optimization of Hybrid Renewable Water Supply Systems by Digital Twin Technologies: A Multicriteria Approach Applied to Isolated Cities<\/strong><\/i>. Sustainable Cities and Society (Online) &#8211; .\u00a0<a href=\"https:\/\/doi.org\/10.1016\/j.scs.2024.105834\" target=\"_doi\">10.1016\/j.scs.2024.105834<\/a><\/li>\n<li>P\u00e9rez-S\u00e1nchez, Modesto; S\u00e1nchez-Romero, Francisco-Javier; Zapata Raboso, Francisco Antonio; Ramos, Helena M.. (2024)\u00a0<i><strong>A new optimized procedure for Circular WasteWater Sustainability: Coastal Cities Supporting Agricultural Rural Communities<\/strong><\/i>. Journal of Water Process Engineering, 24, &#8211; .\u00a0<a href=\"https:\/\/doi.org\/10.1016\/j.jwpe.2024.106351\" target=\"_doi\">10.1016\/j.jwpe.2024.106351<\/a><\/li>\n<li>Garc\u00eda-Espinal, Melvin Alfonso; S\u00e1nchez-Romero, Francisco-Javier; P\u00e9rez-S\u00e1nchez, Modesto; L\u00f3pez Jim\u00e9nez, Petra Amparo. (2024)\u00a0<i><strong>Enhancing Sustainability in Irrigation Networks: A Multicriteria Method for Optimizing Flow Distribution and Reducing Environmental Impact<\/strong><\/i>. Results in Engineering, 23, &#8211; .\u00a0<a href=\"https:\/\/doi.org\/10.1016\/j.rineng.2024.102609\" target=\"_doi\">10.1016\/j.rineng.2024.102609<\/a><\/li>\n<li>Mart\u00ednez-Guijarro, M\u00aa Remedios; Paches Giner, Maria Aguas Vivas; L\u00f3pez Jim\u00e9nez, Petra Amparo; P\u00e9rez-S\u00e1nchez, Modesto. (2024)\u00a0<i><strong>What is the status of the European Union&#8217;s water resources and sanitation services when Sustainable Development Goals are evaluated?<\/strong><\/i>. Journal of Environmental Management, 37, 1 &#8211; 13.\u00a0<a href=\"https:\/\/doi.org\/10.1016\/j.jenvman.2024.122790\" target=\"_doi\">10.1016\/j.jenvman.2024.122790<\/a><\/li>\n<li>Abel; P\u00e9rez-S\u00e1nchez, Modesto; Victor Hugo Hidalgo; Ramos, Helena M.; S\u00e1nchez-Romero, Francisco-Javier. (2024)\u00a0<i><strong>Towards Sustainability in Hydraulic Machinery Manufacturing by 3D Printing<\/strong><\/i>. Processes , 12 (12), 1 &#8211; 26.\u00a0<a href=\"https:\/\/doi.org\/10.3390\/pr12122664\" target=\"_doi\">10.3390\/pr12122664<\/a><\/li>\n<li>Jo\u00e3o Coehlo; P\u00e9rez-S\u00e1nchez, Modesto; Coronado-Hern\u00e1ndez, Oscar Enrique; S\u00e1nchez-Romero, Francisco-Javier; Aonghus McNabola; Ramos, Helena M.. (2024)\u00a0<i><strong>Hybrid Renewable Systems for Small Energy Communities: What Is the Best Solution?<\/strong><\/i>. Applied Sciences, 14 (21), 1 &#8211; 26.\u00a0<a href=\"https:\/\/doi.org\/10.3390\/app142110052\" target=\"_doi\">10.3390\/app142110052<\/a><\/li>\n<li>Tavares, Miguel; P\u00e9rez-S\u00e1nchez, Modesto; Coronado-Hern\u00e1ndez, Oscar E.; Kuriqui, Alban; Ramos, Helena M.. (2024)\u00a0<i><strong>Defining and Mitigating Flow Instabilities in Open Channels Subjected to Hydropower Operation: Formulations and Experiments<\/strong><\/i>. Water, 16 (21), &#8211; .\u00a0<a href=\"https:\/\/doi.org\/10.3390\/w16213069\" target=\"_doi\">10.3390\/w16213069<\/a><\/li>\n<li>Jo\u00e3o Coehlo; P\u00e9rez-S\u00e1nchez, Modesto; Coronado-Hern\u00e1ndez, Oscar Enrique; Mohsen Besharat; Rui-Lin Feng; Elias Tasca &#8230; Ramos, Helena M.. (2024)\u00a0<i><strong>Hydropneumatic Storage Methodology Towards a New Era of Hybrid Ener-gy System&#8217;s Efficiency and Flexibility<\/strong><\/i>. Results in Engineering1 &#8211; 14.\u00a0<a href=\"https:\/\/doi.org\/10.1016\/j.rineng.2024.103117\" target=\"_doi\">10.1016\/j.rineng.2024.103117<\/a><\/li>\n<li>Paternina-Verona, Duban A.; Coronado-Hern\u00e1ndez, Oscar E.; P\u00e9rez-S\u00e1nchez, Modesto; Ramos, Helena M.. (2024)\u00a0<i><strong>Real-Time Analysis and Digital Twin Modeling for CFD-Based Air Valve Control During Filling Procedures<\/strong><\/i>. Water, 16 (21), &#8211; .\u00a0<a href=\"https:\/\/doi.org\/10.3390\/w16213015\" target=\"_doi\">10.3390\/w16213015<\/a><\/li>\n<li>Jo\u00e3o Coehlo; Alfonso B Alves; Coronado-Hern\u00e1ndez, Oscar Enrique; Jorge G Morillo; P\u00e9rez-S\u00e1nchez, Modesto; Ramos, Helena M.. (2024)\u00a0<i><strong>Hybrid Energy Solution to Improve Irrigation Systems: HY4RES vs. HOMER Optimization Models<\/strong><\/i>. Energies, 17 (16), &#8211; .\u00a0<a href=\"https:\/\/doi.org\/10.3390\/en17164037\" target=\"_doi\">10.3390\/en17164037<\/a><\/li>\n<li>Coehlo, Jo\u00e3o S. T.; van de Loo, Maaike; Rodr\u00edguez D\u00edaz, Juan Antonio; Coronado-Hern\u00e1ndez, Oscar E.; P\u00e9rez-S\u00e1nchez, Modesto; Ramos, Helena M.. (2024)\u00a0<i><strong>Multi-Objective and Multi-Variable Optimization Models of Hybrid Renewable Energy Solutions for Water\u0096Energy Nexus<\/strong><\/i>. Water, 16 (17), &#8211; .\u00a0<a href=\"https:\/\/doi.org\/10.3390\/w16172360\" target=\"_doi\">10.3390\/w16172360<\/a><\/li>\n<li>Ramos, Helena M.; Pina, Joao ; Coronado-Hern\u00e1ndez, Oscar Enrique; P\u00e9rez-S\u00e1nchez, Modesto; McNabola, Aonghus . (2024)\u00a0<i><strong>Conceptual Hybrid Energy Model for Different Power Potential Scales: Technical and Economic Approaches To be published in: Renewable Energy<\/strong><\/i>. Renewable Energy, 237 (a), &#8211; .\u00a0<a href=\"https:\/\/doi.org\/10.1016\/j.renene.2024.121486\" target=\"_doi\">10.1016\/j.renene.2024.121486<\/a><\/li>\n<li>Garc\u00eda-Espinal, Melvin Alfonso; P\u00e9rez-S\u00e1nchez, Modesto; S\u00e1nchez-Romero, Francisco-Javier; L\u00f3pez Jim\u00e9nez, Petra Amparo. (2024)\u00a0<i><strong>Irrigation Distribution Network Design Parameters and Their Influence on Sustainability Management<\/strong><\/i>. Water, 16 (8), &#8211; .\u00a0<a href=\"https:\/\/doi.org\/10.3390\/w16081131\" target=\"_doi\">10.3390\/w16081131<\/a><\/li>\n<li>Dalia M. Bonilla-Correa ; Coronado-Hern\u00e1ndez, Oscar Enrique; Arrieta-Pastrana A; P\u00e9rez-S\u00e1nchez, Modesto; Ramos, Helena M.. (2024)\u00a0<i><strong>Proposed Approach for Modelling the Thermodynamic Behaviour of Entrapped Air Pockets in Water Pipeline Start-Up<\/strong><\/i>. Fluids , 9 (8), &#8211; .\u00a0<a href=\"https:\/\/doi.org\/10.3390\/fluids9080185\" target=\"_doi\">10.3390\/fluids9080185<\/a><\/li>\n<li>Bonilla-Correa, Dalia M. ; Coronado-Hern\u00e1ndez, Oscar E.; Arrieta-Pastrana, Alfonso; Fuertes-Miquel, Vicente S.; P\u00e9rez-S\u00e1nchez, Modesto; Ramos, Helena M.. (2024)\u00a0<i><strong>Mathematical Approach for Directly Solving Air-water Interfaces in Water Emptying Processes<\/strong><\/i>. Water, 16 (22), 1 &#8211; 16.\u00a0<a href=\"https:\/\/doi.org\/10.3390\/w16223203\" target=\"_doi\">10.3390\/w16223203<\/a><\/li>\n<\/ol>\n<p><!--themify_builder_static--><!--\/themify_builder_static--><\/p>\n","protected":false},"excerpt":{"rendered":"<p>Garcia-Rodriguez, Camila Andrea; L\u00f3pez Jim\u00e9nez, Petra Amparo; P\u00e9rez-S\u00e1nchez, Modesto; Sanchis, R.. (2024)\u00a0Methodology for assessing progress in sustainable development goals indicators in urban water systems. How far are we from the 2030 targets?\u00a0. Sustainable Cities and Society (Online) (112) &#8211; .\u00a010.1016\/j.scs.2024.105616 P\u00e9rez-S\u00e1nchez, Modesto; S\u00e1nchez-Romero, Francisco-Javier; Zapata Raboso, Francisco Antonio; L\u00f3pez Jim\u00e9nez, Petra Amparo; Ramos, Helena M.. [&hellip;]<\/p>\n","protected":false},"author":35003,"featured_media":0,"parent":3939,"menu_order":0,"comment_status":"closed","ping_status":"closed","template":"","meta":{"om_disable_all_campaigns":false,"_monsterinsights_skip_tracking":false,"_monsterinsights_sitenote_active":false,"_monsterinsights_sitenote_note":"","_monsterinsights_sitenote_category":0,"footnotes":""},"class_list":["post-5952","page","type-page","status-publish","hentry","has-post-title","has-post-date","has-post-category","has-post-tag","has-post-comment","has-post-author",""],"_links":{"self":[{"href":"https:\/\/ai4s.blogs.upv.es\/index.php?rest_route=\/wp\/v2\/pages\/5952","targetHints":{"allow":["GET"]}}],"collection":[{"href":"https:\/\/ai4s.blogs.upv.es\/index.php?rest_route=\/wp\/v2\/pages"}],"about":[{"href":"https:\/\/ai4s.blogs.upv.es\/index.php?rest_route=\/wp\/v2\/types\/page"}],"author":[{"embeddable":true,"href":"https:\/\/ai4s.blogs.upv.es\/index.php?rest_route=\/wp\/v2\/users\/35003"}],"replies":[{"embeddable":true,"href":"https:\/\/ai4s.blogs.upv.es\/index.php?rest_route=%2Fwp%2Fv2%2Fcomments&post=5952"}],"version-history":[{"count":4,"href":"https:\/\/ai4s.blogs.upv.es\/index.php?rest_route=\/wp\/v2\/pages\/5952\/revisions"}],"predecessor-version":[{"id":6173,"href":"https:\/\/ai4s.blogs.upv.es\/index.php?rest_route=\/wp\/v2\/pages\/5952\/revisions\/6173"}],"up":[{"embeddable":true,"href":"https:\/\/ai4s.blogs.upv.es\/index.php?rest_route=\/wp\/v2\/pages\/3939"}],"wp:attachment":[{"href":"https:\/\/ai4s.blogs.upv.es\/index.php?rest_route=%2Fwp%2Fv2%2Fmedia&parent=5952"}],"curies":[{"name":"wp","href":"https:\/\/api.w.org\/{rel}","templated":true}]}}