{"id":82,"date":"2025-12-09T12:31:54","date_gmt":"2025-12-09T12:31:54","guid":{"rendered":"http:\/\/ai4s.blogs.upv.es\/?page_id=82"},"modified":"2025-12-17T12:21:22","modified_gmt":"2025-12-17T12:21:22","slug":"docencia","status":"publish","type":"page","link":"https:\/\/ai4s.blogs.upv.es\/?page_id=82","title":{"rendered":"Docencia"},"content":{"rendered":"\r\n<div>La docencia es parte de nuestros objetivos. La divulgaci\u00f3n de materiales a impartir en titulaciones en el marco de la docencia reglada, la preparaci\u00f3n de materiales online y de formaci\u00f3n a la carta son algunas de nuestras actividades docentes, realizadas siempre desde un marco Universitario.<\/div>\r\n<div>\u00a0<\/div>\r\n<div>\u00a0<\/div>\r\n\n\n<!--themify_builder_static--><a href=\"https:\/\/ai4s.blogs.upv.es\/docencia-reglada-upv\/\" > <img src=\"data:image\/svg+xml,%3Csvg%20xmlns=%27http:\/\/www.w3.org\/2000\/svg%27%20width='206'%20height='177'%20viewBox=%270%200%20206%20177%27%3E%3C\/svg%3E\" loading=\"lazy\" data-lazy=\"1\" data-tf-not-load=\"1\" style=\"background:linear-gradient(to right,#3e484e 25%,#88a3c7 25% 50%,#647b90 50% 75%,#decfb9 75%),linear-gradient(to right,#797a76 25%,#403922 25% 50%,#585a55 50% 75%,#afa29b 75%),linear-gradient(to right,#5a5a31 25%,#e9cfb7 25% 50%,#e8e7e3 50% 75%,#696933 75%),linear-gradient(to right,#b08a49 25%,#ccc9cb 25% 50%,#e7e7ea 50% 75%,#5a511a 75%)\" decoding=\"async\" width=\"206\" height=\"177\" data-tf-src=\"https:\/\/ai4s.blogs.upv.es\/wp-content\/uploads\/2021\/03\/docenciareglada.png\" title=\"docenciareglada\" alt=\"Docencia Reglada UPV\"><noscript><img decoding=\"async\" data-tf-not-load data-no-script src=\"https:\/\/ai4s.blogs.upv.es\/wp-content\/uploads\/2021\/03\/docenciareglada.png\" title=\"docenciareglada\" alt=\"Docencia Reglada UPV\"><\/noscript> <\/a> <h3> <a href=\"https:\/\/ai4s.blogs.upv.es\/docencia-reglada-upv\/\">Docencia Reglada UPV<\/a> <\/h3>\n<a href=\"https:\/\/ai4s.blogs.upv.es\/docencia\/docencia-a-la-carta\/\" > <img src=\"data:image\/svg+xml,%3Csvg%20xmlns=%27http:\/\/www.w3.org\/2000\/svg%27%20width='205'%20height='177'%20viewBox=%270%200%20205%20177%27%3E%3C\/svg%3E\" loading=\"lazy\" data-lazy=\"1\" data-tf-not-load=\"1\" style=\"background:linear-gradient(to right,#43526b 25%,#17120c 25% 50%,#4e6cac 50% 75%,#8b8283 75%),linear-gradient(to right,#7c706b 25%,#e2e7f8 25% 50%,#4a73b5 50% 75%,#978d8e 75%),linear-gradient(to right,#72655f 25%,#dae2ef 25% 50%,#e8ffff 50% 75%,#776d6e 75%),linear-gradient(to right,#675d56 25%,#e5eeef 25% 50%,#212d30 50% 75%,#7d726f 75%)\" decoding=\"async\" width=\"205\" height=\"177\" data-tf-src=\"https:\/\/ai4s.blogs.upv.es\/wp-content\/uploads\/2021\/03\/docenciaalacarta.png\" title=\"docenciaalacarta\" alt=\"Docencia a la Carta\"><noscript><img decoding=\"async\" data-tf-not-load data-no-script src=\"https:\/\/ai4s.blogs.upv.es\/wp-content\/uploads\/2021\/03\/docenciaalacarta.png\" title=\"docenciaalacarta\" alt=\"Docencia a la Carta\"><\/noscript> <\/a> <h3> <a href=\"https:\/\/ai4s.blogs.upv.es\/docencia\/docencia-a-la-carta\/\">Docencia a la Carta<\/a> <\/h3>\n<a href=\"https:\/\/ai4s.blogs.upv.es\/docencia\/docenciainternacional-2\/\" > <img src=\"data:image\/svg+xml,%3Csvg%20xmlns=%27http:\/\/www.w3.org\/2000\/svg%27%20width='206'%20height='177'%20viewBox=%270%200%20206%20177%27%3E%3C\/svg%3E\" loading=\"lazy\" data-lazy=\"1\" data-tf-not-load=\"1\" style=\"background:linear-gradient(to right,#61605b 25%,#ac9c88 25% 50%,#b5a28b 50% 75%,#807b70 75%),linear-gradient(to right,#9d8b6b 25%,#cbae82 25% 50%,#f8dead 50% 75%,#b99c74 75%),linear-gradient(to right,#564637 25%,#715c44 25% 50%,#efcf96 50% 75%,#645140 75%),linear-gradient(to right,#26231d 25%,#4a3a27 25% 50%,#c59d6a 50% 75%,#372d21 75%)\" decoding=\"async\" width=\"206\" height=\"177\" data-tf-src=\"https:\/\/ai4s.blogs.upv.es\/wp-content\/uploads\/2021\/03\/docenciainternacional.png\" title=\"docenciainternacional\" alt=\"Docencia Internacional\"><noscript><img decoding=\"async\" data-tf-not-load data-no-script src=\"https:\/\/ai4s.blogs.upv.es\/wp-content\/uploads\/2021\/03\/docenciainternacional.png\" title=\"docenciainternacional\" alt=\"Docencia Internacional\"><\/noscript> <\/a> <h3> <a href=\"https:\/\/ai4s.blogs.upv.es\/docencia\/docenciainternacional-2\/\">Docencia Internacional<\/a> <\/h3>\n<a href=\"https:\/\/ai4s.blogs.upv.es\/publicaciones\/objetos-de-aprendizaje\/\" > <img src=\"data:image\/svg+xml,%3Csvg%20xmlns=%27http:\/\/www.w3.org\/2000\/svg%27%20width='659'%20height='371'%20viewBox=%270%200%20659%20371%27%3E%3C\/svg%3E\" loading=\"lazy\" data-lazy=\"1\" data-tf-not-load=\"1\" style=\"background:linear-gradient(to right,#fffeff 25%,#ffffff 25% 50%,#fffeff 50% 75%,#fffeff 75%),linear-gradient(to right,#f1d4ea 25%,#fcfafc 25% 50%,#fbfafc 50% 75%,#fffeff 75%),linear-gradient(to right,#fffeff 25%,#fdf6fb 25% 50%,#f4f3f5 50% 75%,#2a1425 75%),linear-gradient(to right,#fffeff 25%,#edecee 25% 50%,#edecee 50% 75%,#1c0b12 75%)\" decoding=\"async\" width=\"659\" height=\"371\" data-tf-src=\"https:\/\/ai4s.blogs.upv.es\/wp-content\/uploads\/2021\/03\/objetosaprendizaje.png\" title=\"objetosaprendizaje\" alt=\"Docencia en Red\" data-tf-srcset=\"https:\/\/ai4s.blogs.upv.es\/wp-content\/uploads\/2021\/03\/objetosaprendizaje.png 659w, https:\/\/ai4s.blogs.upv.es\/wp-content\/uploads\/2021\/03\/objetosaprendizaje-300x169.png 300w\" data-tf-sizes=\"(max-width: 659px) 100vw, 659px\" \/><noscript><img decoding=\"async\" data-tf-not-load data-no-script src=\"https:\/\/ai4s.blogs.upv.es\/wp-content\/uploads\/2021\/03\/objetosaprendizaje.png\" title=\"objetosaprendizaje\" alt=\"Docencia en Red\" srcset=\"https:\/\/ai4s.blogs.upv.es\/wp-content\/uploads\/2021\/03\/objetosaprendizaje.png 659w, https:\/\/ai4s.blogs.upv.es\/wp-content\/uploads\/2021\/03\/objetosaprendizaje-300x169.png 300w\" sizes=\"(max-width: 659px) 100vw, 659px\" \/><\/noscript> <\/a> <h3> <a href=\"https:\/\/ai4s.blogs.upv.es\/publicaciones\/objetos-de-aprendizaje\/\">Docencia en Red<\/a> <\/h3><!--\/themify_builder_static-->","protected":false},"excerpt":{"rendered":"<p>La docencia es parte de nuestros objetivos. La divulgaci\u00f3n de materiales a impartir en titulaciones en el marco de la docencia reglada, la preparaci\u00f3n de materiales online y de formaci\u00f3n a la carta son algunas de nuestras actividades docentes, realizadas siempre desde un marco Universitario. \u00a0 \u00a0 Docencia Reglada UPV Docencia a la Carta Docencia [&hellip;]<\/p>\n","protected":false},"author":35003,"featured_media":0,"parent":0,"menu_order":2,"comment_status":"closed","ping_status":"closed","template":"","meta":{"om_disable_all_campaigns":false,"_monsterinsights_skip_tracking":false,"_monsterinsights_sitenote_active":false,"_monsterinsights_sitenote_note":"","_monsterinsights_sitenote_category":0,"footnotes":""},"class_list":["post-82","page","type-page","status-publish","hentry","has-post-title","has-post-date","has-post-category","has-post-tag","has-post-comment","has-post-author",""],"_links":{"self":[{"href":"https:\/\/ai4s.blogs.upv.es\/index.php?rest_route=\/wp\/v2\/pages\/82","targetHints":{"allow":["GET"]}}],"collection":[{"href":"https:\/\/ai4s.blogs.upv.es\/index.php?rest_route=\/wp\/v2\/pages"}],"about":[{"href":"https:\/\/ai4s.blogs.upv.es\/index.php?rest_route=\/wp\/v2\/types\/page"}],"author":[{"embeddable":true,"href":"https:\/\/ai4s.blogs.upv.es\/index.php?rest_route=\/wp\/v2\/users\/35003"}],"replies":[{"embeddable":true,"href":"https:\/\/ai4s.blogs.upv.es\/index.php?rest_route=%2Fwp%2Fv2%2Fcomments&post=82"}],"version-history":[{"count":4,"href":"https:\/\/ai4s.blogs.upv.es\/index.php?rest_route=\/wp\/v2\/pages\/82\/revisions"}],"predecessor-version":[{"id":6269,"href":"https:\/\/ai4s.blogs.upv.es\/index.php?rest_route=\/wp\/v2\/pages\/82\/revisions\/6269"}],"wp:attachment":[{"href":"https:\/\/ai4s.blogs.upv.es\/index.php?rest_route=%2Fwp%2Fv2%2Fmedia&parent=82"}],"curies":[{"name":"wp","href":"https:\/\/api.w.org\/{rel}","templated":true}]}}